{"id":105896,"date":"2021-02-09T00:00:00","date_gmt":"2021-02-08T23:00:00","guid":{"rendered":"http:\/\/gpl-love.com\/fr\/product\/wpml-wordpress-multilingue-compatibilite-outils-de-test-addon\/"},"modified":"2026-03-20T23:51:51","modified_gmt":"2026-03-20T22:51:51","slug":"wpml-wordpress-multilingual-compatibility-test-tools-addon","status":"publish","type":"product","link":"https:\/\/gpl-love.com\/fr\/produit\/wpml-wordpress-multilingual-compatibility-test-tools-addon\/","title":{"rendered":"WPML WordPress Multilingual Compatibility Test Tools Addon 1.0.1"},"content":{"rendered":"<h3>WPML WordPress Multilingual Compatibility Test Tools Addon Traits<\/h3>\n<p>Les outils de test de compatibilit\u00e9 multilingue WPML WordPress Addon, un plugin robuste sp\u00e9cialement con\u00e7u pour assurer une compatibilit\u00e9 compl\u00e8te entre votre site Web et WPML, un plugin multilingue tr\u00e8s populaire pour WordPress, est un atout inestimable. En utilisant cet addon exceptionnel, vous pouvez effectuer facilement des tests de compatibilit\u00e9 approfondie sur votre site Web, r\u00e9solvant rapidement les probl\u00e8mes qui peuvent survenir, garantissant ainsi une optimisation optimale pour divers publics multilingues. Offrant une gamme compl\u00e8te d&rsquo;outils de test inestimables, tels que la commutation linguistique, la d\u00e9tection du langage et le contenu sp\u00e9cifique \u00e0 la langue, ce plugin facilite la cr\u00e9ation transparente d&rsquo;un site Web vraiment inclusif \u00e0 l&rsquo;\u00e9chelle mondiale. Que vous soyez un blogueur comp\u00e9tent, un propri\u00e9taire d&rsquo;entreprise entreprenant ou un d\u00e9veloppeur chevronn\u00e9, le WPML WordPress Multantibual Test Tools Addon est un instrument indispensable pour fabriquer efficacement un site Web multilingue triomphant.<\/p>\n<ul>\n<li>S&rsquo;int\u00e8gre parfaitement au plugin WPML pour fournir des tests pr\u00e9cis de la compatibilit\u00e9 multilingue.<\/li>\n<li>Prend en charge un large \u00e9ventail de th\u00e8mes et de plugins pour assurer des tests complets pour tout site WordPress.<\/li>\n<li>Teste tous les aspects cl\u00e9s de la compatibilit\u00e9 multilingue, y compris la commutation linguistique, les traductions et les probl\u00e8mes d&rsquo;encodage.<\/li>\n<li>G\u00e9n\u00e8re des rapports d\u00e9taill\u00e9s mettant en \u00e9vidence tous les probl\u00e8mes ou conflits trouv\u00e9s lors des tests, permettant un d\u00e9pannage et une r\u00e9solution faciles.<\/li>\n<li>L&rsquo;interface conviviale facilite l&rsquo;ex\u00e9cution des tests et interpr\u00e9ter les r\u00e9sultats m\u00eame pour les utilisateurs non techniques.<\/li>\n<li>Les mises \u00e0 jour et le support r\u00e9guliers garantissent une compatibilit\u00e9 continue et des performances fiables.<\/li>\n<\/ul>\n","protected":false},"excerpt":{"rendered":"<p>Le WPML WordPress Mulilingual Compatibilit\u00e9 Test Tools Addon est un outil indispensable pour les personnes qui poss\u00e8dent un site Web WordPress et aspire pour s&rsquo;assurer que leur site est compatible avec de nombreuses langues. Cet addon fonctionne parfaitement aux c\u00f4t\u00e9s de WPML, vous permettant d&rsquo;\u00e9valuer la compatibilit\u00e9 de votre site avec diverses langues, en fin de compte dans la fourniture d&rsquo;une exp\u00e9rience plus conviviale pour vos visiteurs estim\u00e9s. Gr\u00e2ce \u00e0 son interface conviviale et ses fonctionnalit\u00e9s formidables, cet addon \u00e9limine efficacement les tracas associ\u00e9s \u00e0 l&rsquo;optimisation de votre site Web pour plusieurs langues. Alors pourquoi ne pas l&rsquo;essayer aujourd&rsquo;hui et \u00e9lever la convivialit\u00e9 mondiale de votre site WordPress \u00e0 des hauteurs sans pr\u00e9c\u00e9dent?<\/p>\n","protected":false},"featured_media":146287,"comment_status":"open","ping_status":"closed","template":"","meta":[],"product_brand":[2449],"product_cat":[1195,1181,1186],"product_tag":[1426],"class_list":{"0":"post-105896","1":"product","2":"type-product","3":"status-publish","4":"has-post-thumbnail","6":"product_brand-wpml","7":"product_cat-multilangue","8":"product_cat-plugins","9":"product_cat-wordpress-plugins","10":"product_tag-wpml","11":"member-discount","12":"discount-restricted","14":"first","15":"instock","16":"sale","17":"downloadable","18":"virtual","19":"sold-individually","20":"purchasable","21":"product-type-simple"},"_links":{"self":[{"href":"https:\/\/gpl-love.com\/fr\/wp-json\/wp\/v2\/product\/105896","targetHints":{"allow":["GET"]}}],"collection":[{"href":"https:\/\/gpl-love.com\/fr\/wp-json\/wp\/v2\/product"}],"about":[{"href":"https:\/\/gpl-love.com\/fr\/wp-json\/wp\/v2\/types\/product"}],"replies":[{"embeddable":true,"href":"https:\/\/gpl-love.com\/fr\/wp-json\/wp\/v2\/comments?post=105896"}],"wp:featuredmedia":[{"embeddable":true,"href":"https:\/\/gpl-love.com\/fr\/wp-json\/wp\/v2\/media\/146287"}],"wp:attachment":[{"href":"https:\/\/gpl-love.com\/fr\/wp-json\/wp\/v2\/media?parent=105896"}],"wp:term":[{"taxonomy":"product_brand","embeddable":true,"href":"https:\/\/gpl-love.com\/fr\/wp-json\/wp\/v2\/product_brand?post=105896"},{"taxonomy":"product_cat","embeddable":true,"href":"https:\/\/gpl-love.com\/fr\/wp-json\/wp\/v2\/product_cat?post=105896"},{"taxonomy":"product_tag","embeddable":true,"href":"https:\/\/gpl-love.com\/fr\/wp-json\/wp\/v2\/product_tag?post=105896"}],"curies":[{"name":"wp","href":"https:\/\/api.w.org\/{rel}","templated":true}]}}