{"id":105894,"date":"2026-05-09T00:00:00","date_gmt":"2026-05-08T22:00:00","guid":{"rendered":"http:\/\/gpl-love.com\/fr\/product\/wpml-wordpress-multilingue-cms-wordpress-plugin\/"},"modified":"2026-05-09T06:30:46","modified_gmt":"2026-05-09T04:30:46","slug":"wpml-wordpress-multilingual-cms-wordpress-plugin","status":"publish","type":"product","link":"https:\/\/gpl-love.com\/fr\/produit\/wpml-wordpress-multilingual-cms-wordpress-plugin\/","title":{"rendered":"WPML WordPress Multilingual CMS WordPress Plugin 4.9.3"},"content":{"rendered":"<h3>WPML WordPress Multilingual CMS WordPress Plugin Traits<\/h3>\n<p>Le plugin WPML WordPress CMS CMS CMS, pr\u00e9sent\u00e9 comme une puissance dans son domaine, est d\u00e9lib\u00e9r\u00e9ment adapt\u00e9 \u00e0 la facilitation de la cr\u00e9ation de sites Web multilingues par les entreprises et les individus. Ce plugin remarquable accorde aux utilisateurs la capacit\u00e9 de traduire sans effort leur contenu de site Web dans un \u00e9ventail de langues, \u00e9largissant ainsi son accessibilit\u00e9 \u00e0 une d\u00e9mographie plus \u00e9tendue. B\u00e9n\u00e9ficiant d&rsquo;une pl\u00e9thore de fonctionnalit\u00e9s de pointe, telles que la traduction automatis\u00e9e, les commutateurs de langue et les URL sp\u00e9cifiques \u00e0 la langue, WPML rationalise le processus souvent ardu pour \u00e9tablir et maintenir un site Web multilingue. En outre, son int\u00e9gration transparente avec une multitude d&rsquo;autres plugins WordPress augmente encore sa polyvalence, ce qui s&rsquo;av\u00e8re \u00eatre une option optimale pour tout propri\u00e9taire de site Web cherchant \u00e0 \u00e9tendre leur empreinte num\u00e9rique. Que ses aspirations impliquent la gestion d&rsquo;un blog, d&rsquo;un empire de commerce \u00e9lectronique ou d&rsquo;un simple d\u00e9sir de se connecter avec un public mondial, le plugin WPML WordPress CMS CMS WordPress appara\u00eet ind\u00e9niablement comme un concurrent exceptionnel pour la r\u00e9alisation d&rsquo;un site Web magnifiquement multilingue.<\/p>\n<ul>\n<li>Permet aux propri\u00e9taires de sites Web de cr\u00e9er du contenu en plusieurs langues sur leur site WordPress<\/li>\n<li>Prend en charge plus de 40 langues, y compris les langues RTL (de droite \u00e0 gauche) telles que l&rsquo;arabe et l&rsquo;h\u00e9breu<\/li>\n<li>D\u00e9tecte automatiquement la langue de chaque visiteur et affiche la version linguistique appropri\u00e9e du site Web<\/li>\n<li>Fournit un commutateur de langue personnalisable pour permettre aux visiteurs de choisir leur langue pr\u00e9f\u00e9r\u00e9e sur le site Web<\/li>\n<li>Permet la traduction de tous les contenus du site Web, y compris les pages, les publications, les widgets, les menus et les types de messages personnalis\u00e9s<\/li>\n<li>Fonctionne avec des th\u00e8mes et des plugins populaires WordPress, y compris WooCommerce et Yoast SEO<\/li>\n<li>Offre un syst\u00e8me de gestion des traductions pour g\u00e9rer les traductions par des traducteurs professionnels ou m\u00eame des services de traduction automatique<\/li>\n<li>Fournit une prise en charge et des mises \u00e0 jour pour les utilisateurs abonn\u00e9s pour s&rsquo;assurer que le plugin reste \u00e0 jour avec la derni\u00e8re version WordPress et les correctifs de s\u00e9curit\u00e9.<\/li>\n<\/ul>\n","protected":false},"excerpt":{"rendered":"<p>Le plugin WPML WordPress CMS CMS CMS, \u00e9tant un outil indispensable pour les propri\u00e9taires de sites Web qui visent \u00e0 \u00e9tendre leur port\u00e9e \u00e0 un public mondial, vous permet de cr\u00e9er et de superviser sans effort le contenu multilingue sur votre site Web WordPress. Non seulement vous pouvez traduire de mani\u00e8re transparente vos pages, publications et m\u00eame les types de publication et la taxonomie personnalis\u00e9s, mais vous pouvez \u00e9galement profiter d&rsquo;un vaste gamme d&rsquo;outils de gestion de la traduction inclus dans WPML. Ces outils facilitent la gestion rationalis\u00e9e de vos traductions, garantissant que votre contenu reste toujours pr\u00e9cis et \u00e0 jour. Il importe que vous poss\u00e9diez un petit blog ou un magasin de commerce \u00e9lectronique colossal, car WPML s&rsquo;adresse \u00e0 tous, offrant la solution id\u00e9ale pour fabriquer un site Web multilingue qui captive et \u00e9tablit efficacement un lien avec votre public cible dans leur langue maternelle.<\/p>\n","protected":false},"featured_media":146286,"comment_status":"open","ping_status":"closed","template":"","meta":[],"product_brand":[2449],"product_cat":[1195,1181,1186],"product_tag":[1426],"class_list":{"0":"post-105894","1":"product","2":"type-product","3":"status-publish","4":"has-post-thumbnail","6":"product_brand-wpml","7":"product_cat-multilangue","8":"product_cat-plugins","9":"product_cat-wordpress-plugins","10":"product_tag-wpml","11":"member-discount","12":"discount-restricted","14":"first","15":"instock","16":"sale","17":"downloadable","18":"virtual","19":"sold-individually","20":"purchasable","21":"product-type-simple"},"_links":{"self":[{"href":"https:\/\/gpl-love.com\/fr\/wp-json\/wp\/v2\/product\/105894","targetHints":{"allow":["GET"]}}],"collection":[{"href":"https:\/\/gpl-love.com\/fr\/wp-json\/wp\/v2\/product"}],"about":[{"href":"https:\/\/gpl-love.com\/fr\/wp-json\/wp\/v2\/types\/product"}],"replies":[{"embeddable":true,"href":"https:\/\/gpl-love.com\/fr\/wp-json\/wp\/v2\/comments?post=105894"}],"wp:featuredmedia":[{"embeddable":true,"href":"https:\/\/gpl-love.com\/fr\/wp-json\/wp\/v2\/media\/146286"}],"wp:attachment":[{"href":"https:\/\/gpl-love.com\/fr\/wp-json\/wp\/v2\/media?parent=105894"}],"wp:term":[{"taxonomy":"product_brand","embeddable":true,"href":"https:\/\/gpl-love.com\/fr\/wp-json\/wp\/v2\/product_brand?post=105894"},{"taxonomy":"product_cat","embeddable":true,"href":"https:\/\/gpl-love.com\/fr\/wp-json\/wp\/v2\/product_cat?post=105894"},{"taxonomy":"product_tag","embeddable":true,"href":"https:\/\/gpl-love.com\/fr\/wp-json\/wp\/v2\/product_tag?post=105894"}],"curies":[{"name":"wp","href":"https:\/\/api.w.org\/{rel}","templated":true}]}}