{"id":105892,"date":"2021-02-09T00:00:00","date_gmt":"2021-02-08T23:00:00","guid":{"rendered":"http:\/\/gpl-love.com\/fr\/product\/wpml-wordpress-multilingue-cms-navigation-addon\/"},"modified":"2026-03-20T23:51:49","modified_gmt":"2026-03-20T22:51:49","slug":"wpml-wordpress-multilingual-cms-navigation-addon","status":"publish","type":"product","link":"https:\/\/gpl-love.com\/fr\/produit\/wpml-wordpress-multilingual-cms-navigation-addon\/","title":{"rendered":"WPML WordPress Multilingual CMS Navigation AddOn 1.5.5"},"content":{"rendered":"<h3>WPML WordPress Multilingual CMS Navigation AddOn Traits<\/h3>\n<p>L&rsquo;addon de navigation CMS multilingue WPML WordPress, un outil de puissance significatif, sert \u00e0 am\u00e9liorer l&rsquo;exp\u00e9rience de navigation sur votre site Web WordPress multilingue. En utilisant ce module compl\u00e9mentaire, vous gagnez la possibilit\u00e9 de construire des menus de navigation personnalis\u00e9s dans diverses langues qui s&rsquo;int\u00e8grent sans effort aux capacit\u00e9s de traduction de WPML. Par cons\u00e9quent, les visiteurs de votre site Web ont la capacit\u00e9 transparente de naviguer dans votre site dans leur langue pr\u00e9f\u00e9r\u00e9e, augmentant ainsi leur exp\u00e9rience utilisateur et favorisant une augmentation de l&rsquo;engagement. B\u00e9n\u00e9ficiant d&rsquo;un processus d&rsquo;installation et d&rsquo;utilisation \u00e0 la fois sans effort et sans effort, l&rsquo;addon de navigation CMS multilingue WPML WordPress s&rsquo;av\u00e8re \u00eatre la solution id\u00e9ale pour tout site Web WordPress multilingue cherchant \u00e0 affiner sa navigation.<\/p>\n<ul>\n<li>Permet aux propri\u00e9taires de sites Web de naviguer facilement entre les diff\u00e9rentes versions linguistiques de leur site Web<\/li>\n<li>Int\u00e9gre parfaitement avec WPML WordPress CMS multilingues<\/li>\n<li>Offre une vari\u00e9t\u00e9 d&rsquo;options de navigation, y compris des commutateurs de langue, des drapeaux ou des menus d\u00e9roulants<\/li>\n<li>Fournit une interface conviviale qui est facile \u00e0 configurer et \u00e0 personnaliser<\/li>\n<li>Augmente l&rsquo;exp\u00e9rience utilisateur et l&rsquo;engagement en fournissant des options de navigation claires dans le langage pr\u00e9f\u00e9r\u00e9 de l&rsquo;utilisateur<\/li>\n<li>Am\u00e9liore la visibilit\u00e9 du site Web sur les moteurs de recherche en fournissant des URL sp\u00e9cifiques \u00e0 la langue et un balisage de la langue<\/li>\n<li>Prend en charge les langues RTL (droite \u00e0 gauche), y compris l&rsquo;arabe et l&rsquo;h\u00e9breu<\/li>\n<li>Offre un support technique et des mises \u00e0 jour pour assurer la compatibilit\u00e9 avec la derni\u00e8re version de WordPress et WPML<\/li>\n<\/ul>\n","protected":false},"excerpt":{"rendered":"<p>Exp\u00e9rience de la navigation am\u00e9lior\u00e9e du site Web en incorporant l&rsquo;addon de navigation CMS multilingue WPML WordPress, un outil remarquable qui s&rsquo;int\u00e8gre de mani\u00e8re transparente \u00e0 WPML. Cet outil exceptionnel vous permet de construire sans effort des menus sp\u00e9cifiques \u00e0 la langue, d&rsquo;optimiser la navigation sur le site pour r\u00e9pondre \u00e0 diverses langues et amplifier la convivialit\u00e9 globale pour votre public international. Peu importe que vous op\u00e9rez une entreprise de commerce \u00e9lectronique ou une plate-forme d&rsquo;information mondiale, l&rsquo;addon de navigation WPML augmentera certainement l&rsquo;exp\u00e9rience utilisateur et propulser l&rsquo;engagement \u00e0 des hauteurs sans pr\u00e9c\u00e9dent. Pascez pas de temps et acquisez cet outil exceptionnel aujourd&rsquo;hui pour \u00e9lever votre site Web multilingue \u00e0 un tout nouvel \u00e9chelon.<\/p>\n","protected":false},"featured_media":146285,"comment_status":"open","ping_status":"closed","template":"","meta":[],"product_brand":[2449],"product_cat":[1195,1181,1186],"product_tag":[1426],"class_list":{"0":"post-105892","1":"product","2":"type-product","3":"status-publish","4":"has-post-thumbnail","6":"product_brand-wpml","7":"product_cat-multilangue","8":"product_cat-plugins","9":"product_cat-wordpress-plugins","10":"product_tag-wpml","11":"member-discount","12":"discount-restricted","14":"first","15":"instock","16":"sale","17":"downloadable","18":"virtual","19":"sold-individually","20":"purchasable","21":"product-type-simple"},"_links":{"self":[{"href":"https:\/\/gpl-love.com\/fr\/wp-json\/wp\/v2\/product\/105892","targetHints":{"allow":["GET"]}}],"collection":[{"href":"https:\/\/gpl-love.com\/fr\/wp-json\/wp\/v2\/product"}],"about":[{"href":"https:\/\/gpl-love.com\/fr\/wp-json\/wp\/v2\/types\/product"}],"replies":[{"embeddable":true,"href":"https:\/\/gpl-love.com\/fr\/wp-json\/wp\/v2\/comments?post=105892"}],"wp:featuredmedia":[{"embeddable":true,"href":"https:\/\/gpl-love.com\/fr\/wp-json\/wp\/v2\/media\/146285"}],"wp:attachment":[{"href":"https:\/\/gpl-love.com\/fr\/wp-json\/wp\/v2\/media?parent=105892"}],"wp:term":[{"taxonomy":"product_brand","embeddable":true,"href":"https:\/\/gpl-love.com\/fr\/wp-json\/wp\/v2\/product_brand?post=105892"},{"taxonomy":"product_cat","embeddable":true,"href":"https:\/\/gpl-love.com\/fr\/wp-json\/wp\/v2\/product_cat?post=105892"},{"taxonomy":"product_tag","embeddable":true,"href":"https:\/\/gpl-love.com\/fr\/wp-json\/wp\/v2\/product_tag?post=105892"}],"curies":[{"name":"wp","href":"https:\/\/api.w.org\/{rel}","templated":true}]}}