{"id":105890,"date":"2025-08-12T00:00:00","date_gmt":"2025-08-11T22:00:00","guid":{"rendered":"http:\/\/gpl-love.com\/fr\/product\/wpml-wordpress-multilingue-tous-importation-addon\/"},"modified":"2026-03-20T23:51:58","modified_gmt":"2026-03-20T22:51:58","slug":"wpml-wordpress-multilingual-wp-all-import-addon","status":"publish","type":"product","link":"https:\/\/gpl-love.com\/fr\/produit\/wpml-wordpress-multilingual-wp-all-import-addon\/","title":{"rendered":"WPML WordPress Multilingual WP All Import Addon 2.3.2"},"content":{"rendered":"<h3>WPML WordPress Multilingual WP All Import Addon Traits<\/h3>\n<p>Le WP Multantial WP WPML WPMPRESS All Import Addon se pr\u00e9sente comme un outil tr\u00e8s puissant, celui qui donne aux utilisateurs la possibilit\u00e9 d&rsquo;importer et d&rsquo;exporter de mani\u00e8re approfondie le contenu dans divers langages. Ce module compl\u00e9mentaire s&rsquo;int\u00e8gre parfaitement au plugin WPML, permettant ainsi aux utilisateurs de traduire de mani\u00e8re transparente leur contenu en un tableau de langues diff\u00e9rentes et de l&rsquo;importer de mani\u00e8re transparente dans leur site WordPress. De plus, le WPML WordPress multilingue WP tous importent tous les utilisateurs pour les utilisateurs remarquables d&rsquo;importer des fichiers CSV, XML et Excel, facilitant ainsi l&rsquo;ajout rapide et sans effort de contenu frais \u00e0 leur site ou la modification transparente du contenu existant. En outre, le module compl\u00e9mentaire fournit des fonctionnalit\u00e9s avanc\u00e9es telles que les mappages de champ personnalis\u00e9s, la planification des importations et la capacit\u00e9 d&rsquo;importation d&rsquo;images et d&rsquo;autres fichiers multim\u00e9dias. Que l&rsquo;on g\u00e8re un site Web multilingue ou n\u00e9cessite simplement l&rsquo;importation de contenu dans divers langages, le WPML WordPress WP multilingue, tous les adolescents \u00e9mergent incontestablement comme un outil indispensable pour tout site WordPress.<\/p>\n<ul>\n<li>Permet une importation de contenu multilingue facile \u00e0 WordPress<\/li>\n<li>Fonctionne de mani\u00e8re transparente avec le plugin WPML<\/li>\n<li>Prend en charge divers formats de fichiers, notamment CSV, Excel et XML<\/li>\n<li>Peut importer du contenu pour plusieurs langues \u00e0 la fois<\/li>\n<li>Offre des options de filtrage et de cartographie avanc\u00e9es<\/li>\n<li>Fournit des journaux d&rsquo;importation d\u00e9taill\u00e9s et des rapports d&rsquo;erreur<\/li>\n<li>Aide \u00e0 maintenir la coh\u00e9rence et la pr\u00e9cision des traductions<\/li>\n<li>Gave du temps et des efforts pour les propri\u00e9taires de sites Web, les traducteurs et les cr\u00e9ateurs de contenu<\/li>\n<li>Mis \u00e0 jour en permanence et pris en charge par WP All Import Team<\/li>\n<\/ul>\n","protected":false},"excerpt":{"rendered":"<p>Le WP Multilingue WP WPML WPMPRESS est un outil tr\u00e8s robuste et efficace qui sert \u00e0 faciliter l&rsquo;importation sans effort de contenu multilingue dans votre site Web WordPress. Il vous accorde la capacit\u00e9 remarquable d&rsquo;importer un \u00e9ventail diversifi\u00e9 de contenu, y compris les publications, les pages, les champs personnalis\u00e9s et divers autres types de contenu, tout en veillant \u00e0 ce que les attributs sp\u00e9cifiques \u00e0 la langue de votre contenu restent intacts. Gr\u00e2ce \u00e0 l&rsquo;utilisation de cet addon exceptionnel, vous pourrez administrer et g\u00e9rer sans effort un contenu multilingue sur votre site WordPress, offrant ainsi \u00e0 vos utilisateurs une exp\u00e9rience multilingue sans couture et in\u00e9gal\u00e9e.<\/p>\n","protected":false},"featured_media":146295,"comment_status":"open","ping_status":"closed","template":"","meta":[],"product_brand":[2449],"product_cat":[1195,1181,1186],"product_tag":[1426],"class_list":{"0":"post-105890","1":"product","2":"type-product","3":"status-publish","4":"has-post-thumbnail","6":"product_brand-wpml","7":"product_cat-multilangue","8":"product_cat-plugins","9":"product_cat-wordpress-plugins","10":"product_tag-wpml","11":"member-discount","12":"discount-restricted","14":"first","15":"instock","16":"sale","17":"downloadable","18":"virtual","19":"sold-individually","20":"purchasable","21":"product-type-simple"},"_links":{"self":[{"href":"https:\/\/gpl-love.com\/fr\/wp-json\/wp\/v2\/product\/105890","targetHints":{"allow":["GET"]}}],"collection":[{"href":"https:\/\/gpl-love.com\/fr\/wp-json\/wp\/v2\/product"}],"about":[{"href":"https:\/\/gpl-love.com\/fr\/wp-json\/wp\/v2\/types\/product"}],"replies":[{"embeddable":true,"href":"https:\/\/gpl-love.com\/fr\/wp-json\/wp\/v2\/comments?post=105890"}],"wp:featuredmedia":[{"embeddable":true,"href":"https:\/\/gpl-love.com\/fr\/wp-json\/wp\/v2\/media\/146295"}],"wp:attachment":[{"href":"https:\/\/gpl-love.com\/fr\/wp-json\/wp\/v2\/media?parent=105890"}],"wp:term":[{"taxonomy":"product_brand","embeddable":true,"href":"https:\/\/gpl-love.com\/fr\/wp-json\/wp\/v2\/product_brand?post=105890"},{"taxonomy":"product_cat","embeddable":true,"href":"https:\/\/gpl-love.com\/fr\/wp-json\/wp\/v2\/product_cat?post=105890"},{"taxonomy":"product_tag","embeddable":true,"href":"https:\/\/gpl-love.com\/fr\/wp-json\/wp\/v2\/product_tag?post=105890"}],"curies":[{"name":"wp","href":"https:\/\/api.w.org\/{rel}","templated":true}]}}