{"id":105888,"date":"2026-03-25T00:00:00","date_gmt":"2026-03-24T23:00:00","guid":{"rendered":"http:\/\/gpl-love.com\/fr\/product\/wpml-woocommerce-multilingue\/"},"modified":"2026-03-25T23:31:19","modified_gmt":"2026-03-25T22:31:19","slug":"wpml-woocommerce-multilingual","status":"publish","type":"product","link":"https:\/\/gpl-love.com\/fr\/produit\/wpml-woocommerce-multilingual\/","title":{"rendered":"WPML Woocommerce Multilingual 5.5.5"},"content":{"rendered":"<h3>WPML Woocommerce Multilingual Traits<\/h3>\n<p>WPML WooCommerce multilingue est un plugin tr\u00e8s innovant et de pointe qui a \u00e9t\u00e9 m\u00e9ticuleusement con\u00e7u dans le but de vous permettre de transformer votre boutique en ligne sans effort en une plate-forme multilingue parfaitement multilingue. En int\u00e9grant de mani\u00e8re transparente ce plugin dans votre boutique WooCommerce, vous pourrez transcender les barri\u00e8res linguistiques et communiquer efficacement avec un public mondial diversifi\u00e9, augmentant ainsi exponentiellement vos ventes et \u00e9largissant votre port\u00e9e de mani\u00e8re sans pr\u00e9c\u00e9dent. Ce plugin remarquable vous permet de traduire habilement vos pages de produits, cat\u00e9gories, balises et attributs dans un \u00e9ventail de langues, garantissant ainsi que votre magasin peut r\u00e9pondre aux pr\u00e9f\u00e9rences linguistiques uniques de vos clients \u00e0 partir de divers coins du monde. En outre, ce plugin impressionnant \u00e9tend m\u00eame ses fonctionnalit\u00e9s pour s&rsquo;adapter \u00e0 plusieurs devises, facilitant ainsi une exp\u00e9rience d&rsquo;achat rationalis\u00e9e pour votre client\u00e8le estim\u00e9e, car ils peuvent parcourir et effectuer des achats en utilisant leur forme de devise pr\u00e9f\u00e9r\u00e9e. Il convient de noter que ce plugin tr\u00e8s intuitif et convivial est \u00e9quip\u00e9 d&rsquo;une myriade de fonctionnalit\u00e9s de pointe qui sont m\u00e9ticuleusement con\u00e7ues pour optimiser la fonctionnalit\u00e9 globale et les performances de votre boutique en ligne, ce qui en fait un outil indispensable pour tout commerce \u00e9lectronique ambitieux entrepreneur.<\/p>\n<ul>\n<li>Am\u00e9liore l&rsquo;exp\u00e9rience utilisateur en permettant aux clients d&rsquo;acheter dans leur langue maternelle, gr\u00e2ce \u00e0 un support multilingue.<\/li>\n<li>Permet aux propri\u00e9taires de magasins d&rsquo;\u00e9tendre leur client\u00e8le en atteignant un public mondial gr\u00e2ce \u00e0 l&rsquo;int\u00e9gration des traductions en plusieurs langues.<\/li>\n<li>Rationalise le processus de gestion de plusieurs magasins offrant diverses options linguistiques, am\u00e9liorant ainsi l&rsquo;efficacit\u00e9 de la plate-forme de commerce \u00e9lectronique.<\/li>\n<li>Fournit une int\u00e9gration transparente avec WooCommerce permettant une installation et une utilisation faciles.<\/li>\n<li>Permet aux propri\u00e9taires de magasins de traduire facilement les descriptions de produits, des descriptions de cat\u00e9gorie, des attributs de produits et des champs personnalis\u00e9s dans diverses langues.<\/li>\n<li>Facilite la communication avec les clients, quelle que soit leur langue, assurant un service client rapide.<\/li>\n<li>Am\u00e9liore les classements SEO du site Web via l&rsquo;ajout de contenu traduit avec les principaux moteurs de recherche.<\/li>\n<\/ul>\n","protected":false},"excerpt":{"rendered":"<p>WPML WooCommerce multilingue est un plugin incroyablement robuste et efficace qui offre une cr\u00e9ation transparente et sans effort d&rsquo;une boutique en ligne multilingue. Il vous permet de traduire sans effort chaque \u00e9l\u00e9ment de votre boutique en ligne, allant des produits et cat\u00e9gories aux pages de paiement, en r\u00e9duisant ainsi finalement l&rsquo;exp\u00e9rience d&rsquo;achat de vos pr\u00e9cieux clients. De plus, ce plugin exceptionnel poss\u00e8de \u00e9galement les fonctionnalit\u00e9s incroyables de soutenir plusieurs devises, vous lib\u00e9rant ainsi des pr\u00e9occupations lourdes des taux de change, vous permettant de vendre et de r\u00e9pondre efficacement aux clients originaires des r\u00e9gions divergentes. En tirant parti de ce plugin exceptionnel, vous pouvez \u00e9tablir sans effort une boutique en ligne extraordinairement mondialis\u00e9e qui est apte \u00e0 satisfaire et \u00e0 ravir les clients originaires de tous les coins et recoins de notre vaste monde.<\/p>\n","protected":false},"featured_media":146284,"comment_status":"open","ping_status":"closed","template":"","meta":[],"product_brand":[2449],"product_cat":[1195,1181,1186],"product_tag":[1426],"class_list":{"0":"post-105888","1":"product","2":"type-product","3":"status-publish","4":"has-post-thumbnail","6":"product_brand-wpml","7":"product_cat-multilangue","8":"product_cat-plugins","9":"product_cat-wordpress-plugins","10":"product_tag-wpml","11":"member-discount","12":"discount-restricted","14":"first","15":"instock","16":"sale","17":"downloadable","18":"virtual","19":"sold-individually","20":"purchasable","21":"product-type-simple"},"_links":{"self":[{"href":"https:\/\/gpl-love.com\/fr\/wp-json\/wp\/v2\/product\/105888","targetHints":{"allow":["GET"]}}],"collection":[{"href":"https:\/\/gpl-love.com\/fr\/wp-json\/wp\/v2\/product"}],"about":[{"href":"https:\/\/gpl-love.com\/fr\/wp-json\/wp\/v2\/types\/product"}],"replies":[{"embeddable":true,"href":"https:\/\/gpl-love.com\/fr\/wp-json\/wp\/v2\/comments?post=105888"}],"wp:featuredmedia":[{"embeddable":true,"href":"https:\/\/gpl-love.com\/fr\/wp-json\/wp\/v2\/media\/146284"}],"wp:attachment":[{"href":"https:\/\/gpl-love.com\/fr\/wp-json\/wp\/v2\/media?parent=105888"}],"wp:term":[{"taxonomy":"product_brand","embeddable":true,"href":"https:\/\/gpl-love.com\/fr\/wp-json\/wp\/v2\/product_brand?post=105888"},{"taxonomy":"product_cat","embeddable":true,"href":"https:\/\/gpl-love.com\/fr\/wp-json\/wp\/v2\/product_cat?post=105888"},{"taxonomy":"product_tag","embeddable":true,"href":"https:\/\/gpl-love.com\/fr\/wp-json\/wp\/v2\/product_tag?post=105888"}],"curies":[{"name":"wp","href":"https:\/\/api.w.org\/{rel}","templated":true}]}}