{"id":105887,"date":"2022-07-16T00:00:00","date_gmt":"2022-07-15T22:00:00","guid":{"rendered":"http:\/\/gpl-love.com\/fr\/product\/wpml-integration-avec-amp\/"},"modified":"2026-03-20T23:51:46","modified_gmt":"2026-03-20T22:51:46","slug":"wpml-integration-with-amp","status":"publish","type":"product","link":"https:\/\/gpl-love.com\/fr\/produit\/wpml-integration-with-amp\/","title":{"rendered":"WPML Integration with AMP 1.7.19"},"content":{"rendered":"<h3>WPML Integration with AMP Traits<\/h3>\n<p>D\u00e9couvrez l&rsquo;outil puissant de l&rsquo;int\u00e9gration WPML avec AMP, qui vous permet sans effort de traduire sans effort le contenu de votre site Web en plusieurs langues et de le pr\u00e9senter de mani\u00e8re transparente sur des pages mobiles acc\u00e9l\u00e9r\u00e9es (AMP). En incorporant cette int\u00e9gration, vous garantissez une exp\u00e9rience coh\u00e9rente et ininterrompue pour les visiteurs originaires de divers pays, quel que soit l&rsquo;appareil par lequel ils acc\u00e8dent \u00e0 votre contenu. La fusion de l&rsquo;int\u00e9gration de WPML avec AMP vous permet non seulement d&rsquo;am\u00e9liorer le r\u00e9f\u00e9rencement de votre site Web, mais aussi de stimuler le trafic et l&rsquo;engagement, qui a finalement abouti \u00e0 une exp\u00e9rience utilisateur exemplaire. Cette solution est particuli\u00e8rement bien adapt\u00e9e aux entreprises et aux individus h\u00e9bergeant des aspirations \u00e0 \u00e9tendre leur sensibilisation mondiale et \u00e0 fournir \u00e0 leur public une exp\u00e9rience in\u00e9gal\u00e9e et centr\u00e9e sur l&rsquo;utilisateur.<\/p>\n<ul>\n<li>Int\u00e9grez de mani\u00e8re transparente WPML \u00e0 AMP (Pages mobiles acc\u00e9l\u00e9r\u00e9es) pour am\u00e9liorer la vitesse et les performances du site Web sur les appareils mobiles.<\/li>\n<li>Traduire automatiquement le contenu \u00e0 partir de plusieurs langues en format compatible AMP.<\/li>\n<li>Assurez-vous que toutes les pages traduites s&rsquo;affichent correctement en AMP, am\u00e9liorant l&rsquo;exp\u00e9rience utilisateur pour les visiteurs internationaux.<\/li>\n<li>Optimisez le r\u00e9f\u00e9rencement de votre site Web en fournissant du contenu traduit dans le cache AMP de Google, en am\u00e9liorant la visibilit\u00e9 de votre site Web dans les r\u00e9sultats de recherche.<\/li>\n<li>Processus d&rsquo;installation et de configuration facile, sans codage requis.<\/li>\n<li>Compatible avec toutes les langues et les th\u00e8mes du site Web soutenues par le WPML.<\/li>\n<li>Mises \u00e0 jour r\u00e9guli\u00e8res et soutien du d\u00e9veloppeur pour assurer des performances et une compatibilit\u00e9 optimales avec les nouvelles versions de WPML et AMP.<\/li>\n<\/ul>\n","protected":false},"excerpt":{"rendered":"<p>Notre int\u00e9gration de WPML avec AMP pr\u00e9sente une capacit\u00e9 remarquable pour les propri\u00e9taires de sites Web, leur permettant de traduire sans effort leur contenu en de nombreuses langues et de le pr\u00e9senter parfaitement sur les appareils mobiles, tout au long de l&#8217;emploi de la technologie AMP de pointe. Cette formidable int\u00e9gration amplifie non seulement l&rsquo;accessibilit\u00e9 de votre site Web pour un public mondial, mais il am\u00e9liore \u00e9galement vos performances de r\u00e9f\u00e9rencement gr\u00e2ce \u00e0 la fourniture de pages mobiles m\u00e9ticuleusement optimis\u00e9es. En incorporant l&rsquo;int\u00e9gration WPML avec AMP, vous pouvez rationaliser efficacement la gestion de votre site Web multilingue, tout en garantissant une rencontre rapide et conviviale pour tous vos visiteurs estim\u00e9s.<\/p>\n","protected":false},"featured_media":146283,"comment_status":"open","ping_status":"closed","template":"","meta":[],"product_brand":[2447],"product_cat":[1195,1181,1186],"product_tag":[2279],"class_list":{"0":"post-105887","1":"product","2":"type-product","3":"status-publish","4":"has-post-thumbnail","6":"product_brand-amp-wp","7":"product_cat-multilangue","8":"product_cat-plugins","9":"product_cat-wordpress-plugins","10":"product_tag-amp-wp","11":"member-discount","12":"discount-restricted","14":"first","15":"instock","16":"sale","17":"downloadable","18":"virtual","19":"sold-individually","20":"purchasable","21":"product-type-simple"},"_links":{"self":[{"href":"https:\/\/gpl-love.com\/fr\/wp-json\/wp\/v2\/product\/105887","targetHints":{"allow":["GET"]}}],"collection":[{"href":"https:\/\/gpl-love.com\/fr\/wp-json\/wp\/v2\/product"}],"about":[{"href":"https:\/\/gpl-love.com\/fr\/wp-json\/wp\/v2\/types\/product"}],"replies":[{"embeddable":true,"href":"https:\/\/gpl-love.com\/fr\/wp-json\/wp\/v2\/comments?post=105887"}],"wp:featuredmedia":[{"embeddable":true,"href":"https:\/\/gpl-love.com\/fr\/wp-json\/wp\/v2\/media\/146283"}],"wp:attachment":[{"href":"https:\/\/gpl-love.com\/fr\/wp-json\/wp\/v2\/media?parent=105887"}],"wp:term":[{"taxonomy":"product_brand","embeddable":true,"href":"https:\/\/gpl-love.com\/fr\/wp-json\/wp\/v2\/product_brand?post=105887"},{"taxonomy":"product_cat","embeddable":true,"href":"https:\/\/gpl-love.com\/fr\/wp-json\/wp\/v2\/product_cat?post=105887"},{"taxonomy":"product_tag","embeddable":true,"href":"https:\/\/gpl-love.com\/fr\/wp-json\/wp\/v2\/product_tag?post=105887"}],"curies":[{"name":"wp","href":"https:\/\/api.w.org\/{rel}","templated":true}]}}