{"id":105886,"date":"2026-02-14T00:00:00","date_gmt":"2026-02-13T23:00:00","guid":{"rendered":"http:\/\/gpl-love.com\/fr\/product\/wpforms-drag-drop-form-builder-wordpress\/"},"modified":"2026-03-20T23:51:35","modified_gmt":"2026-03-20T22:51:35","slug":"wpforms-form-build","status":"publish","type":"product","link":"https:\/\/gpl-love.com\/fr\/produit\/wpforms-form-build\/","title":{"rendered":"WPForms Pro Form Builder 1.9.9.2"},"content":{"rendered":"<h3>WPForms Pro Form Builder Traits<\/h3>\n<p>WPForms Pro Drag et Drop WordPress Form Builder, un outil vraiment exceptionnel, offre aux utilisateurs la possibilit\u00e9 de cr\u00e9er et de publier des formulaires visuellement captivants visuellement sur leurs sites Web. Gr\u00e2ce \u00e0 son interface de glisser-d\u00e9poser par les utilisateurs, les individus peuvent personnaliser sans effort leurs formulaires pour s&rsquo;aligner sur leurs exigences uniques, incorporant un large \u00e9ventail de champs et les int\u00e9grer parfaitement avec des outils tiers tr\u00e8s recherch\u00e9s comme MailChimp, Zapier et Pay Pal. De plus, ce plugin poss\u00e8de une logique conditionnelle intelligente, des capacit\u00e9s de formulaire de plusieurs pages et une protection robuste des spams, garantissant la plus grande s\u00e9curit\u00e9, l&rsquo;efficacit\u00e9 et la convivialit\u00e9 des formulaires. WPForms Pro Drag et Drop WordPress Form Builder s&rsquo;av\u00e8re \u00eatre un choix exemplaire pour les personnes cherchant \u00e0 cr\u00e9er des formulaires extraordinaires sans avoir besoin de codage ou d&rsquo;expertise technique.<\/p>\n<ul>\n<li>Formateur de glisser-d\u00e9poser puissant pour les sites Web WordPress<\/li>\n<li>Cr\u00e9er des formulaires d&rsquo;apparence professionnelle en quelques minutes<\/li>\n<li>Mod\u00e8les de formulaire personnalisables \u00e0 diff\u00e9rentes industries et \u00e0 des fins<\/li>\n<li>Possibilit\u00e9 d&rsquo;ajouter plusieurs champs de formulaires, y compris le t\u00e9l\u00e9chargement de fichiers, la logique conditionnelle et l&rsquo;int\u00e9gration de paiement<\/li>\n<li>Int\u00e9gration transparente avec divers services de marketing par e-mail et CRMS<\/li>\n<li>Caract\u00e9ristiques avanc\u00e9es pour g\u00e9rer les entr\u00e9es de formulaire et analyser les statistiques de soumission des formulaires<\/li>\n<li>Conception r\u00e9active mobile pour un acc\u00e8s de formulaire pratique sur n&rsquo;importe quel appareil<\/li>\n<li>Int\u00e9gration facile avec l&rsquo;\u00e9diteur WordPress Gutenberg<\/li>\n<li>Aucun codage requis, interface adapt\u00e9e aux d\u00e9butants<\/li>\n<li>Support client 24\/7 et mises \u00e0 jour r\u00e9guli\u00e8res pour les corrections de bogues et les nouvelles fonctionnalit\u00e9s.<\/li>\n<\/ul>\n","protected":false},"excerpt":{"rendered":"<p>Si vous \u00eates \u00e0 la recherche d&rsquo;une m\u00e9thode simple et pratique pour g\u00e9n\u00e9rer et personnaliser les formulaires WordPress, vous devriez certainement consid\u00e9rer WPForms Pro Drag et Drop WordPress Form Builder. Cet outil tr\u00e8s efficace a \u00e9t\u00e9 sp\u00e9cialement con\u00e7u avec l&rsquo;esprit de l&rsquo;entreprise, vous permettant de cr\u00e9er sans effort tout type de formulaire dont vous pouvez avoir besoin, allant des formulaires de contact de base aux enqu\u00eates compl\u00e8tes, aux quiz, aux formulaires de paiement et bien plus encore. La meilleure partie est qu&rsquo;aucune connaissance de codage n&rsquo;est n\u00e9cessaire. Avec son interface de glisser-d\u00e9poser pratique, de mod\u00e8les personnalisables, de stricter l&rsquo;adh\u00e9sion aux r\u00e9glementations du RGPD, l&rsquo;inclusion de champs de forme avanc\u00e9e et l&rsquo;int\u00e9gration transparente avec vos outils de marketing pr\u00e9f\u00e9r\u00e9s, les WPForms \u00e9liminent efficacement les complexit\u00e9s associ\u00e9es \u00e0 la construction de formul votre pr\u00e9sence en ligne.<\/p>\n","protected":false},"featured_media":146270,"comment_status":"open","ping_status":"closed","template":"","meta":[],"product_brand":[2724],"product_cat":[1191,1181,1186],"product_tag":[1415],"class_list":{"0":"post-105886","1":"product","2":"type-product","3":"status-publish","4":"has-post-thumbnail","6":"product_brand-wp-forms","7":"product_cat-formes","8":"product_cat-plugins","9":"product_cat-wordpress-plugins","10":"product_tag-wp-forms","11":"member-discount","12":"discount-restricted","14":"first","15":"instock","16":"sale","17":"downloadable","18":"virtual","19":"sold-individually","20":"purchasable","21":"product-type-simple"},"_links":{"self":[{"href":"https:\/\/gpl-love.com\/fr\/wp-json\/wp\/v2\/product\/105886","targetHints":{"allow":["GET"]}}],"collection":[{"href":"https:\/\/gpl-love.com\/fr\/wp-json\/wp\/v2\/product"}],"about":[{"href":"https:\/\/gpl-love.com\/fr\/wp-json\/wp\/v2\/types\/product"}],"replies":[{"embeddable":true,"href":"https:\/\/gpl-love.com\/fr\/wp-json\/wp\/v2\/comments?post=105886"}],"wp:featuredmedia":[{"embeddable":true,"href":"https:\/\/gpl-love.com\/fr\/wp-json\/wp\/v2\/media\/146270"}],"wp:attachment":[{"href":"https:\/\/gpl-love.com\/fr\/wp-json\/wp\/v2\/media?parent=105886"}],"wp:term":[{"taxonomy":"product_brand","embeddable":true,"href":"https:\/\/gpl-love.com\/fr\/wp-json\/wp\/v2\/product_brand?post=105886"},{"taxonomy":"product_cat","embeddable":true,"href":"https:\/\/gpl-love.com\/fr\/wp-json\/wp\/v2\/product_cat?post=105886"},{"taxonomy":"product_tag","embeddable":true,"href":"https:\/\/gpl-love.com\/fr\/wp-json\/wp\/v2\/product_tag?post=105886"}],"curies":[{"name":"wp","href":"https:\/\/api.w.org\/{rel}","templated":true}]}}