{"id":105884,"date":"2026-03-14T00:00:00","date_gmt":"2026-03-13T23:00:00","guid":{"rendered":"http:\/\/gpl-love.com\/fr\/product\/wpdatatables\/"},"modified":"2026-03-20T23:51:02","modified_gmt":"2026-03-20T22:51:02","slug":"wpdatatables","status":"publish","type":"product","link":"https:\/\/gpl-love.com\/fr\/produit\/wpdatatables\/","title":{"rendered":"wpDataTables 7.3.4"},"content":{"rendered":"<h3>wpDataTables Traits<\/h3>\n<p>WPDATA Tables, un outil incroyablement puissant, offre aux utilisateurs la capacit\u00e9 transparente pour cr\u00e9er et g\u00e9rer efficacement les tableaux dans WordPress. Cet outil exceptionnel poss\u00e8de une interface intuitive, ainsi qu&rsquo;une vaste gamme de fonctionnalit\u00e9s, permettant aux utilisateurs de g\u00e9n\u00e9rer rapidement des tableaux avec des champs personnalis\u00e9s, de trier et de filtrer les donn\u00e9es sans effort, d&rsquo;int\u00e9grer les graphiques et de graphiques visuellement attrayants, et bien plus encore. Que votre objectif implique de construire un catalogue complet de produits, une table de tarification bien structur\u00e9e ou m\u00eame une base de donn\u00e9es complexe, assur\u00e9 que les tables WPDATA poss\u00e8dent toutes les capacit\u00e9s n\u00e9cessaires essentielles pour atteindre efficacement et efficacement vos objectifs. De plus, ce plugin exceptionnel offre non seulement une conception r\u00e9active, mais il propose \u00e9galement des options de style personnalisables, garantissant que vos tables poss\u00e8dent une repr\u00e9sentation visuelle immacul\u00e9e sur tous les appareils et se m\u00e9langent parfaitement avec l&rsquo;esth\u00e9tique de conception globale de votre site Web. Par cons\u00e9quent, il devient \u00e9vident que les tables WPDATA sont un outil indispensable pour tout utilisateur WordPress visant \u00e0 optimiser et \u00e0 rationaliser leurs efforts de gestion des donn\u00e9es et de pr\u00e9sentation.<\/p>\n<ul>\n<li>Cr\u00e9e des tables flexibles et conviviales pour les sites Web WordPress<\/li>\n<li>Options de conception facilement personnalisables pour chaque table individuelle<\/li>\n<li>Possibilit\u00e9 d&rsquo;importer des donn\u00e9es \u00e0 partir de fichiers CSV ou Excel<\/li>\n<li>Compatible avec divers constructeurs de pages et th\u00e8mes<\/li>\n<li>Caract\u00e9ristiques Conception r\u00e9active pour une visualisation optimale sur n&rsquo;importe quel appareil<\/li>\n<li>Fournit diverses options de tri, de filtrage et de pagination<\/li>\n<li>Permet l&rsquo;\u00e9dition en direct des tables et les mises \u00e0 jour en temps r\u00e9el sur le site Web<\/li>\n<li>Prend en charge plusieurs types de donn\u00e9es, y compris les nombres, les dates et les images<\/li>\n<li>Comprend des options de formatage conditionnel pour mettre en \u00e9vidence des points de donn\u00e9es sp\u00e9cifiques<\/li>\n<li>Offre des fonctionnalit\u00e9s avanc\u00e9es telles que les colonnes calcul\u00e9es et le style CSS personnalis\u00e9<\/li>\n<\/ul>\n","protected":false},"excerpt":{"rendered":"<p>Les tables WPDATA, un plugin WordPress tr\u00e8s efficace et robuste, offre la commodit\u00e9 de g\u00e9n\u00e9rer et d&rsquo;administrer sans effort des tables triables, consultables et r\u00e9actives. Gr\u00e2ce \u00e0 son interface conviviale et simple, les utilisateurs peuvent importer de mani\u00e8re transparente des donn\u00e9es \u00e0 partir de fichiers CSV ou Excel, construire sans effort des tables via un \u00e9diteur de glisser-d\u00e9poser et de personnaliser la conception et la fonctionnalit\u00e9 de leur tableau avec une pl\u00e9thore de param\u00e8tres et de fonctionnalit\u00e9s. Que l&rsquo;objectif de son objectif implique de pr\u00e9senter des listes de produits, des tables de comparaison, des tables de tarification, des horaires d&rsquo;\u00e9v\u00e9nements ou toute autre variante de donn\u00e9es tabulaires, les tables WPDATA servent de solution ultime. Prioriser les performances et l&rsquo;optimisation des moteurs de recherche, ce plugin facilite les temps de chargement rapides et le code optimis\u00e9, contribuant par la suite \u00e0 un classement am\u00e9lior\u00e9 des moteurs de recherche. Faites un pas pour am\u00e9liorer le potentiel de votre site WordPress en exploitant les puissantes capacit\u00e9s de gestion des donn\u00e9es pr\u00e9sent\u00e9es par les tables WPDATA.<\/p>\n","protected":false},"featured_media":146233,"comment_status":"open","ping_status":"open","template":"","meta":[],"product_brand":[2435],"product_cat":[1189,1181,1186],"product_tag":[1231],"class_list":{"0":"post-105884","1":"product","2":"type-product","3":"status-publish","4":"has-post-thumbnail","6":"product_brand-codecanyon","7":"product_cat-personnalisation","8":"product_cat-plugins","9":"product_cat-wordpress-plugins","10":"product_tag-codecanyon","11":"member-discount","12":"discount-restricted","14":"first","15":"instock","16":"sale","17":"downloadable","18":"virtual","19":"sold-individually","20":"purchasable","21":"product-type-simple"},"_links":{"self":[{"href":"https:\/\/gpl-love.com\/fr\/wp-json\/wp\/v2\/product\/105884","targetHints":{"allow":["GET"]}}],"collection":[{"href":"https:\/\/gpl-love.com\/fr\/wp-json\/wp\/v2\/product"}],"about":[{"href":"https:\/\/gpl-love.com\/fr\/wp-json\/wp\/v2\/types\/product"}],"replies":[{"embeddable":true,"href":"https:\/\/gpl-love.com\/fr\/wp-json\/wp\/v2\/comments?post=105884"}],"wp:featuredmedia":[{"embeddable":true,"href":"https:\/\/gpl-love.com\/fr\/wp-json\/wp\/v2\/media\/146233"}],"wp:attachment":[{"href":"https:\/\/gpl-love.com\/fr\/wp-json\/wp\/v2\/media?parent=105884"}],"wp:term":[{"taxonomy":"product_brand","embeddable":true,"href":"https:\/\/gpl-love.com\/fr\/wp-json\/wp\/v2\/product_brand?post=105884"},{"taxonomy":"product_cat","embeddable":true,"href":"https:\/\/gpl-love.com\/fr\/wp-json\/wp\/v2\/product_cat?post=105884"},{"taxonomy":"product_tag","embeddable":true,"href":"https:\/\/gpl-love.com\/fr\/wp-json\/wp\/v2\/product_tag?post=105884"}],"curies":[{"name":"wp","href":"https:\/\/api.w.org\/{rel}","templated":true}]}}