{"id":105880,"date":"2026-03-26T00:00:00","date_gmt":"2026-03-25T23:00:00","guid":{"rendered":"http:\/\/gpl-love.com\/fr\/product\/wp-pro-mise-en-scene\/"},"modified":"2026-03-26T23:31:12","modified_gmt":"2026-03-26T22:31:12","slug":"wp-staging-pro","status":"publish","type":"product","link":"https:\/\/gpl-love.com\/fr\/produit\/wp-staging-pro\/","title":{"rendered":"WP Staging Pro 6.7.2"},"content":{"rendered":"<h3>WP Staging Pro Traits<\/h3>\n<p>WP Staging Pro, un impressionnant plugin WordPress, a \u00e9t\u00e9 m\u00e9ticuleusement con\u00e7u pour faciliter le processus d&rsquo;\u00e9tablissement d&rsquo;un environnement de mise en sc\u00e8ne pour son site Web. En utilisant ce plugin remarquable, les individus peuvent g\u00e9n\u00e9rer sans effort une r\u00e9plique compl\u00e8te de leur site Web, englobant tous ses contenus, th\u00e8mes et plugins. Par cons\u00e9quent, cette fonctionnalit\u00e9 inestimable permet aux utilisateurs de tester m\u00e9ticuleusement toutes les modifications souhait\u00e9es sur leur site Web, en veillant \u00e0 ce qu&rsquo;elle soit perfectionn\u00e9e avant d&rsquo;\u00eatre rendue publique. WP Staging Pro fournit en outre une m\u00e9thode rapide et sans effort pour transf\u00e9rer de mani\u00e8re transparente le site de mise en sc\u00e8ne vers le site en direct, permettant ainsi aux utilisateurs d&rsquo;impl\u00e9menter les modifications de leur site Web avec une assurance in\u00e9branlable. Essentiellement, WP Staging Pro est un outil exceptionnel qui conf\u00e8re un sentiment de facilit\u00e9 et de confiance aux personnes qui cherchent \u00e0 d\u00e9velopper ou \u00e0 maintenir un site WordPress.<\/p>\n<ul>\n<li>Vous permet de cr\u00e9er un environnement de mise en sc\u00e8ne pour votre site WordPress en un seul clic<\/li>\n<li>Vous permet de tester les mises \u00e0 jour du plugin, du th\u00e8me et de WordPress avant de les appliquer sur votre site en direct<\/li>\n<li>Copie votre site en direct sur le site de mise en sc\u00e8ne, y compris tous les fichiers, la base de donn\u00e9es et les m\u00e9dias<\/li>\n<li>Fournit un environnement s\u00fbr et s\u00e9curis\u00e9 pour exp\u00e9rimenter la conception et la fonctionnalit\u00e9 de votre site<\/li>\n<li>Vous permet de pr\u00e9visualiser les changements en temps r\u00e9el et de collaborer avec les autres avant de les pousser en direct<\/li>\n<li>Vous fait gagner du temps et r\u00e9duit les temps d&rsquo;arr\u00eat du site en \u00e9liminant la n\u00e9cessit\u00e9 de recr\u00e9er manuellement un site de mise en sc\u00e8ne<\/li>\n<li>S&rsquo;int\u00e8gre aux fournisseurs d&rsquo;h\u00e9bergement populaires tels que Kinsta, Siteground et WP Engine<\/li>\n<li>Propose des fonctionnalit\u00e9s suppl\u00e9mentaires telles que des sauvegardes multisites et incr\u00e9mentielles pour am\u00e9liorer encore la s\u00e9curit\u00e9 et les performances de votre site<\/li>\n<li>Fournit une interface conviviale avec des instructions faciles \u00e0 suivre pour m\u00eame les d\u00e9butants afin de cr\u00e9er des sites de mise en sc\u00e8ne avec facilit\u00e9.<\/li>\n<\/ul>\n","protected":false},"excerpt":{"rendered":"<p>WP Staging Pro, un plugin WordPress remarquablement puissant, offre aux utilisateurs la possibilit\u00e9 de g\u00e9n\u00e9rer sans effort un site de mise en sc\u00e8ne \u00e0 partir de leur site en direct existant, un processus qui peut \u00eatre accompli en quelques clics. Cet outil inestimable sert \u00e0 faciliter les tests, le d\u00e9veloppement et la refonte des sites Web sans causer de perturbations sur le site en direct, garantissant ainsi sa s\u00e9curit\u00e9 et sa stabilit\u00e9 permanentes pendant que les utilisateurs se livrent \u00e0 leurs efforts cr\u00e9atifs. En se pr\u00e9voyant de la myriade d&rsquo;avantages offerts par WP Staging Pro, on gagne la possibilit\u00e9 de cloner de mani\u00e8re transparente leur site d&rsquo;origine, d&rsquo;effectuer des modifications, d&rsquo;introduire de nouvelles fonctionnalit\u00e9s, de d\u00e9terminer les probl\u00e8mes de compatibilit\u00e9 et de pr\u00e9visualiser les modifications avant la mise en \u0153uvre finale du site en direct. Par cons\u00e9quent, il s&rsquo;agit d&rsquo;une ressource indispensable pour tous les d\u00e9veloppeurs, concepteurs et propri\u00e9taires de sites WordPress qui nourrissent le d\u00e9sir d&rsquo;augmenter leurs capacit\u00e9s de gestion de site et d&rsquo;optimiser leurs flux de travail op\u00e9rationnels.<\/p>\n","protected":false},"featured_media":146222,"comment_status":"open","ping_status":"closed","template":"","meta":[],"product_brand":[2735],"product_cat":[1187,1181,1186],"product_tag":[1474],"class_list":{"0":"post-105880","1":"product","2":"type-product","3":"status-publish","4":"has-post-thumbnail","6":"product_brand-wp-staging","7":"product_cat-administration-wordpress-plugins","8":"product_cat-plugins","9":"product_cat-wordpress-plugins","10":"product_tag-wp-staging","11":"member-discount","12":"discount-restricted","14":"first","15":"instock","16":"sale","17":"downloadable","18":"virtual","19":"sold-individually","20":"purchasable","21":"product-type-simple"},"_links":{"self":[{"href":"https:\/\/gpl-love.com\/fr\/wp-json\/wp\/v2\/product\/105880","targetHints":{"allow":["GET"]}}],"collection":[{"href":"https:\/\/gpl-love.com\/fr\/wp-json\/wp\/v2\/product"}],"about":[{"href":"https:\/\/gpl-love.com\/fr\/wp-json\/wp\/v2\/types\/product"}],"replies":[{"embeddable":true,"href":"https:\/\/gpl-love.com\/fr\/wp-json\/wp\/v2\/comments?post=105880"}],"wp:featuredmedia":[{"embeddable":true,"href":"https:\/\/gpl-love.com\/fr\/wp-json\/wp\/v2\/media\/146222"}],"wp:attachment":[{"href":"https:\/\/gpl-love.com\/fr\/wp-json\/wp\/v2\/media?parent=105880"}],"wp:term":[{"taxonomy":"product_brand","embeddable":true,"href":"https:\/\/gpl-love.com\/fr\/wp-json\/wp\/v2\/product_brand?post=105880"},{"taxonomy":"product_cat","embeddable":true,"href":"https:\/\/gpl-love.com\/fr\/wp-json\/wp\/v2\/product_cat?post=105880"},{"taxonomy":"product_tag","embeddable":true,"href":"https:\/\/gpl-love.com\/fr\/wp-json\/wp\/v2\/product_tag?post=105880"}],"curies":[{"name":"wp","href":"https:\/\/api.w.org\/{rel}","templated":true}]}}