{"id":105878,"date":"2026-03-18T00:00:00","date_gmt":"2026-03-17T23:00:00","guid":{"rendered":"http:\/\/gpl-love.com\/fr\/product\/wp-schema-pro-plugin\/"},"modified":"2026-03-20T23:50:40","modified_gmt":"2026-03-20T22:50:40","slug":"wp-schema-pro-plugin","status":"publish","type":"product","link":"https:\/\/gpl-love.com\/fr\/produit\/wp-schema-pro-plugin\/","title":{"rendered":"WP Schema Pro Plugin 2.11.0"},"content":{"rendered":"<h3>WP Schema Pro Plugin Traits<\/h3>\n<p>Le plugin WP Schema Pro est un outil incroyablement robuste et efficace qui fournit une assistance inestimable aux propri\u00e9taires de sites Web en incorporant de mani\u00e8re transparente des donn\u00e9es structur\u00e9es dans leur contenu, renfor\u00e7ant ainsi consid\u00e9rablement leur visibilit\u00e9 et leur positionnement dans les r\u00e9sultats du moteur de recherche. En utilisant le plugin WP Schema Pro, les utilisateurs ont la capacit\u00e9 remarquable de g\u00e9n\u00e9rer des sch\u00e9mas pour une vaste gamme de types de contenu, allant des articles et \u00e9v\u00e9nements aux produits et au-del\u00e0. De plus, ce plugin remarquable poss\u00e8de une interface exceptionnellement conviviale, facilitant la configuration et la gestion du sch\u00e9ma sans effort, remplissant la fourniture d&rsquo;options personnalisables pour chaque type de sch\u00e9ma sp\u00e9cifique. En fin de compte, le plugin WP Schema Pro appara\u00eet comme une n\u00e9cessit\u00e9 absolue pour tout propri\u00e9taire de site Web cherchant activement \u00e0 optimiser leurs efforts de r\u00e9f\u00e9rencement et \u00e0 augmenter leur importance globale en ligne.<\/p>\n<ul>\n<li>Optimisez votre site Web avec un balisage de sch\u00e9ma riche pour am\u00e9liorer la visibilit\u00e9 des moteurs de recherche et l&rsquo;exp\u00e9rience utilisateur.<\/li>\n<li>Automatisez le processus d&rsquo;ajout de balisage de sch\u00e9ma \u00e0 votre site Web avec des outils et des options de personnalisation faciles \u00e0 utiliser.<\/li>\n<li>Am\u00e9liorez les taux de clics et gagnez un trafic organique plus qualifi\u00e9 avec de meilleurs r\u00e9sultats de moteurs de recherche.<\/li>\n<li>Restez \u00e0 jour avec les derni\u00e8res normes et directives de balisage de sch\u00e9ma pour un impact maximal sur les r\u00e9sultats de la recherche.<\/li>\n<li>\u00c9conomisez du temps et des ressources en utilisant le plugin WP Schema Pro au lieu de compter sur les efforts de balisage manuel.<\/li>\n<li>Profitez des fonctionnalit\u00e9s premium telles que des champs personnalis\u00e9s, des mod\u00e8les et des int\u00e9grations avec d&rsquo;autres plugins WordPress populaires.<\/li>\n<li>Personnalisez votre balisage de sch\u00e9ma pour r\u00e9pondre \u00e0 vos besoins et \u00e0 l&rsquo;identit\u00e9 de marque uniques, et apportez facilement des modifications n\u00e9cessaires.<\/li>\n<li>D\u00e9finissez et g\u00e9rez plusieurs types de sch\u00e9mas sur votre site Web dans un emplacement central pour une efficacit\u00e9 optimale.<\/li>\n<li>Stimulez la pertinence et la fiabilit\u00e9 de votre site Web avec un balisage de sch\u00e9ma facile \u00e0 mettre en \u0153uvre qui aide les moteurs de recherche \u00e0 comprendre votre contenu.<\/li>\n<li>\u00c9levez votre pr\u00e9sence en ligne et r\u00e9coltez les avantages d&rsquo;une visibilit\u00e9 accrue, du trafic et des conversions avec le plugin WP Schema Pro.<\/li>\n<\/ul>\n","protected":false},"excerpt":{"rendered":"<p>Le plugin WP Schema Pro est un outil incroyablement robuste et tr\u00e8s efficace qui vous permet \u00e0 l&rsquo;int\u00e9gration de marquage de sch\u00e9ma de mani\u00e8re transparente dans votre site Web WordPress. En incorporant un balisage de sch\u00e9ma, vous am\u00e9liorez consid\u00e9rablement la compr\u00e9hension du moteur de recherche de votre contenu, am\u00e9liorant ainsi consid\u00e9rablement les classements de votre moteur de recherche et augmentez notamment les taux de clics. La fonctionnalit\u00e9 remarquable du plugin WP Schema Pro vous permet d&rsquo;infuser sans effort le balisage du sch\u00e9ma dans vos messages, pages et m\u00eame types de messages personnalis\u00e9s, garantissant ainsi une optimisation compl\u00e8te. En outre, ce plugin exceptionnel propose une large gamme de types de sch\u00e9mas, y compris, mais sans s&rsquo;y limiter, l&rsquo;article, la recette et le produit, garantissant que votre contenu est m\u00e9ticuleusement optimis\u00e9. Avec les capacit\u00e9s remarquables du plugin WP Schema Pro \u00e0 votre disposition, vous pouvez conf\u00e9rer sans effort \u00e0 votre site Web l&rsquo;avantage concurrentiel dont il a besoin pour vraiment exceller dans les r\u00e9sultats des moteurs de recherche.<\/p>\n","protected":false},"featured_media":146206,"comment_status":"open","ping_status":"open","template":"","meta":[],"product_brand":[2462],"product_cat":[1335,1181,1186],"product_tag":[2349],"class_list":{"0":"post-105878","1":"product","2":"type-product","3":"status-publish","4":"has-post-thumbnail","6":"product_brand-brainstorm-force","7":"product_cat-seo","8":"product_cat-plugins","9":"product_cat-wordpress-plugins","10":"product_tag-brainstorm-force","11":"member-discount","12":"discount-restricted","14":"first","15":"instock","16":"sale","17":"downloadable","18":"virtual","19":"sold-individually","20":"purchasable","21":"product-type-simple"},"_links":{"self":[{"href":"https:\/\/gpl-love.com\/fr\/wp-json\/wp\/v2\/product\/105878","targetHints":{"allow":["GET"]}}],"collection":[{"href":"https:\/\/gpl-love.com\/fr\/wp-json\/wp\/v2\/product"}],"about":[{"href":"https:\/\/gpl-love.com\/fr\/wp-json\/wp\/v2\/types\/product"}],"replies":[{"embeddable":true,"href":"https:\/\/gpl-love.com\/fr\/wp-json\/wp\/v2\/comments?post=105878"}],"wp:featuredmedia":[{"embeddable":true,"href":"https:\/\/gpl-love.com\/fr\/wp-json\/wp\/v2\/media\/146206"}],"wp:attachment":[{"href":"https:\/\/gpl-love.com\/fr\/wp-json\/wp\/v2\/media?parent=105878"}],"wp:term":[{"taxonomy":"product_brand","embeddable":true,"href":"https:\/\/gpl-love.com\/fr\/wp-json\/wp\/v2\/product_brand?post=105878"},{"taxonomy":"product_cat","embeddable":true,"href":"https:\/\/gpl-love.com\/fr\/wp-json\/wp\/v2\/product_cat?post=105878"},{"taxonomy":"product_tag","embeddable":true,"href":"https:\/\/gpl-love.com\/fr\/wp-json\/wp\/v2\/product_tag?post=105878"}],"curies":[{"name":"wp","href":"https:\/\/api.w.org\/{rel}","templated":true}]}}