{"id":105876,"date":"2026-05-02T00:00:00","date_gmt":"2026-05-01T22:00:00","guid":{"rendered":"http:\/\/gpl-love.com\/fr\/product\/rocket-wp\/"},"modified":"2026-05-03T06:31:20","modified_gmt":"2026-05-03T04:31:20","slug":"wp-rocket","status":"publish","type":"product","link":"https:\/\/gpl-love.com\/fr\/produit\/wp-rocket\/","title":{"rendered":"Rocket Cache 3.21.2"},"content":{"rendered":"<h3>Rocket Cache Traits<\/h3>\n<p>Rocket Cache, un plugin de mise en cache et d&rsquo;optimisation renomm\u00e9 m\u00e9ticuleusement con\u00e7u pour les sites Web WordPress, poss\u00e8de une vaste gamme de fonctionnalit\u00e9s remarquables qui collaborent de mani\u00e8re transparente pour augmenter les performances du site Web. Ce plugin remarquable englobe le pr\u00e9chargement du cache, le concept ing\u00e9nieux des images de chargement paresseux, ainsi que la minification efficace des fichiers HTML, CSS et JavaScript. De plus, il am\u00e9liore l&rsquo;optimisation de la base de donn\u00e9es, contribuant davantage \u00e0 l&rsquo;acc\u00e9l\u00e9ration de la vitesse du site Web. En outre, l&rsquo;interface intuitive et conviviale de Rocket Cache rend le processus de configuration et de personnalisation sans effort, m\u00eame pour ceux qui manquent d&rsquo;expertise technique. Il convient de noter que Rocket Cache s&rsquo;int\u00e8gre harmonieusement \u00e0 une s\u00e9lection diversifi\u00e9e d&rsquo;h\u00f4tes Web et de services CDN, et se synergie parfaitement avec les plateformes de commerce \u00e9lectronique r\u00e9pandues. En fin de compte, Rocket Cache est une force indomptable, fortifier la vitesse et les performances du site Web, ce qui donne finalement une exp\u00e9rience utilisateur sup\u00e9rieure et un classement transcendant des moteurs de recherche.<\/p>\n<ul>\n<li>Temps de chargement du site Web plus rapide<\/li>\n<li>Am\u00e9lioration des performances du site Web<\/li>\n<li>Charge du serveur r\u00e9duit<\/li>\n<li>Augmentation du classement du site Web sur les moteurs de recherche<\/li>\n<li>Exp\u00e9rience utilisateur am\u00e9lior\u00e9e<\/li>\n<li>Installation facile et simple<\/li>\n<li>Optimisation automatique du code du site Web<\/li>\n<li>Option pour exclure certaines pages de l&rsquo;optimisation<\/li>\n<li>Augmentation des taux de conversion<\/li>\n<li>Compatibilit\u00e9 avec divers th\u00e8mes et plugins<\/li>\n<li>Mises \u00e0 jour continues et soutien de l&rsquo;\u00e9quipe Rocket Cache.<\/li>\n<\/ul>\n","protected":false},"excerpt":{"rendered":"<p>Rocket Cache, un logiciel robuste con\u00e7u pour amplifier l&rsquo;efficacit\u00e9 des sites Web WordPress, pr\u00e9sente une fonctionnalit\u00e9 exemplaire sous la forme de mise en cache de page, qui acc\u00e9l\u00e9re efficacement les temps de chargement des sites Web. De plus, Rocket Cache facilite le processus de minification et de compression des fichiers de site Web, am\u00e9liorant ainsi davantage les performances du site Web. De plus, ce logiciel impressionnant optimise l&rsquo;imagerie du site Web, augmente l&rsquo;efficacit\u00e9 de la base de donn\u00e9es du site Web et att\u00e9nue efficacement les demandes HTTP. Avec son interface conviviale et ses param\u00e8tres navigables sans effort, Rocket Cache sert de solution impeccable pour les personnes cherchant \u00e0 maximiser les performances globales de leurs sites Web.<\/p>\n","protected":false},"featured_media":146198,"comment_status":"open","ping_status":"closed","template":"","meta":[],"product_brand":[2730],"product_cat":[1203,1181,1186],"product_tag":[2377],"class_list":{"0":"post-105876","1":"product","2":"type-product","3":"status-publish","4":"has-post-thumbnail","6":"product_brand-wp-media","7":"product_cat-performance","8":"product_cat-plugins","9":"product_cat-wordpress-plugins","10":"product_tag-wp-media","11":"member-discount","12":"discount-restricted","14":"first","15":"instock","16":"sale","17":"downloadable","18":"virtual","19":"sold-individually","20":"purchasable","21":"product-type-simple"},"_links":{"self":[{"href":"https:\/\/gpl-love.com\/fr\/wp-json\/wp\/v2\/product\/105876","targetHints":{"allow":["GET"]}}],"collection":[{"href":"https:\/\/gpl-love.com\/fr\/wp-json\/wp\/v2\/product"}],"about":[{"href":"https:\/\/gpl-love.com\/fr\/wp-json\/wp\/v2\/types\/product"}],"replies":[{"embeddable":true,"href":"https:\/\/gpl-love.com\/fr\/wp-json\/wp\/v2\/comments?post=105876"}],"wp:featuredmedia":[{"embeddable":true,"href":"https:\/\/gpl-love.com\/fr\/wp-json\/wp\/v2\/media\/146198"}],"wp:attachment":[{"href":"https:\/\/gpl-love.com\/fr\/wp-json\/wp\/v2\/media?parent=105876"}],"wp:term":[{"taxonomy":"product_brand","embeddable":true,"href":"https:\/\/gpl-love.com\/fr\/wp-json\/wp\/v2\/product_brand?post=105876"},{"taxonomy":"product_cat","embeddable":true,"href":"https:\/\/gpl-love.com\/fr\/wp-json\/wp\/v2\/product_cat?post=105876"},{"taxonomy":"product_tag","embeddable":true,"href":"https:\/\/gpl-love.com\/fr\/wp-json\/wp\/v2\/product_tag?post=105876"}],"curies":[{"name":"wp","href":"https:\/\/api.w.org\/{rel}","templated":true}]}}