{"id":105874,"date":"2021-02-09T00:00:00","date_gmt":"2021-02-08T23:00:00","guid":{"rendered":"http:\/\/gpl-love.com\/fr\/product\/wp-rich-snippets-affichage-note\/"},"modified":"2026-03-20T23:50:32","modified_gmt":"2026-03-20T22:50:32","slug":"wp-rich-snippets-display-rating","status":"publish","type":"product","link":"https:\/\/gpl-love.com\/fr\/produit\/wp-rich-snippets-display-rating\/","title":{"rendered":"WP Rich Snippets Display Rating 1.1"},"content":{"rendered":"<h3>WP Rich Snippets Display Rating Traits<\/h3>\n<p>La cote d&rsquo;affichage des extraits WP Rich Snippets est un outil incroyablement puissant et influent qui accorde aux propri\u00e9taires de sites Web la capacit\u00e9 d&rsquo;exposer leurs cotes de produit ou de service d&rsquo;une mani\u00e8re extr\u00eamement captivante. Au moyen de ce plugin ing\u00e9nieux, les utilisateurs sont capables de pr\u00e9senter sans effort les notes sous forme d&rsquo;\u00e9toiles ou de bars, ainsi que d&rsquo;autres styles sur mesure uniquement pour leur \u00e9ventail de produits. De plus, ce plugin poss\u00e8de un niveau de personnalisation exceptionnel et un degr\u00e9 impressionnant de convivialit\u00e9, ce qui le rend une ressource remarquablement accessible et facilement navigable pour les utilisateurs de tous les niveaux de comp\u00e9tence dans le domaine de l&rsquo;expertise technique. Non seulement la notation d&rsquo;affichage des extraits WP Rich Snippets sert \u00e0 am\u00e9liorer l&rsquo;attrait visuel d&rsquo;un site Web, mais il a \u00e9galement la capacit\u00e9 remarquable d&rsquo;augmenter les taux de conversion en fournissant aux clients potentiels une preuve sociale tangible attestant la qualit\u00e9 louable d&rsquo;un produit ou d&rsquo;un service particulier. \u00c0 la lumi\u00e8re de ces divers m\u00e9rites, on peut facilement discerner que la cote d&rsquo;affichage des extraits WP riche est sans aucun doute un instrument indispensable et crucial pour tout propri\u00e9taire de site Web exigeant qui cherche \u00e0 \u00e9lever leur pr\u00e9sence en ligne et \u00e0 favoriser une augmentation des ventes et des revenus.<\/p>\n<ul>\n<li>Affiche des extraits riches sur les articles et pages WordPress<\/li>\n<li>Fournit une affichage visuel des notes dans les r\u00e9sultats des moteurs de recherche<\/li>\n<li>Soutient divers types de notation, notamment les \u00e9toiles, le pourcentage, les votes et plus<\/li>\n<li>Personnalisez les couleurs et les styles de notation pour correspondre \u00e0 votre th\u00e8me de site Web<\/li>\n<li>Assure un balisage de sch\u00e9ma valide pour l&rsquo;indexation des moteurs de recherche<\/li>\n<li>S&rsquo;int\u00e8gre facilement aux th\u00e8mes et plugins WordPress populaires<\/li>\n<li>Augmente les taux de clics et le trafic du site Web en pr\u00e9sentant des notes dans les r\u00e9sultats de la recherche<\/li>\n<li>Am\u00e9liore l&rsquo;exp\u00e9rience utilisateur globale en fournissant des informations pr\u00e9cieuses et des capacit\u00e9s de prise de d\u00e9cision rapides.<\/li>\n<\/ul>\n","protected":false},"excerpt":{"rendered":"<p>Le plugin d&rsquo;\u00e9valuation d&rsquo;affichage WP Rich Snippets propose une splendide solution pour pr\u00e9senter les notes et les avis de votre site Web de mani\u00e8re visuellement attrayante, garantissant que votre pr\u00e9sence sur le Web se distingue au milieu des r\u00e9sultats du moteur de recherche, ce qui obtient ainsi un plus grand afflux de visiteurs. En tirant parti de l&rsquo;efficacit\u00e9 des extraits riches, ce plugin vous permet de manifester l&rsquo;individualit\u00e9 et d&rsquo;attrait dans la repr\u00e9sentation de votre site Web. De plus, il vous apporte une interface facilement navigable, permettant une personnalisation transparente des \u00e9crans d&rsquo;\u00e9valuation, fond\u00e9e sur un assortiment de crit\u00e8res tels que les \u00e9toiles, le pourcentage ou l&rsquo;\u00e9chelle ponctuelle. De plus, sa compatibilit\u00e9 s&rsquo;\u00e9tend \u00e0 un vaste \u00e9ventail de th\u00e8mes WordPress, le rendant polyvalent et adaptable \u00e0 divers genres de sites Web englobant des sites de commerce \u00e9lectronique, des blogs et des sites Web d&rsquo;entreprise. Par cons\u00e9quent, se procurez le plugin d&rsquo;\u00e9valuation d&rsquo;affichage WP Rich Snippets sans d\u00e9lai et commencez \u00e0 pr\u00e9senter les notes de votre site Web de mani\u00e8re intrins\u00e8quement \u00e9l\u00e9gante et captivante, augmentant ainsi son attrait et son magn\u00e9tisme!<\/p>\n","protected":false},"featured_media":146197,"comment_status":"open","ping_status":"closed","template":"","meta":[],"product_brand":[2729],"product_cat":[1335,1181,1186],"product_tag":[1421],"class_list":{"0":"post-105874","1":"product","2":"type-product","3":"status-publish","4":"has-post-thumbnail","6":"product_brand-wp-rich-snippets","7":"product_cat-seo","8":"product_cat-plugins","9":"product_cat-wordpress-plugins","10":"product_tag-wp-rich-snippets","11":"member-discount","12":"discount-restricted","14":"first","15":"instock","16":"sale","17":"downloadable","18":"virtual","19":"sold-individually","20":"purchasable","21":"product-type-simple"},"_links":{"self":[{"href":"https:\/\/gpl-love.com\/fr\/wp-json\/wp\/v2\/product\/105874","targetHints":{"allow":["GET"]}}],"collection":[{"href":"https:\/\/gpl-love.com\/fr\/wp-json\/wp\/v2\/product"}],"about":[{"href":"https:\/\/gpl-love.com\/fr\/wp-json\/wp\/v2\/types\/product"}],"replies":[{"embeddable":true,"href":"https:\/\/gpl-love.com\/fr\/wp-json\/wp\/v2\/comments?post=105874"}],"wp:featuredmedia":[{"embeddable":true,"href":"https:\/\/gpl-love.com\/fr\/wp-json\/wp\/v2\/media\/146197"}],"wp:attachment":[{"href":"https:\/\/gpl-love.com\/fr\/wp-json\/wp\/v2\/media?parent=105874"}],"wp:term":[{"taxonomy":"product_brand","embeddable":true,"href":"https:\/\/gpl-love.com\/fr\/wp-json\/wp\/v2\/product_brand?post=105874"},{"taxonomy":"product_cat","embeddable":true,"href":"https:\/\/gpl-love.com\/fr\/wp-json\/wp\/v2\/product_cat?post=105874"},{"taxonomy":"product_tag","embeddable":true,"href":"https:\/\/gpl-love.com\/fr\/wp-json\/wp\/v2\/product_tag?post=105874"}],"curies":[{"name":"wp","href":"https:\/\/api.w.org\/{rel}","templated":true}]}}