{"id":105872,"date":"2021-02-09T00:00:00","date_gmt":"2021-02-08T23:00:00","guid":{"rendered":"http:\/\/gpl-love.com\/fr\/product\/wp-rich-snippets-appel-a-laction\/"},"modified":"2026-03-20T23:50:31","modified_gmt":"2026-03-20T22:50:31","slug":"wp-rich-snippets-call-to-action","status":"publish","type":"product","link":"https:\/\/gpl-love.com\/fr\/produit\/wp-rich-snippets-call-to-action\/","title":{"rendered":"WP Rich Snippets Call To Action 1.9.2"},"content":{"rendered":"<h3>WP Rich Snippets Call To Action Traits<\/h3>\n<p>L&rsquo;appel \u00e0 l&rsquo;extrait WP Rich Snippets est un outil incroyablement robuste et efficace qui a \u00e9t\u00e9 m\u00e9ticuleusement cr\u00e9\u00e9 dans l&rsquo;objectif principal d&rsquo;aider les propri\u00e9taires de sites \u00e0 am\u00e9liorer consid\u00e9rablement leurs taux de conversion. En incorporant de mani\u00e8re transparente des appels \u00e0 l&rsquo;action persuasifs dans leur contenu, les utilisateurs peuvent utiliser ce plugin \u00e0 son plein potentiel. La beaut\u00e9 de ce plugin r\u00e9side dans sa fourniture de mod\u00e8les CTA personnalisables, qui se m\u00e9langent sans effort dans n&rsquo;importe quel poste ou page. Ceci, \u00e0 son tour, permet aux propri\u00e9taires de sites Web \u00e0 inciter \u00e0 inviter leurs pr\u00e9cieux visiteurs \u00e0 s&rsquo;engager dans des actions sp\u00e9cifiques qui sont propices \u00e0 la r\u00e9alisation de leurs objectifs commerciaux, que ce soit l&rsquo;inscription \u00e0 une newsletter, l&rsquo;acc\u00e8s \u00e0 une ressource gratuite ou m\u00eame la r\u00e9alisation d&rsquo;un achat. La cerise en t\u00eate est l&rsquo;inclusion de capacit\u00e9s de suivi de conversion et de surveillance robuste des analyses, ce qui fait que les extraits de WP riches en riches ont \u00e9t\u00e9 un incontournable absolu pour toute entreprise en ligne pour am\u00e9liorer profond\u00e9ment leur engagement de l&rsquo;audience et stimuler efficacement les ventes.<\/p>\n<ul>\n<li>Fournit des boutons d&rsquo;appel \u00e0 action personnalisables pour votre plugin WP Rich Snippets<\/li>\n<li>Permet aux utilisateurs de cr\u00e9er facilement des appels \u00e0 l&rsquo;action uniques pour chaque extrait de leur site Web<\/li>\n<li>Fournit une gamme de mod\u00e8les et d&rsquo;options de conception, assurant une correspondance parfaite pour l&rsquo;apparence et la sensation de votre site Web<\/li>\n<li>Augmente l&rsquo;engagement des utilisateurs et les taux de clics en incitant les visiteurs \u00e0 prendre des mesures sur les riches extraits affich\u00e9s sur votre site<\/li>\n<li>Peut \u00eatre facilement int\u00e9gr\u00e9 \u00e0 votre plugin WP Rich Snippets existant, ne n\u00e9cessitant aucune expertise technique ou codage<\/li>\n<li>Est enti\u00e8rement r\u00e9actif et adapt\u00e9 aux mobiles, garantissant que vos boutons d&rsquo;appel \u00e0 l&rsquo;action sont superbes et fonctionnent parfaitement sur tous les appareils<\/li>\n<li>Comprend une documentation d\u00e9taill\u00e9e et le soutien de l&rsquo;\u00e9quipe WP Rich Snippets pour assurer une int\u00e9gration transparente et des performances sans faille.<\/li>\n<\/ul>\n","protected":false},"excerpt":{"rendered":"<p>Maximiser l&rsquo;engagement et optimiser les conversions sur votre site Web en tirant parti des capacit\u00e9s remarquables des extraits de WP riches en l&rsquo;appel \u00e0 l&rsquo;action. Cet outil incroyablement puissant vous permet de fabriquer sans effort des bo\u00eetes captivantes d&rsquo;appel \u00e0 l&rsquo;action, de les d\u00e9ployer strat\u00e9giquement \u00e0 travers vos messages ou pages, obligeant et motivant ainsi vos visiteurs estim\u00e9s \u00e0 entreprendre des actions souhait\u00e9es. Capitalisez la polyvalence in\u00e9gal\u00e9e fournie par cet outil, vous permettant de personnaliser m\u00e9ticuleusement l&rsquo;apparence et la substance de ces bo\u00eetes, en les alignant harmonieusement avec votre identit\u00e9 de marque distinctive et en r\u00e9pondant aux pr\u00e9f\u00e9rences et exigences uniques de votre public estim\u00e9. Whether your objective revolves around cultivating a comprehensive email address database, skillfully redirecting users to a meticulously curated landing page, or stimulating them to actively disseminate your unprecedented content across various social media platforms, WP Rich Snippets Call To Action seamlessly facilitates and streamlines these processes, Les rendre sans effort g\u00e9rables et exceptionnellement efficaces. Ne perdez pas de temps \u00e0 se lancer dans ce voyage transformateur et \u00e0 vivre personnellement les r\u00e9sultats sans pr\u00e9c\u00e9dent qui vous attendent!<\/p>\n","protected":false},"featured_media":146196,"comment_status":"open","ping_status":"closed","template":"","meta":[],"product_brand":[2729],"product_cat":[1207,1181,1186],"product_tag":[1421],"class_list":{"0":"post-105872","1":"product","2":"type-product","3":"status-publish","4":"has-post-thumbnail","6":"product_brand-wp-rich-snippets","7":"product_cat-commercialisation-wordpress-plugins","8":"product_cat-plugins","9":"product_cat-wordpress-plugins","10":"product_tag-wp-rich-snippets","11":"member-discount","12":"discount-restricted","14":"first","15":"instock","16":"sale","17":"downloadable","18":"virtual","19":"sold-individually","20":"purchasable","21":"product-type-simple"},"_links":{"self":[{"href":"https:\/\/gpl-love.com\/fr\/wp-json\/wp\/v2\/product\/105872","targetHints":{"allow":["GET"]}}],"collection":[{"href":"https:\/\/gpl-love.com\/fr\/wp-json\/wp\/v2\/product"}],"about":[{"href":"https:\/\/gpl-love.com\/fr\/wp-json\/wp\/v2\/types\/product"}],"replies":[{"embeddable":true,"href":"https:\/\/gpl-love.com\/fr\/wp-json\/wp\/v2\/comments?post=105872"}],"wp:featuredmedia":[{"embeddable":true,"href":"https:\/\/gpl-love.com\/fr\/wp-json\/wp\/v2\/media\/146196"}],"wp:attachment":[{"href":"https:\/\/gpl-love.com\/fr\/wp-json\/wp\/v2\/media?parent=105872"}],"wp:term":[{"taxonomy":"product_brand","embeddable":true,"href":"https:\/\/gpl-love.com\/fr\/wp-json\/wp\/v2\/product_brand?post=105872"},{"taxonomy":"product_cat","embeddable":true,"href":"https:\/\/gpl-love.com\/fr\/wp-json\/wp\/v2\/product_cat?post=105872"},{"taxonomy":"product_tag","embeddable":true,"href":"https:\/\/gpl-love.com\/fr\/wp-json\/wp\/v2\/product_tag?post=105872"}],"curies":[{"name":"wp","href":"https:\/\/api.w.org\/{rel}","templated":true}]}}