{"id":105870,"date":"2021-02-09T00:00:00","date_gmt":"2021-02-08T23:00:00","guid":{"rendered":"http:\/\/gpl-love.com\/fr\/product\/wp-rich-snippets\/"},"modified":"2026-03-20T23:50:30","modified_gmt":"2026-03-20T22:50:30","slug":"wp-rich-snippets","status":"publish","type":"product","link":"https:\/\/gpl-love.com\/fr\/produit\/wp-rich-snippets\/","title":{"rendered":"WP Rich Snippets 1.4.9"},"content":{"rendered":"<h3>WP Rich Snippets Traits<\/h3>\n<p>WP Rich Snippets est un plugin WordPress incroyablement robuste et dynamique qui permet aux utilisateurs la possibilit\u00e9 d&rsquo;incorporer de mani\u00e8re transparente des extraits riches dans le contenu de leur site Web, renfor\u00e7ant ainsi la visibilit\u00e9 et la fonctionnalit\u00e9 de leur plate-forme en ligne. Ce plugin remarquable offre aux utilisateurs l&rsquo;occasion sans pr\u00e9c\u00e9dent de g\u00e9n\u00e9rer de riches extraits \u00e0 travers une vaste gamme de types de contenu, englobant, mais sans s&rsquo;y limiter, les produits, les avis, les recettes, les \u00e9v\u00e9nements et de nombreuses autres cat\u00e9gories. En outre, les extraits riches en WP se distinguent de ses concurrents en raison de son processus d&rsquo;installation convivial et de son processus d&rsquo;installation convivial et de son interface intuitive, garantissant que m\u00eame ceux qui ont une comp\u00e9tence technique limit\u00e9e peuvent naviguer sans effort et exploiter l&rsquo;immense potentiel de cet outil remarquable. De plus, ce plugin extraordinaire profite d&rsquo;une myriade d&rsquo;options de personnalisation, ce qui permet aux utilisateurs d&rsquo;adapter m\u00e9ticuleusement leurs riches extraits \u00e0 leurs sp\u00e9cifications et exigences pr\u00e9cises. Par cons\u00e9quent, que votre objectif ultime soit d&rsquo;\u00e9lever le classement des moteurs de recherche de votre site Web, d&rsquo;augmenter les niveaux d&rsquo;engagement des utilisateurs ou simplement de faciliter l&rsquo;accessibilit\u00e9 transparente de votre contenu pr\u00e9cieux, il est \u00e9vident que les extraits riches en WP sont sans \u00e9quivoque un choix exceptionnel pour tout utilisateur de WordPress exceptionnel.<\/p>\n<ul>\n<li>Permet aux utilisateurs d&rsquo;afficher des extraits riches tels que des avis, des notes et des informations sur les prix dans les r\u00e9sultats des moteurs de recherche<\/li>\n<li>Aide \u00e0 am\u00e9liorer la visibilit\u00e9 du site Web et les taux de clics<\/li>\n<li>Offre des mod\u00e8les et des options de style personnalisables<\/li>\n<li>Compatible avec la plupart des th\u00e8mes et plugins WordPress<\/li>\n<li>Prend en charge plusieurs langues<\/li>\n<li>Fournit des codes et des widgets faciles \u00e0 utiliser pour une impl\u00e9mentation facile<\/li>\n<li>Comprend divers types de balisage de sch\u00e9ma pour diff\u00e9rents types de contenu<\/li>\n<li>R\u00e9guli\u00e8rement mis \u00e0 jour avec de nouvelles fonctionnalit\u00e9s et am\u00e9liorations<\/li>\n<li>Offre un support et une documentation d\u00e9di\u00e9s aux utilisateurs.<\/li>\n<\/ul>\n","protected":false},"excerpt":{"rendered":"<p>WP Rich Snippets est un outil incroyablement puissant et influent qui sert \u00e0 g\u00e9n\u00e9rer des extraits riches. Ces descriptions am\u00e9lior\u00e9es ont la capacit\u00e9 remarquable de se mat\u00e9rialiser dans les r\u00e9sultats de la recherche, offrant ainsi aux utilisateurs avec une abondance d&rsquo;informations suppl\u00e9mentaires concernant le contenu d&rsquo;un site Web. En incorporant des extraits de WP riches dans votre site, vous pouvez int\u00e9grer sans effort le balisage du sch\u00e9ma, assurant la structuration et l&rsquo;optimisation appropri\u00e9es de votre contenu pour les moteurs de recherche. En cons\u00e9quence, le potentiel de taux de clics plus \u00e9lev\u00e9s et un volume de trafic amplifi\u00e9 pour votre site sont consid\u00e9rablement am\u00e9lior\u00e9s. De plus, WP Rich Snippets pr\u00e9sente une gamme de fonctionnalit\u00e9s personnalisables, vous permettant d&rsquo;adapter vos riches extraits pour s&rsquo;aligner de mani\u00e8re transparente avec vos besoins et objectifs sp\u00e9cifiques.<\/p>\n","protected":false},"featured_media":146195,"comment_status":"open","ping_status":"open","template":"","meta":[],"product_brand":[2729],"product_cat":[1335,1181,1186],"product_tag":[1421],"class_list":{"0":"post-105870","1":"product","2":"type-product","3":"status-publish","4":"has-post-thumbnail","6":"product_brand-wp-rich-snippets","7":"product_cat-seo","8":"product_cat-plugins","9":"product_cat-wordpress-plugins","10":"product_tag-wp-rich-snippets","11":"member-discount","12":"discount-restricted","14":"first","15":"instock","16":"sale","17":"downloadable","18":"virtual","19":"sold-individually","20":"purchasable","21":"product-type-simple"},"_links":{"self":[{"href":"https:\/\/gpl-love.com\/fr\/wp-json\/wp\/v2\/product\/105870","targetHints":{"allow":["GET"]}}],"collection":[{"href":"https:\/\/gpl-love.com\/fr\/wp-json\/wp\/v2\/product"}],"about":[{"href":"https:\/\/gpl-love.com\/fr\/wp-json\/wp\/v2\/types\/product"}],"replies":[{"embeddable":true,"href":"https:\/\/gpl-love.com\/fr\/wp-json\/wp\/v2\/comments?post=105870"}],"wp:featuredmedia":[{"embeddable":true,"href":"https:\/\/gpl-love.com\/fr\/wp-json\/wp\/v2\/media\/146195"}],"wp:attachment":[{"href":"https:\/\/gpl-love.com\/fr\/wp-json\/wp\/v2\/media?parent=105870"}],"wp:term":[{"taxonomy":"product_brand","embeddable":true,"href":"https:\/\/gpl-love.com\/fr\/wp-json\/wp\/v2\/product_brand?post=105870"},{"taxonomy":"product_cat","embeddable":true,"href":"https:\/\/gpl-love.com\/fr\/wp-json\/wp\/v2\/product_cat?post=105870"},{"taxonomy":"product_tag","embeddable":true,"href":"https:\/\/gpl-love.com\/fr\/wp-json\/wp\/v2\/product_tag?post=105870"}],"curies":[{"name":"wp","href":"https:\/\/api.w.org\/{rel}","templated":true}]}}