{"id":105868,"date":"2021-02-09T00:00:00","date_gmt":"2021-02-08T23:00:00","guid":{"rendered":"http:\/\/gpl-love.com\/fr\/product\/wp-pro-review\/"},"modified":"2026-03-20T23:50:29","modified_gmt":"2026-03-20T22:50:29","slug":"wp-review-pro","status":"publish","type":"product","link":"https:\/\/gpl-love.com\/fr\/produit\/wp-review-pro\/","title":{"rendered":"WP Review Pro 3.4.11"},"content":{"rendered":"<h3>WP Review Pro Traits<\/h3>\n<p>WP Review Pro, un puissant plugin WordPress, a \u00e9t\u00e9 m\u00e9ticuleusement con\u00e7u pour aider les propri\u00e9taires de sites Web \u00e0 fabriquer des avis professionnels et captivants visuellement pour leur \u00e9ventail de produits ou de services. En offrant une vaste s\u00e9lection de mod\u00e8les personnalisables et d&rsquo;options de style, ce plugin facilite de mani\u00e8re transparente la cr\u00e9ation de critiques compl\u00e8tes et \u00e9clairantes qui ne captient pas et \u00e9clairent votre public cible. Que vous vous trouviez immerg\u00e9 dans le domaine du marketing d&rsquo;affiliation, des blogs ou de l&rsquo;exploitation d&rsquo;une boutique de commerce \u00e9lectronique, WP Review Pro est sur le point d&rsquo;\u00e9lever vos taux de conversion et d&rsquo;amplifier l&rsquo;afflux de trafic vers votre site Web. B\u00e9n\u00e9ficiant de fonctionnalit\u00e9s telles que les notes d&rsquo;\u00e9toiles, les avis des utilisateurs et les extraits riches, il devient \u00e9vident que ce plugin sert de solution de r\u00e9vision ultime pour les utilisateurs de WordPress aspirant \u00e0 \u00e9tablir une pr\u00e9sence en ligne ind\u00e9l\u00e9bile. Ainsi, si vous recherchez avec ferveur une avenue simple et efficace pour g\u00e9n\u00e9rer des revues de haute qualit\u00e9 qui donnent des r\u00e9sultats tangibles, ne cherchez pas plus loin que WP Review Pro.<\/p>\n<ul>\n<li>WP Review Pro est un plugin WordPress qui permet aux utilisateurs d&rsquo;ajouter facilement des critiques belles et personnalisables \u00e0 leur site Web.<\/li>\n<li>Avec un processus d&rsquo;installation simple et une interface conviviale, WP Review Pro permet aux utilisateurs d&rsquo;ajouter facilement des avis \u00e0 leur site sans aucune connaissance de codage.<\/li>\n<li>Le plugin propose plusieurs types de r\u00e9vision, y compris les syst\u00e8mes de notation Star, Point, pourcentage et Thumbs, pour s&rsquo;adapter \u00e0 tout type de site Web ou de produit.<\/li>\n<li>Les options de conception personnalisables de WP Review Pro permettent aux utilisateurs de faire correspondre leurs avis avec l&rsquo;image de marque et la conception de leur site Web.<\/li>\n<li>WP Review Pro offre \u00e9galement un support de sch\u00e9ma, permettant aux utilisateurs d&rsquo;ajouter des extraits riches et d&rsquo;am\u00e9liorer la visibilit\u00e9 de leur site Web.<\/li>\n<li>Le plugin comprend des fonctionnalit\u00e9s int\u00e9gr\u00e9es telles que les soumissions d&rsquo;examen des utilisateurs, les avis bas\u00e9s sur la localisation et la possibilit\u00e9 d&rsquo;incorporer les avis d&rsquo;autres plateformes.<\/li>\n<li>Les utilisateurs peuvent \u00e9galement afficher des r\u00e9sum\u00e9s d&rsquo;examen dans les widgets, permettant aux visiteurs de voir rapidement la note globale d&rsquo;un produit ou d&rsquo;un service.<\/li>\n<li>WP Review Pro est constamment mis \u00e0 jour et fournit un excellent support client, garantissant que les utilisateurs ont toujours les derni\u00e8res fonctionnalit\u00e9s et que tous les probl\u00e8mes sont rapidement r\u00e9solus.<\/li>\n<\/ul>\n","protected":false},"excerpt":{"rendered":"<p>WP Review Pro est un plugin WordPress robuste qui a \u00e9t\u00e9 m\u00e9ticuleusement con\u00e7u pour augmenter l&rsquo;engagement des utilisateurs et fournir aux propri\u00e9taires de sites Web des id\u00e9es inestimables. Il poss\u00e8de un \u00e9ventail de mod\u00e8les d&rsquo;examen personnalisables, une prise en charge compl\u00e8te des extraits riches et un assortiment de fonctionnalit\u00e9s avanc\u00e9es, y compris des tables de comparaison et des cotes d&rsquo;utilisation. En tirant parti de ces fonctionnalit\u00e9s impressionnantes, WP Review Pro vous permet de pr\u00e9senter efficacement vos produits et services de mani\u00e8re tr\u00e8s professionnelle et captivante. Remarquablement polyvalent, ce plugin s&rsquo;adresse \u00e0 un large \u00e9ventail de types de sites Web, allant des blogs et des portails d&rsquo;actualit\u00e9s aux plateformes de marketing de commerce \u00e9lectronique et d&rsquo;affiliation. En outre, il s&rsquo;int\u00e8gre parfaitement aux th\u00e8mes WordPress et aux constructeurs de pages tout en pr\u00e9sentant une convivialit\u00e9 r\u00e9voc\u00e9e exceptionnelle. Ne perdez pas de temps \u00e0 saisir l&rsquo;opportunit\u00e9 d&rsquo;essayer WP Review Pro aujourd&rsquo;hui et \u00e0 voir l&rsquo;enrichissement remarquable qu&rsquo;il conf\u00e8re \u00e0 votre site Web et \u00e0 l&rsquo;exp\u00e9rience utilisateur globale.<\/p>\n","protected":false},"featured_media":146194,"comment_status":"open","ping_status":"closed","template":"","meta":[],"product_brand":[2601],"product_cat":[1189,1181,1186],"product_tag":[1309],"class_list":{"0":"post-105868","1":"product","2":"type-product","3":"status-publish","4":"has-post-thumbnail","6":"product_brand-my-theme-shop","7":"product_cat-personnalisation","8":"product_cat-plugins","9":"product_cat-wordpress-plugins","10":"product_tag-my-theme-shop","11":"member-discount","12":"discount-restricted","14":"first","15":"instock","16":"sale","17":"downloadable","18":"virtual","19":"sold-individually","20":"purchasable","21":"product-type-simple"},"_links":{"self":[{"href":"https:\/\/gpl-love.com\/fr\/wp-json\/wp\/v2\/product\/105868","targetHints":{"allow":["GET"]}}],"collection":[{"href":"https:\/\/gpl-love.com\/fr\/wp-json\/wp\/v2\/product"}],"about":[{"href":"https:\/\/gpl-love.com\/fr\/wp-json\/wp\/v2\/types\/product"}],"replies":[{"embeddable":true,"href":"https:\/\/gpl-love.com\/fr\/wp-json\/wp\/v2\/comments?post=105868"}],"wp:featuredmedia":[{"embeddable":true,"href":"https:\/\/gpl-love.com\/fr\/wp-json\/wp\/v2\/media\/146194"}],"wp:attachment":[{"href":"https:\/\/gpl-love.com\/fr\/wp-json\/wp\/v2\/media?parent=105868"}],"wp:term":[{"taxonomy":"product_brand","embeddable":true,"href":"https:\/\/gpl-love.com\/fr\/wp-json\/wp\/v2\/product_brand?post=105868"},{"taxonomy":"product_cat","embeddable":true,"href":"https:\/\/gpl-love.com\/fr\/wp-json\/wp\/v2\/product_cat?post=105868"},{"taxonomy":"product_tag","embeddable":true,"href":"https:\/\/gpl-love.com\/fr\/wp-json\/wp\/v2\/product_tag?post=105868"}],"curies":[{"name":"wp","href":"https:\/\/api.w.org\/{rel}","templated":true}]}}