{"id":105866,"date":"2025-07-23T00:00:00","date_gmt":"2025-07-22T22:00:00","guid":{"rendered":"http:\/\/gpl-love.com\/fr\/product\/wp-media-dossier-galerie-addon\/"},"modified":"2026-03-20T23:50:13","modified_gmt":"2026-03-20T22:50:13","slug":"wp-media-folder-gallery-addon","status":"publish","type":"product","link":"https:\/\/gpl-love.com\/fr\/produit\/wp-media-folder-gallery-addon\/","title":{"rendered":"WP Media Folder Gallery Addon 2.6.11"},"content":{"rendered":"<h3>WP Media Folder Gallery Addon Traits<\/h3>\n<p>L&rsquo;addon de la galerie de dossiers multim\u00e9dias WP est un outil extr\u00eamement formidable qui am\u00e9liore consid\u00e9rablement le site Web de votre biblioth\u00e8que de m\u00e9dias de votre WordPress. Ce plugin remarquable vous offre la capacit\u00e9 sans pr\u00e9c\u00e9dent de cr\u00e9er sans effort des galeries impressionnantes en utilisant une vaste gamme d&rsquo;images et de vid\u00e9os provenant directement de votre biblioth\u00e8que de m\u00e9dias. L&rsquo;addon de la galerie de dossiers de m\u00e9dias WP poss\u00e8de une interface impressionnante conviviale, et il offre une large gamme d&rsquo;options de personnalisation qui englobent un assortiment de dispositions de galerie, des effets de volants captivants et des filtres d&rsquo;image captivants. En utilisant ce plugin ing\u00e9nieux, vous avez la capacit\u00e9 remarquable de montrer vos m\u00e9dias de mani\u00e8re visuellement captivante, captivant et captivant efficacement votre public estim\u00e9. De plus, il est de plus en plus significatif de noter que l&rsquo;addon de la galerie de dossiers des m\u00e9dias WP est m\u00e9ticuleusement con\u00e7u et d\u00e9velopp\u00e9 pour \u00eatre pleinement r\u00e9actif, garantissant ainsi que vos galeries m\u00e9ticuleusement con\u00e7ues d\u00e9gageont un sentiment d&rsquo;excellence esth\u00e9tique in\u00e9gal\u00e9, quel que soit l&rsquo;appareil sur lequel ils sont vu. Que vous soyez un blogueur chevronn\u00e9, un photographe professionnel ou un propri\u00e9taire d&rsquo;entreprise distingu\u00e9, il est sans aucun doute \u00e9vident que l&rsquo;addon de la galerie de dossiers des m\u00e9dias WP s&rsquo;av\u00e9rerait un choix extr\u00eamement astucieux pour \u00e9lever et affiner la gestion des m\u00e9dias et la pr\u00e9sentation de vos estim\u00e9s estim\u00e9s site Internet.<\/p>\n<ul>\n<li>Organisez et g\u00e9rez efficacement vos fichiers multim\u00e9dias dans WP Media Folder Gallery<\/li>\n<li>Cr\u00e9er facilement des galeries \u00e0 l&rsquo;aide de fichiers stock\u00e9s dans WP Media Folder Gallery<\/li>\n<li>Personnalisez l&rsquo;affichage de vos galeries avec diverses dispositions et options de conception<\/li>\n<li>Interface de tra\u00een\u00e9e et de d\u00e9p\u00f4t intuitive pour ajouter et r\u00e9organiser les images dans vos galeries<\/li>\n<li>La conception r\u00e9active garantit que vos galeries ont fi\u00e8re allure sur tous les appareils<\/li>\n<li>Int\u00e9gr\u00e9 \u00e0 la galerie de dossiers multim\u00e9dias WP, donc tous les fichiers multim\u00e9dias sont facilement accessibles<\/li>\n<li>Am\u00e9lioration des performances et des temps de chargement plus rapides par rapport aux autres plugins de la galerie<\/li>\n<li>Options de r\u00e9f\u00e9rencement pour aider \u00e0 augmenter le classement des moteurs de recherche de votre site Web<\/li>\n<li>Compatible avec les th\u00e8mes et plugins WordPress populaires<\/li>\n<li>Support technique fiable et mises \u00e0 jour r\u00e9guli\u00e8res pour assurer la compatibilit\u00e9 avec les nouvelles versions WordPress.<\/li>\n<\/ul>\n","protected":false},"excerpt":{"rendered":"<p>L&rsquo;addon de galerie de dossiers WP Media est un outil indispensable qui est fortement recommand\u00e9 pour chaque propri\u00e9taire de site Web WordPress visant \u00e0 cr\u00e9er des galeries d&rsquo;images captivantes visuellement. Cet addon fournit une interface conviviale, des fonctionnalit\u00e9s de glisser-d\u00e9poser sans couture et une vaste s\u00e9lection d&rsquo;options de personnalisation, vous permettant d&rsquo;organiser et de pr\u00e9senter efficacement vos fichiers multim\u00e9dias d&rsquo;une mani\u00e8re qui s&rsquo;aligne parfaitement avec votre style de site Web unique et votre identit\u00e9 de marque. Offrez des adieux aux galeries d&rsquo;images lourdes et d\u00e9suets et apportez l&rsquo;attrait visuel de votre site Web vers de nouveaux sommets en int\u00e9grant l&rsquo;addon de la galerie de dossiers de m\u00e9dias WP.<\/p>\n","protected":false},"featured_media":146176,"comment_status":"open","ping_status":"closed","template":"","meta":[],"product_brand":[2718],"product_cat":[1187,1181,1186],"product_tag":[1468],"class_list":{"0":"post-105866","1":"product","2":"type-product","3":"status-publish","4":"has-post-thumbnail","6":"product_brand-joomunited","7":"product_cat-administration-wordpress-plugins","8":"product_cat-plugins","9":"product_cat-wordpress-plugins","10":"product_tag-joomunited","11":"member-discount","12":"discount-restricted","14":"first","15":"instock","16":"sale","17":"downloadable","18":"virtual","19":"sold-individually","20":"purchasable","21":"product-type-simple"},"_links":{"self":[{"href":"https:\/\/gpl-love.com\/fr\/wp-json\/wp\/v2\/product\/105866","targetHints":{"allow":["GET"]}}],"collection":[{"href":"https:\/\/gpl-love.com\/fr\/wp-json\/wp\/v2\/product"}],"about":[{"href":"https:\/\/gpl-love.com\/fr\/wp-json\/wp\/v2\/types\/product"}],"replies":[{"embeddable":true,"href":"https:\/\/gpl-love.com\/fr\/wp-json\/wp\/v2\/comments?post=105866"}],"wp:featuredmedia":[{"embeddable":true,"href":"https:\/\/gpl-love.com\/fr\/wp-json\/wp\/v2\/media\/146176"}],"wp:attachment":[{"href":"https:\/\/gpl-love.com\/fr\/wp-json\/wp\/v2\/media?parent=105866"}],"wp:term":[{"taxonomy":"product_brand","embeddable":true,"href":"https:\/\/gpl-love.com\/fr\/wp-json\/wp\/v2\/product_brand?post=105866"},{"taxonomy":"product_cat","embeddable":true,"href":"https:\/\/gpl-love.com\/fr\/wp-json\/wp\/v2\/product_cat?post=105866"},{"taxonomy":"product_tag","embeddable":true,"href":"https:\/\/gpl-love.com\/fr\/wp-json\/wp\/v2\/product_tag?post=105866"}],"curies":[{"name":"wp","href":"https:\/\/api.w.org\/{rel}","templated":true}]}}