{"id":105863,"date":"2022-04-05T00:00:00","date_gmt":"2022-04-04T22:00:00","guid":{"rendered":"http:\/\/gpl-love.com\/fr\/product\/wp-kit\/"},"modified":"2026-03-20T23:50:08","modified_gmt":"2026-03-20T22:50:08","slug":"wp-kit-for-elementor","status":"publish","type":"product","link":"https:\/\/gpl-love.com\/fr\/produit\/wp-kit-for-elementor\/","title":{"rendered":"WP Kit For Elementor 1.1.0"},"content":{"rendered":"<h3>WP Kit For Elementor Traits<\/h3>\n<p>Le kit WP pour Elementor est un plugin incroyablement robuste qui sert \u00e0 am\u00e9liorer l&rsquo;efficacit\u00e9 des d\u00e9veloppeurs de sites Web en leur accordant la capacit\u00e9 d&rsquo;\u00e9conomiser du temps et d&rsquo;optimiser leur flux de travail. Avec la mise en \u0153uvre de ce plugin, on peut g\u00e9n\u00e9rer sans effort des sites Web qui sont esth\u00e9tiquement agr\u00e9ables et d\u00e9gager un sentiment de professionnalisme gr\u00e2ce \u00e0 l&rsquo;utilisation de Elementor. Cet outil ing\u00e9nieux fournit une vaste gamme de mod\u00e8les, de widgets et de blocs pr\u00e9-con\u00e7us, qui poss\u00e8dent tous la capacit\u00e9 inh\u00e9rente \u00e0 \u00eatre personnalis\u00e9e afin de s&rsquo;harmoniser de mani\u00e8re transparente avec la marque et le style sp\u00e9cifiques de son site Web. Le kit WP pour Elementor a \u00e9t\u00e9 ing\u00e9nieusement con\u00e7u pour \u00eatre convivial et facilement navigable, ce qui le rend un atout id\u00e9al pour des individus de niveaux d&rsquo;expertise diff\u00e9rents, englobant \u00e0 la fois des n\u00e9ophytes et des d\u00e9veloppeurs assaisonn\u00e9s. Parmi sa vaste liste de fonctionnalit\u00e9s, les utilisateurs peuvent savourer les avantages d&rsquo;une conception r\u00e9active, de widgets personnalisables et d&rsquo;une biblioth\u00e8que d\u00e9bordante de conceptions pr\u00eates \u00e0 l&#8217;emploi. En fin de compte, le kit WP pour Elementor est un outil superlatif, capable de permettre aux utilisateurs d&rsquo;\u00e9riger visuellement des sites Web \u00e9tonnants et riches en fonctionnalit\u00e9s, le tout sans n\u00e9cessiter un iota de prouesses de codage.<\/p>\n<ul>\n<li>WP Kit for Elementor est une bo\u00eete \u00e0 outils puissante con\u00e7ue sp\u00e9cifiquement pour les utilisateurs du Builder de site Web Elementor.<\/li>\n<li>Avec WP Kit, vous pouvez facilement cr\u00e9er des types de publiques personnalis\u00e9s, des formulaires avanc\u00e9s et des galeries dynamiques.<\/li>\n<li>Le plugin est livr\u00e9 avec plus de 60 mod\u00e8les pr\u00e9d\u00e9finis et plus de 100 widgets, vous permettant de cr\u00e9er facilement des sites Web \u00e9poustouflants sans aucune connaissance de codage.<\/li>\n<li>WP Kit comprend \u00e9galement un puissant constructeur de th\u00e8mes, vous permettant de personnaliser la conception de votre site \u00e0 vos sp\u00e9cifications exactes.<\/li>\n<li>Avec son interface conviviale et son \u00e9diteur de glisser-d\u00e9poser intuitif, le kit WP est parfait pour les d\u00e9butants et les utilisateurs avanc\u00e9s.<\/li>\n<li>De plus, le plugin est extr\u00eamement l\u00e9ger et offre des temps de chargement de page rapide, ce qui en fait le choix parfait pour tout site Web.<\/li>\n<li>Avec ses fonctionnalit\u00e9s puissantes et son interface conviviale, WP Kit pour Elementor est la bo\u00eete \u00e0 outils ultime pour tous les besoins de la construction de votre site Web.<\/li>\n<\/ul>\n","protected":false},"excerpt":{"rendered":"<p>WP Kit pour Elementor, un outil robuste et multiforme, sert de ressource inestimable pour fabriquer sans effort des sites Web de frappe visuellement. B\u00e9n\u00e9ficiant d&rsquo;une vaste gamme de widgets et de mod\u00e8les m\u00e9ticuleusement con\u00e7us, ce kit vous offre tous les composants essentiels n\u00e9cessaires pour construire un site Web enti\u00e8rement op\u00e9rationnel en utilisant Elementor. Que vous soyez un n\u00e9ophyte dans le domaine de la conception Web ou un kit WP assaisonn\u00e9, WP pour Elementor rationalise le processus de cr\u00e9ation du site Web, minimisant efficacement les d\u00e9penses du temps et de l&rsquo;\u00e9nergie. \u00c9levez les prouesses de conception de votre site Web en int\u00e9grant le kit WP pour Elementor dans votre r\u00e9pertoire sans d\u00e9lai!<\/p>\n","protected":false},"featured_media":146171,"comment_status":"open","ping_status":"closed","template":"","meta":[],"product_brand":[2435],"product_cat":[1189,1181,1186],"product_tag":[1231],"class_list":{"0":"post-105863","1":"product","2":"type-product","3":"status-publish","4":"has-post-thumbnail","6":"product_brand-codecanyon","7":"product_cat-personnalisation","8":"product_cat-plugins","9":"product_cat-wordpress-plugins","10":"product_tag-codecanyon","11":"member-discount","12":"discount-restricted","14":"first","15":"instock","16":"sale","17":"downloadable","18":"virtual","19":"sold-individually","20":"purchasable","21":"product-type-simple"},"_links":{"self":[{"href":"https:\/\/gpl-love.com\/fr\/wp-json\/wp\/v2\/product\/105863","targetHints":{"allow":["GET"]}}],"collection":[{"href":"https:\/\/gpl-love.com\/fr\/wp-json\/wp\/v2\/product"}],"about":[{"href":"https:\/\/gpl-love.com\/fr\/wp-json\/wp\/v2\/types\/product"}],"replies":[{"embeddable":true,"href":"https:\/\/gpl-love.com\/fr\/wp-json\/wp\/v2\/comments?post=105863"}],"wp:featuredmedia":[{"embeddable":true,"href":"https:\/\/gpl-love.com\/fr\/wp-json\/wp\/v2\/media\/146171"}],"wp:attachment":[{"href":"https:\/\/gpl-love.com\/fr\/wp-json\/wp\/v2\/media?parent=105863"}],"wp:term":[{"taxonomy":"product_brand","embeddable":true,"href":"https:\/\/gpl-love.com\/fr\/wp-json\/wp\/v2\/product_brand?post=105863"},{"taxonomy":"product_cat","embeddable":true,"href":"https:\/\/gpl-love.com\/fr\/wp-json\/wp\/v2\/product_cat?post=105863"},{"taxonomy":"product_tag","embeddable":true,"href":"https:\/\/gpl-love.com\/fr\/wp-json\/wp\/v2\/product_tag?post=105863"}],"curies":[{"name":"wp","href":"https:\/\/api.w.org\/{rel}","templated":true}]}}