{"id":105862,"date":"2024-05-04T00:00:00","date_gmt":"2024-05-03T22:00:00","guid":{"rendered":"http:\/\/gpl-love.com\/fr\/product\/wp-job-manager-cv-gestionnaire-dextensions\/"},"modified":"2026-03-20T23:50:07","modified_gmt":"2026-03-20T22:50:07","slug":"wp-job-manager-resume-manager-addon","status":"publish","type":"product","link":"https:\/\/gpl-love.com\/fr\/produit\/wp-job-manager-resume-manager-addon\/","title":{"rendered":"WP Job Manager Resume Manager Addon 2.2.0"},"content":{"rendered":"<h3>WP Job Manager Resume Manager Addon Traits<\/h3>\n<p>Le gestionnaire de CV WP Manager Addon, un outil robuste m\u00e9ticuleusement con\u00e7u pour faciliter la gestion transparente des curriculum vitae pour les demandeurs d&#8217;emploi et les employeurs, s&rsquo;av\u00e8re \u00eatre un atout inestimable. Ce formidable addon permet aux demandeurs d&#8217;emploi de g\u00e9n\u00e9rer et de t\u00e9l\u00e9charger sans effort leur curriculum vitae dans une myriade de formats polyvalents, y compris, mais sans s&rsquo;y limiter, les documents PDF ou Word, am\u00e9liorant ainsi leurs perspectives d&#8217;employabilit\u00e9. En outre, les employeurs sont accord\u00e9s \u00e0 la capacit\u00e9 de parcourir et de passer au crible sans effort les curriculum vitae, exer\u00e7ant le pouvoir de filtrer m\u00e9ticuleusement leur recherche sur la base d&rsquo;une pl\u00e9thore de crit\u00e8res sp\u00e9cifiques tels que les comp\u00e9tences d&rsquo;un individu ou l&rsquo;exp\u00e9rience ant\u00e9rieure. Les capacit\u00e9s \u00e0 multiples facettes de cet addon remarquable s&rsquo;\u00e9tendent au-del\u00e0 de ces fonctions rudimentaires, englobant la fourniture de fonctionnalit\u00e9s indispensables telles que les notifications par e-mail, les aper\u00e7us de reprise et les formulaires de soumission personnalisables, rendant l&rsquo;int\u00e9gralit\u00e9 du processus de recrutement remarquablement exp\u00e9di\u00e9 et rationalis\u00e9. Il est sans \u00e9quivoque \u00e9vident qu&rsquo;avec l&rsquo;incorporation de l&rsquo;addon de gestionnaire de CV de WP Manager dans leur arsenal, les demandeurs d&#8217;emploi et les employeurs ont des avantages inestimables pour \u00e9conomiser un temps et des efforts substantiel Fortifier la vitalit\u00e9 et la prosp\u00e9rit\u00e9 de leurs organisations respectives.<\/p>\n<ul>\n<li>Permet aux utilisateurs de t\u00e9l\u00e9charger et de g\u00e9rer les CV directement sur votre site Web de liste d&#8217;emploi<\/li>\n<li>Fournit des formulaires de soumission de CV personnalisables pour les demandeurs d&#8217;emploi<\/li>\n<li>Permet aux employeurs de rechercher et de visualiser facilement les curriculum vitae dans la plate-forme WP Job Manager<\/li>\n<li>Offre la possibilit\u00e9 de filtrer les curriculum vitae par titre d&#8217;emploi, emplacement et mots cl\u00e9s pour l&#8217;embauche efficace<\/li>\n<li>Int\u00e9gre parfaitement avec votre plugin et le th\u00e8me de votre gestionnaire de travail WP existant<\/li>\n<li>Fournit une documentation d\u00e9taill\u00e9e et un soutien de d\u00e9veloppeurs exp\u00e9riment\u00e9s<\/li>\n<li>Garde les curriculum vitae et les listes d&#8217;emplois s\u00e9curis\u00e9es avec le contr\u00f4le d&rsquo;acc\u00e8s des utilisateurs et le cryptage SSL<\/li>\n<li>\u00c9conomise du temps et am\u00e9liore le flux de travail pour les demandeurs d&#8217;emploi et les employeurs.<\/li>\n<\/ul>\n","protected":false},"excerpt":{"rendered":"<p>Le WP Job Manager Repup Manager Addon est un outil tr\u00e8s indispensable qui r\u00e9pond aux besoins des entreprises et des demandeurs d&#8217;emploi dans une m\u00eame mesure. Ce plugin remarquable offre aux demandeurs d&#8217;emploi la commodit\u00e9 de t\u00e9l\u00e9charger sans effort leur curriculum vitae et de les g\u00e9rer efficacement via leur tableau de bord utilisateur. \u00c0 leur tour, les employeurs ont la capacit\u00e9 sans effort de visualiser et de t\u00e9l\u00e9charger directement les curriculum vitae \u00e0 partir des listes d&#8217;emplois. La pr\u00e9sence de l&rsquo;addon de gestionnaire de CV permet aux gestionnaires d&#8217;embauche d&rsquo;identifier rapidement et efficacement les candidats exceptionnels, rationalisant ainsi consid\u00e9rablement leur processus d&#8217;embauche global. De plus, cet addon incroyablement polyvalent poss\u00e8de des options de personnalisation compl\u00e8tes, vous offrant la possibilit\u00e9 de fabriquer une exp\u00e9rience d&#8217;embauche et de recrutement enti\u00e8rement transparente et sur mesure pour votre entreprise estim\u00e9e.<\/p>\n","protected":false},"featured_media":146169,"comment_status":"open","ping_status":"closed","template":"","meta":[],"product_brand":[2722],"product_cat":[1187,1181,1186],"product_tag":[1419],"class_list":{"0":"post-105862","1":"product","2":"type-product","3":"status-publish","4":"has-post-thumbnail","6":"product_brand-wp-job-manager","7":"product_cat-administration-wordpress-plugins","8":"product_cat-plugins","9":"product_cat-wordpress-plugins","10":"product_tag-wp-job-manager","11":"member-discount","12":"discount-restricted","14":"first","15":"instock","16":"sale","17":"downloadable","18":"virtual","19":"sold-individually","20":"purchasable","21":"product-type-simple"},"_links":{"self":[{"href":"https:\/\/gpl-love.com\/fr\/wp-json\/wp\/v2\/product\/105862","targetHints":{"allow":["GET"]}}],"collection":[{"href":"https:\/\/gpl-love.com\/fr\/wp-json\/wp\/v2\/product"}],"about":[{"href":"https:\/\/gpl-love.com\/fr\/wp-json\/wp\/v2\/types\/product"}],"replies":[{"embeddable":true,"href":"https:\/\/gpl-love.com\/fr\/wp-json\/wp\/v2\/comments?post=105862"}],"wp:featuredmedia":[{"embeddable":true,"href":"https:\/\/gpl-love.com\/fr\/wp-json\/wp\/v2\/media\/146169"}],"wp:attachment":[{"href":"https:\/\/gpl-love.com\/fr\/wp-json\/wp\/v2\/media?parent=105862"}],"wp:term":[{"taxonomy":"product_brand","embeddable":true,"href":"https:\/\/gpl-love.com\/fr\/wp-json\/wp\/v2\/product_brand?post=105862"},{"taxonomy":"product_cat","embeddable":true,"href":"https:\/\/gpl-love.com\/fr\/wp-json\/wp\/v2\/product_cat?post=105862"},{"taxonomy":"product_tag","embeddable":true,"href":"https:\/\/gpl-love.com\/fr\/wp-json\/wp\/v2\/product_tag?post=105862"}],"curies":[{"name":"wp","href":"https:\/\/api.w.org\/{rel}","templated":true}]}}