{"id":105860,"date":"2023-12-19T00:00:00","date_gmt":"2023-12-18T23:00:00","guid":{"rendered":"http:\/\/gpl-love.com\/fr\/product\/wp-job-extended-manager-lieu-addon\/"},"modified":"2026-03-20T23:50:01","modified_gmt":"2026-03-20T22:50:01","slug":"wp-job-manager-extended-location-addon","status":"publish","type":"product","link":"https:\/\/gpl-love.com\/fr\/produit\/wp-job-manager-extended-location-addon\/","title":{"rendered":"WP Job Manager Extended Location Addon 3.5.4"},"content":{"rendered":"<h3>WP Job Manager Extended Location Addon Traits<\/h3>\n<p>L&rsquo;addon d&#8217;emplacement \u00e9tendu de WP Manager offre une pl\u00e9thore de fonctionnalit\u00e9s et de fonctionnalit\u00e9s qui am\u00e9liorent consid\u00e9rablement les capacit\u00e9s de recherche d&#8217;emploi de votre site Web. En incorporant cet addon dans votre site Web, les demandeurs d&#8217;emploi sont habilit\u00e9s \u00e0 la possibilit\u00e9 de localiser et de postuler sans effort pour des emplois qui s&rsquo;alignent sur la situation g\u00e9ographique souhait\u00e9e, rationalisant ainsi le processus de recherche d&#8217;emploi et augmentant consid\u00e9rablement l&rsquo;efficacit\u00e9. De plus, les employeurs sont \u00e9quip\u00e9s des moyens de cibler sp\u00e9cifiquement les listes d&#8217;emplois dans des r\u00e9gions g\u00e9ographiques particuli\u00e8res, assurant une visibilit\u00e9 et une exposition optimales aux candidats les plus appropri\u00e9s. L&rsquo;installation et l&rsquo;utilisation de l&rsquo;addon de localisation \u00e9tendu sont \u00e0 la fois remarquablement simples et conviviales, int\u00e9grant de mani\u00e8re transparente avec le plugin WP Job Manager pour fournir une solution compl\u00e8te et globale du tableau des travaux pour votre site Web. En adoptant cet addon, vous \u00eates en mesure d&rsquo;\u00e9lever vos fonctionnalit\u00e9s de recherche d&#8217;emploi \u00e0 des hauteurs sans pr\u00e9c\u00e9dent et de livrer une exp\u00e9rience de recherche d&#8217;emploi extr\u00eamement fluide et centr\u00e9e sur la localisation \u00e0 vos pr\u00e9cieux utilisateurs.<\/p>\n<ul>\n<li>Ajoute des options de localisation \u00e9tendues au plugin WP Job Manager<\/li>\n<li>Permet aux utilisateurs de sp\u00e9cifier des emplacements pr\u00e9cis via la carte ou l&rsquo;entr\u00e9e d&rsquo;adresse<\/li>\n<li>Comprend des suggestions de saisie semi-automatique pour une entr\u00e9e d&#8217;emplacement plus rapide et plus pr\u00e9cise<\/li>\n<li>Fournit des options de filtrage avanc\u00e9es en fonction de l&#8217;emplacement, comme le rayon de distance<\/li>\n<li>Permet des listes d&#8217;emplois bas\u00e9es sur la localisation et des recherches pour une pertinence am\u00e9lior\u00e9e<\/li>\n<li>Prend en charge plusieurs champs de localisation pour des offres d&#8217;emploi plus cibl\u00e9es<\/li>\n<li>Int\u00e8gre de mani\u00e8re transparente avec WP Job Manager et d&rsquo;autres plugins populaires<\/li>\n<li>Offre des \u00e9tiquettes et param\u00e8tres de localisation personnalisables pour une marque facile<\/li>\n<li>Comprend une documentation compl\u00e8te et une prise en charge de l&rsquo;installation et de l&rsquo;utilisation sans tracas<\/li>\n<li>Mis \u00e0 jour en continu avec de nouvelles fonctionnalit\u00e9s et am\u00e9liorations pour r\u00e9pondre aux besoins des utilisateurs.<\/li>\n<\/ul>\n","protected":false},"excerpt":{"rendered":"<p>Le WP Job Manager Extended Location Addon est un outil incroyablement robuste qui s&rsquo;int\u00e8gre de mani\u00e8re transparente avec WP Job Manager, am\u00e9liorant ainsi et augmentant ainsi ses fonctionnalit\u00e9s bas\u00e9es sur la localisation. En incorporant cet addon dans votre plateforme de recherche d&#8217;emploi, les demandeurs d&#8217;emploi re\u00e7oivent un acc\u00e8s rationalis\u00e9 et sans effort \u00e0 des possibilit\u00e9s d&#8217;emploi pertinentes qui correspondent \u00e0 leurs emplacements pr\u00e9f\u00e9r\u00e9s. Simultan\u00e9ment, les employeurs peuvent attirer et se connecter avec des candidats exceptionnellement qualifi\u00e9s originaires de r\u00e9gions sp\u00e9cifiques. Cet addon inestimable sert \u00e0 simplifier et \u00e0 optimiser le processus global de recherche d&#8217;emploi, garantissant que les demandeurs d&#8217;emploi et les employeurs sont capables de savourer dans une exp\u00e9rience de transparence et sans tracas. Ne manquez pas les \u00e9normes avantages que cet addon a \u00e0 offrir &#8211; acqu\u00e9rir le WP Manager Extended Location Addon d\u00e8s aujourd&rsquo;hui et d\u00e9bloquer le potentiel complet de votre plate-forme de recherche d&#8217;emploi.<\/p>\n","protected":false},"featured_media":146163,"comment_status":"open","ping_status":"closed","template":"","meta":[],"product_brand":[2722],"product_cat":[1187,1181,1186],"product_tag":[1419],"class_list":{"0":"post-105860","1":"product","2":"type-product","3":"status-publish","4":"has-post-thumbnail","6":"product_brand-wp-job-manager","7":"product_cat-administration-wordpress-plugins","8":"product_cat-plugins","9":"product_cat-wordpress-plugins","10":"product_tag-wp-job-manager","11":"member-discount","12":"discount-restricted","14":"first","15":"instock","16":"sale","17":"downloadable","18":"virtual","19":"sold-individually","20":"purchasable","21":"product-type-simple"},"_links":{"self":[{"href":"https:\/\/gpl-love.com\/fr\/wp-json\/wp\/v2\/product\/105860","targetHints":{"allow":["GET"]}}],"collection":[{"href":"https:\/\/gpl-love.com\/fr\/wp-json\/wp\/v2\/product"}],"about":[{"href":"https:\/\/gpl-love.com\/fr\/wp-json\/wp\/v2\/types\/product"}],"replies":[{"embeddable":true,"href":"https:\/\/gpl-love.com\/fr\/wp-json\/wp\/v2\/comments?post=105860"}],"wp:featuredmedia":[{"embeddable":true,"href":"https:\/\/gpl-love.com\/fr\/wp-json\/wp\/v2\/media\/146163"}],"wp:attachment":[{"href":"https:\/\/gpl-love.com\/fr\/wp-json\/wp\/v2\/media?parent=105860"}],"wp:term":[{"taxonomy":"product_brand","embeddable":true,"href":"https:\/\/gpl-love.com\/fr\/wp-json\/wp\/v2\/product_brand?post=105860"},{"taxonomy":"product_cat","embeddable":true,"href":"https:\/\/gpl-love.com\/fr\/wp-json\/wp\/v2\/product_cat?post=105860"},{"taxonomy":"product_tag","embeddable":true,"href":"https:\/\/gpl-love.com\/fr\/wp-json\/wp\/v2\/product_tag?post=105860"}],"curies":[{"name":"wp","href":"https:\/\/api.w.org\/{rel}","templated":true}]}}