{"id":105856,"date":"2021-07-10T00:00:00","date_gmt":"2021-07-09T22:00:00","guid":{"rendered":"http:\/\/gpl-love.com\/fr\/product\/wordpress-pro-event-calendar-event-calendar-wordpress-pro\/"},"modified":"2026-03-20T23:49:13","modified_gmt":"2026-03-20T22:49:13","slug":"wordpress-pro-event-calendar","status":"publish","type":"product","link":"https:\/\/gpl-love.com\/fr\/produit\/wordpress-pro-event-calendar\/","title":{"rendered":"WordPress Pro Event Calendar 3.2.7"},"content":{"rendered":"<h3>WordPress Pro Event Calendar Traits<\/h3>\n<p>Le calendrier des \u00e9v\u00e9nements WordPress Pro est un plugin incroyablement robuste qui offre des fonctionnalit\u00e9s in\u00e9gal\u00e9es dans le domaine de la cr\u00e9ation et de la gestion des \u00e9v\u00e9nements pour votre site Web. En utilisant son interface utilisateur intuitive et sa vaste gamme de fonctionnalit\u00e9s personnalisables, vous avez la possibilit\u00e9 d&rsquo;\u00e9tablir sans effort un calendrier d&rsquo;\u00e9v\u00e9nements qui s&rsquo;aligne parfaitement avec votre marque et votre style distinctifs. Ce plugin exceptionnel permet l&rsquo;inclusion de champs sur mesure, d&rsquo;options RSVP, ainsi que de d\u00e9tails complets d&rsquo;\u00e9v\u00e9nements tels que la date, l&rsquo;heure et l&#8217;emplacement sp\u00e9cifi\u00e9s. De plus, vous poss\u00e9dez la capacit\u00e9 d&rsquo;incorporer de mani\u00e8re transparente votre calendrier m\u00e9ticuleusement con\u00e7u sur n&rsquo;importe quelle page ou message situ\u00e9 sur votre site Web. Ce plugin particulier se r\u00e9v\u00e8le \u00eatre une solution impeccable pour un assortiment d&rsquo;entit\u00e9s, y compris des entreprises, des organisations ou toute personne d\u00e9sireuse de contr\u00f4ler et de superviser efficacement les \u00e9v\u00e9nements qui se d\u00e9roulent sur leur site Web WordPress. Par cons\u00e9quent, avec l&rsquo;utilisation du calendrier des \u00e9v\u00e9nements WordPress Pro, vous pouvez rationaliser vos efforts de planification d&rsquo;\u00e9v\u00e9nements complexes tout en vous assurant simultan\u00e9ment que vos pr\u00e9cieux visiteurs restent bien inform\u00e9s concernant les prochains \u00e9v\u00e9nements d&rsquo;int\u00e9r\u00eat.<\/p>\n<ul>\n<li>Affichage du calendrier enti\u00e8rement r\u00e9actif sur n&rsquo;importe quel appareil<\/li>\n<li>Un nombre illimit\u00e9 d&rsquo;\u00e9v\u00e9nements peut \u00eatre ajout\u00e9<\/li>\n<li>Option pour cr\u00e9er des \u00e9v\u00e9nements r\u00e9currents avec des intervalles personnalisables<\/li>\n<li>Gestion facile des \u00e9v\u00e9nements avec des fonctionnalit\u00e9s de glisser-d\u00e9poser<\/li>\n<li>Int\u00e9gration avec Google Maps pour les informations de localisation et les instructions<\/li>\n<li>Option de vendre des billets directement via le calendrier avec l&rsquo;int\u00e9gration WooCommerce<\/li>\n<li>Vues de calendrier personnalisables multiples, y compris mensuelles, hebdomadaires et agenda<\/li>\n<li>Capacit\u00e9 \u00e0 d\u00e9finir des rappels d&rsquo;\u00e9v\u00e9nements pour les utilisateurs<\/li>\n<li>\u00c9tiquettes d&rsquo;\u00e9v\u00e9nements personnalisables et codage des couleurs pour une identification facile<\/li>\n<li>Prise en charge de plusieurs langues et fuseaux horaires.<\/li>\n<\/ul>\n","protected":false},"excerpt":{"rendered":"<p>Le calendrier d&rsquo;\u00e9v\u00e9nements WordPress Pro est un plugin exceptionnellement robuste et formidable qui vous accorde la possibilit\u00e9 de cr\u00e9er et de g\u00e9rer efficacement plusieurs \u00e9v\u00e9nements sur votre site Web. Offrant une pl\u00e9thore d&rsquo;options personnalisables, ce plugin permet la pr\u00e9sentation sans effort de d\u00e9tails d&rsquo;\u00e9v\u00e9nements complexes tels que les d\u00e9tails, les dates, les heures et les emplacements. En outre, il facilite la vente de billets et l&rsquo;enregistrement des participants. Ce plugin s&rsquo;int\u00e8gre parfaitement \u00e0 votre site WordPress, vous accordant une interface utilisateur simplifi\u00e9e qui optimise la gestion des \u00e9v\u00e9nements et cultive une exp\u00e9rience utilisateur transparente pour vos participants. Que vous vous trouviez \u00e0 se lancer dans l&rsquo;organisation d&rsquo;une modeste r\u00e9union de petites entreprises ou d&rsquo;une conf\u00e9rence \u00e9tendue \u00e0 grande \u00e9chelle, le calendrier de l&rsquo;\u00e9v\u00e9nement WordPress Pro est \u00e9quip\u00e9 de tous les outils essentiels n\u00e9cessaires pour s&rsquo;assurer que votre \u00e9v\u00e9nement s&rsquo;\u00e9panouit et atteint le summum du succ\u00e8s.<\/p>\n","protected":false},"featured_media":146115,"comment_status":"open","ping_status":"closed","template":"","meta":[],"product_brand":[2435],"product_cat":[1189,1181,1186],"product_tag":[1231],"class_list":{"0":"post-105856","1":"product","2":"type-product","3":"status-publish","4":"has-post-thumbnail","6":"product_brand-codecanyon","7":"product_cat-personnalisation","8":"product_cat-plugins","9":"product_cat-wordpress-plugins","10":"product_tag-codecanyon","11":"member-discount","12":"discount-restricted","14":"first","15":"instock","16":"sale","17":"downloadable","18":"virtual","19":"sold-individually","20":"purchasable","21":"product-type-simple"},"_links":{"self":[{"href":"https:\/\/gpl-love.com\/fr\/wp-json\/wp\/v2\/product\/105856","targetHints":{"allow":["GET"]}}],"collection":[{"href":"https:\/\/gpl-love.com\/fr\/wp-json\/wp\/v2\/product"}],"about":[{"href":"https:\/\/gpl-love.com\/fr\/wp-json\/wp\/v2\/types\/product"}],"replies":[{"embeddable":true,"href":"https:\/\/gpl-love.com\/fr\/wp-json\/wp\/v2\/comments?post=105856"}],"wp:featuredmedia":[{"embeddable":true,"href":"https:\/\/gpl-love.com\/fr\/wp-json\/wp\/v2\/media\/146115"}],"wp:attachment":[{"href":"https:\/\/gpl-love.com\/fr\/wp-json\/wp\/v2\/media?parent=105856"}],"wp:term":[{"taxonomy":"product_brand","embeddable":true,"href":"https:\/\/gpl-love.com\/fr\/wp-json\/wp\/v2\/product_brand?post=105856"},{"taxonomy":"product_cat","embeddable":true,"href":"https:\/\/gpl-love.com\/fr\/wp-json\/wp\/v2\/product_cat?post=105856"},{"taxonomy":"product_tag","embeddable":true,"href":"https:\/\/gpl-love.com\/fr\/wp-json\/wp\/v2\/product_tag?post=105856"}],"curies":[{"name":"wp","href":"https:\/\/api.w.org\/{rel}","templated":true}]}}