{"id":105854,"date":"2023-04-19T00:00:00","date_gmt":"2023-04-18T22:00:00","guid":{"rendered":"http:\/\/gpl-love.com\/fr\/product\/wordpress-gdpr\/"},"modified":"2026-03-20T23:49:07","modified_gmt":"2026-03-20T22:49:07","slug":"wordpress-gdpr","status":"publish","type":"product","link":"https:\/\/gpl-love.com\/fr\/produit\/wordpress-gdpr\/","title":{"rendered":"WordPress GDPR et CCPA 1.9.31"},"content":{"rendered":"<h3>WordPress GDPR et CCPA Traits<\/h3>\n<p>Le RGPD WordPress et le plugin CCPA ont \u00e9t\u00e9 m\u00e9ticuleusement d\u00e9velopp\u00e9s pour garantir l&rsquo;adh\u00e9sion in\u00e9branlable au r\u00e8glement g\u00e9n\u00e9ral sur la protection des donn\u00e9es (RGPD) et \u00e0 la California Consumer Privacy Act (CCPA), englobant une vaste gamme de fonctionnalit\u00e9s sophistiqu\u00e9es. Ces fonctionnalit\u00e9s englobent des \u00e9l\u00e9ments essentiels, tels que l&rsquo;obtention de consentement pour l&rsquo;utilisation des cookies, r\u00e9alisant les demandes des individus pour acc\u00e9der \u00e0 leurs donn\u00e9es et sa suppression, ainsi que pour offrir aux visiteurs du site Web la possibilit\u00e9 de se retirer. La puissance inh\u00e9rente du plugin r\u00e9side dans son interface intuitive et la possibilit\u00e9 d&rsquo;adapter ses param\u00e8tres en fonction des pr\u00e9f\u00e9rences individuelles, fournissant ainsi une solution impeccablement int\u00e9gr\u00e9e pour les propri\u00e9taires de sites Web souhaitant renforcer leurs mesures de confidentialit\u00e9 et de s\u00e9curit\u00e9 des donn\u00e9es. En g\u00e9n\u00e9rant de mani\u00e8re transparente une politique de confidentialit\u00e9 et en fournissant une documentation m\u00e9ticuleuse pour d\u00e9montrer la conformit\u00e9, ce formidable plugin favorise efficacement la confiance entre les clients et pr\u00e9serve une pr\u00e9sence en ligne \u00e9thique et transparente.<\/p>\n<ul>\n<li>Assure la conformit\u00e9 aux r\u00e9glementations du RGPD et du CCPA pour les sites Web WordPress<\/li>\n<li>Fournit des avis de consentement personnalisables pour les visiteurs du site Web<\/li>\n<li>Permet aux utilisateurs de g\u00e9rer et de supprimer facilement les donn\u00e9es sur demande<\/li>\n<li>Bloque automatiquement les cookies jusqu&rsquo;\u00e0 ce que le consentement soit donn\u00e9<\/li>\n<li>Offre un contr\u00f4le granulaire sur les options de collecte et de traitement des donn\u00e9es<\/li>\n<li>Offre des fonctionnalit\u00e9s de notification et de rapport de violation de donn\u00e9es robustes<\/li>\n<li>Aide les entreprises \u00e0 \u00e9viter de lourdes sanctions pour la non-conformit\u00e9 aux r\u00e9glementations de confidentialit\u00e9<\/li>\n<li>Peut \u00eatre personnalis\u00e9 pour des industries sp\u00e9cifiques ou des besoins des utilisateurs<\/li>\n<li>Fournit un tableau de bord convivial pour surveiller la conformit\u00e9 et g\u00e9rer les demandes de donn\u00e9es<\/li>\n<li>R\u00e9guli\u00e8rement mis \u00e0 jour pour s&rsquo;adapter \u00e0 l&rsquo;\u00e9volution des r\u00e9glementations et des menaces de s\u00e9curit\u00e9<\/li>\n<\/ul>\n","protected":false},"excerpt":{"rendered":"<p>Le plugin WordPress GDPR et CCPA sert \u00e0 garantir que votre site Web reste en conformit\u00e9 avec les r\u00e9glementations de confidentialit\u00e9 en offrant une multitude de fonctionnalit\u00e9s essentielles, y compris, mais sans s&rsquo;y limiter , avis de consentement des cookies et une multitude d&rsquo;autres capacit\u00e9s. En raison de sa simplicit\u00e9 de configuration ainsi que de son haut niveau de personnalisation, ce plugin garantit que les exigences uniques de votre site Web sont satisfaites, garantissant ainsi la s\u00e9curit\u00e9 et la s\u00e9curit\u00e9 des donn\u00e9es relatives \u00e0 vos pr\u00e9cieux utilisateurs.<\/p>\n","protected":false},"featured_media":146109,"comment_status":"open","ping_status":"open","template":"","meta":[],"product_brand":[2435],"product_cat":[1187,1181,1186],"product_tag":[1231],"class_list":{"0":"post-105854","1":"product","2":"type-product","3":"status-publish","4":"has-post-thumbnail","6":"product_brand-codecanyon","7":"product_cat-administration-wordpress-plugins","8":"product_cat-plugins","9":"product_cat-wordpress-plugins","10":"product_tag-codecanyon","11":"member-discount","12":"discount-restricted","14":"first","15":"instock","16":"sale","17":"downloadable","18":"virtual","19":"sold-individually","20":"purchasable","21":"product-type-simple"},"_links":{"self":[{"href":"https:\/\/gpl-love.com\/fr\/wp-json\/wp\/v2\/product\/105854","targetHints":{"allow":["GET"]}}],"collection":[{"href":"https:\/\/gpl-love.com\/fr\/wp-json\/wp\/v2\/product"}],"about":[{"href":"https:\/\/gpl-love.com\/fr\/wp-json\/wp\/v2\/types\/product"}],"replies":[{"embeddable":true,"href":"https:\/\/gpl-love.com\/fr\/wp-json\/wp\/v2\/comments?post=105854"}],"wp:featuredmedia":[{"embeddable":true,"href":"https:\/\/gpl-love.com\/fr\/wp-json\/wp\/v2\/media\/146109"}],"wp:attachment":[{"href":"https:\/\/gpl-love.com\/fr\/wp-json\/wp\/v2\/media?parent=105854"}],"wp:term":[{"taxonomy":"product_brand","embeddable":true,"href":"https:\/\/gpl-love.com\/fr\/wp-json\/wp\/v2\/product_brand?post=105854"},{"taxonomy":"product_cat","embeddable":true,"href":"https:\/\/gpl-love.com\/fr\/wp-json\/wp\/v2\/product_cat?post=105854"},{"taxonomy":"product_tag","embeddable":true,"href":"https:\/\/gpl-love.com\/fr\/wp-json\/wp\/v2\/product_tag?post=105854"}],"curies":[{"name":"wp","href":"https:\/\/api.w.org\/{rel}","templated":true}]}}