{"id":105852,"date":"2026-05-05T00:00:00","date_gmt":"2026-05-04T22:00:00","guid":{"rendered":"http:\/\/gpl-love.com\/fr\/product\/wordpress-automatique-plugin\/"},"modified":"2026-05-05T18:31:04","modified_gmt":"2026-05-05T16:31:04","slug":"wordpress-automatic-plugin","status":"publish","type":"product","link":"https:\/\/gpl-love.com\/fr\/produit\/wordpress-automatic-plugin\/","title":{"rendered":"WordPress Automatic Plugin 3.135.0"},"content":{"rendered":"<h3>WordPress Automatic Plugin Traits<\/h3>\n<p>Le plugin automatique WordPress, r\u00e9put\u00e9 pour ses capacit\u00e9s formidables, est un outil d&rsquo;immense puissance qui rationalise efficacement la t\u00e2che ardue de la cr\u00e9ation de contenu sur les sites Web WordPress. En exploitant les capacit\u00e9s de ce plugin, les utilisateurs ont la possibilit\u00e9 de g\u00e9n\u00e9rer et de diffuser sans effort des publications et des articles sur leurs sites Web, avec l&rsquo;avantage suppl\u00e9mentaire d&rsquo;\u00e9liminer la n\u00e9cessit\u00e9 d&rsquo;une intervention manuelle. Une caract\u00e9ristique frappante de ce plugin r\u00e9side dans sa vaste gamme de sources de contenu qu&rsquo;il prend en charge facilement, englobant les aliments RSS, YouTube, Vimeo et une multitude d&rsquo;autres plates-formes. De plus, les utilisateurs ont acc\u00e8s \u00e0 une myriade de fonctionnalit\u00e9s, ce qui leur permet d&rsquo;adapter leur contenu \u00e0 leurs sp\u00e9cifications exactes, garantissant son caract\u00e8re unique et sa pertinence pour leur public exigeant. En tant qu&rsquo;avantage suppl\u00e9mentaire, le plugin automatique WordPress met en \u0153uvre des mises \u00e0 jour automatiques et \u00e9tend la prise en charge de plusieurs langues, ce qui le rend un atout inestimable pour tout propri\u00e9taire de site Web WordPress exigeant cherchant \u00e0 acc\u00e9l\u00e9rer et \u00e0 am\u00e9liorer leurs efforts de cr\u00e9ation de contenu.<\/p>\n<ul>\n<li>Publiez automatiquement du contenu sur votre site Web WordPress<\/li>\n<li>Prend en charge plusieurs sources de contenu, y compris les flux RSS et les m\u00e9dias sociaux<\/li>\n<li>Livr\u00e9 avec un spinner d&rsquo;article int\u00e9gr\u00e9 pour \u00e9viter les erreurs de contenu en double<\/li>\n<li>Planifiez les messages automatiques \u00e0 des moments ou des intervalles sp\u00e9cifiques<\/li>\n<li>Choisissez des cat\u00e9gories et des balises pour chaque message<\/li>\n<li>Option pour ajouter automatiquement une image en vedette \u00e0 chaque message<\/li>\n<li>Peut exclure des mots cl\u00e9s ou des phrases sp\u00e9cifiques provenant de sources de contenu<\/li>\n<li>Raccourcir automatiquement les URL avec une int\u00e9gration bitly<\/li>\n<li>Interface facile \u00e0 utiliser avec une configuration minimale requise<\/li>\n<li>\u00c9quipe d&rsquo;assistance active pour aider \u00e0 tout probl\u00e8me ou questions.<\/li>\n<\/ul>\n","protected":false},"excerpt":{"rendered":"<p>Le plugin automatique WordPress, un outil tr\u00e8s puissant pour rationaliser votre pr\u00e9sence en ligne, propose une gamme de fonctionnalit\u00e9s qui peuvent am\u00e9liorer consid\u00e9rablement votre site WordPress. Son interface conviviale permet une automatisation transparente de la publication de contenu, de g\u00e9n\u00e9rer sans effort des publications, de mettre \u00e0 jour et de g\u00e9rer de mani\u00e8re transparente vos comptes de m\u00e9dias sociaux, tout en incorporant des images captivantes, des vid\u00e9os engageantes et des liens cliquables dans votre contenu. Id\u00e9al pour les blogueurs, les sp\u00e9cialistes du marketing et les entreprises qui cherchent \u00e0 maximiser leur pr\u00e9sence num\u00e9rique et \u00e0 captiver efficacement leur public cible, le plugin automatique WordPress est un atout indispensable.<\/p>\n","protected":false},"featured_media":146103,"comment_status":"open","ping_status":"closed","template":"","meta":[],"product_brand":[2435],"product_cat":[1207,1181,1186],"product_tag":[1231],"class_list":{"0":"post-105852","1":"product","2":"type-product","3":"status-publish","4":"has-post-thumbnail","6":"product_brand-codecanyon","7":"product_cat-commercialisation-wordpress-plugins","8":"product_cat-plugins","9":"product_cat-wordpress-plugins","10":"product_tag-codecanyon","11":"member-discount","12":"discount-restricted","14":"first","15":"instock","16":"sale","17":"downloadable","18":"virtual","19":"sold-individually","20":"purchasable","21":"product-type-simple"},"_links":{"self":[{"href":"https:\/\/gpl-love.com\/fr\/wp-json\/wp\/v2\/product\/105852","targetHints":{"allow":["GET"]}}],"collection":[{"href":"https:\/\/gpl-love.com\/fr\/wp-json\/wp\/v2\/product"}],"about":[{"href":"https:\/\/gpl-love.com\/fr\/wp-json\/wp\/v2\/types\/product"}],"replies":[{"embeddable":true,"href":"https:\/\/gpl-love.com\/fr\/wp-json\/wp\/v2\/comments?post=105852"}],"wp:featuredmedia":[{"embeddable":true,"href":"https:\/\/gpl-love.com\/fr\/wp-json\/wp\/v2\/media\/146103"}],"wp:attachment":[{"href":"https:\/\/gpl-love.com\/fr\/wp-json\/wp\/v2\/media?parent=105852"}],"wp:term":[{"taxonomy":"product_brand","embeddable":true,"href":"https:\/\/gpl-love.com\/fr\/wp-json\/wp\/v2\/product_brand?post=105852"},{"taxonomy":"product_cat","embeddable":true,"href":"https:\/\/gpl-love.com\/fr\/wp-json\/wp\/v2\/product_cat?post=105852"},{"taxonomy":"product_tag","embeddable":true,"href":"https:\/\/gpl-love.com\/fr\/wp-json\/wp\/v2\/product_tag?post=105852"}],"curies":[{"name":"wp","href":"https:\/\/api.w.org\/{rel}","templated":true}]}}