{"id":105848,"date":"2021-02-09T00:00:00","date_gmt":"2021-02-08T23:00:00","guid":{"rendered":"http:\/\/gpl-love.com\/fr\/product\/woomail-woocommerce-email-customizer\/"},"modified":"2026-03-20T23:48:47","modified_gmt":"2026-03-20T22:48:47","slug":"woomail-woocommerce-email-customizer","status":"publish","type":"product","link":"https:\/\/gpl-love.com\/fr\/produit\/woomail-woocommerce-email-customizer\/","title":{"rendered":"WooMail WooCommerce Email Customizer 3.0.34"},"content":{"rendered":"<h3>WooMail WooCommerce Email Customizer Traits<\/h3>\n<p>Woomail WooCommerce Customizer est un outil extr\u00eamement puissant qui vous offre la possibilit\u00e9 de personnaliser et d&rsquo;adapter compl\u00e8tement vos mod\u00e8les de messagerie WooCommerce pour s&rsquo;aligner parfaitement avec l&rsquo;aspect et la sensation uniques de votre marque. Avec l&rsquo;utilisation de Woomail, vous avez l&rsquo;incroyable opportunit\u00e9 de cr\u00e9er et de construire des e-mails visuellement \u00e9poustouflants qui sont certains de captiver et d&rsquo;impressionner vos clients estim\u00e9s, entra\u00eenant finalement une augmentation substantielle de vos revenus de vente. La nature conviviale de ce plugin exceptionnel est am\u00e9lior\u00e9e par l&rsquo;inclusion d&rsquo;un constructeur de courriels glisser-d\u00e9poser remarquablement intuitif, qui vous permet d&rsquo;incorporer sans effort votre logo, vos images et votre texte dans vos e-mails m\u00e9ticuleusement con\u00e7us. De plus, vous poss\u00e9dez la libert\u00e9 de personnaliser largement les couleurs et les polices utilis\u00e9es dans vos e-mails, assurant un alignement transparent avec le style et l&rsquo;esth\u00e9tique distinctifs de votre marque. Woomail fournit \u00e9galement une gamme diversifi\u00e9e de mod\u00e8les pr\u00e9-con\u00e7us pour votre commodit\u00e9, servant de point de d\u00e9part exceptionnel pour votre parcours cr\u00e9atif, ou alternativement, vous avez la possibilit\u00e9 de commencer votre processus de conception \u00e0 partir de z\u00e9ro, vous offrant des possibilit\u00e9s illimit\u00e9es. En exploitant les capacit\u00e9s extraordinaires de Woomail, vous aurez sans aucun doute la capacit\u00e9 de forger et de cultiver une identit\u00e9 de marque qui rayonne de professionnalisme, vous permettant de vous diff\u00e9rencier sans effort de vos concurrents et de favoriser indubitablement la fid\u00e9lit\u00e9 et l&rsquo;engagement des clients.<\/p>\n<ul>\n<li>Mod\u00e8les de messagerie personnalisables pour WooCommerce Store<\/li>\n<li>Possibilit\u00e9s de conception illimit\u00e9es avec \u00e9diteur de glisser-d\u00e9poser<\/li>\n<li>Interface intuitive pour une personnalisation facile<\/li>\n<li>Conceptions r\u00e9actives de l&rsquo;appareil mobile<\/li>\n<li>Mettre \u00e0 jour les e-mails pour la confirmation de commande, l&rsquo;exp\u00e9dition et plus<\/li>\n<li>Ajouter des messages marketing ou des offres de vente crois\u00e9e aux e-mails<\/li>\n<li>Int\u00e9gration avec les meilleurs outils de marketing par e-mail<\/li>\n<li>Contr\u00f4le complet sur la marque et la messagerie \u00e9lectronique<\/li>\n<li>Aucune comp\u00e9tence de codage requise pour la personnalisation<\/li>\n<li>Mises \u00e0 jour r\u00e9guli\u00e8res et soutien des d\u00e9veloppeurs<\/li>\n<\/ul>\n","protected":false},"excerpt":{"rendered":"<p>Woomail, un outil exceptionnel con\u00e7u sp\u00e9cifiquement pour WooCommerce, permet aux utilisateurs d&rsquo;adapter des mod\u00e8les de messagerie personnalis\u00e9s et hautement sophistiqu\u00e9s pour leurs vitrines virtuelles. Ce plugin ing\u00e9nieux poss\u00e8de une interface incroyablement intuitive coupl\u00e9e \u00e0 une pl\u00e9thore d&rsquo;options de personnalisation, permettant aux utilisateurs de cr\u00e9er et de modifier sans effort des mod\u00e8les de messagerie \u00e0 diverses fins, notamment la confirmation des commandes, les notifications d&rsquo;exp\u00e9dition et m\u00eame les rappels de chariots abandonn\u00e9s. Ce qui distingue Woomail, c&rsquo;est sa r\u00e9activit\u00e9 impeccable, garantissant que vos e-mails m\u00e9ticuleusement organis\u00e9s semblent impeccables et visuellement attrayants sur tous les appareils. De plus, cet outil ing\u00e9nieux offre un large \u00e9ventail de mod\u00e8les pr\u00e9-con\u00e7us et un \u00e9diteur de glisser-d\u00e9poser pratique, rendant la cr\u00e9ation de superbes campagnes de courrier \u00e9lectronique une t\u00e2che sans effort, m\u00eame pour ceux qui sont d\u00e9pourvus d&rsquo;expertise de codage. D\u00e9couvrez une augmentation sans pr\u00e9c\u00e9dent de l&rsquo;engagement des clients et \u00e9levez la visibilit\u00e9 de votre marque avec le Woomail in\u00e9gal\u00e9.<\/p>\n","protected":false},"featured_media":146088,"comment_status":"open","ping_status":"open","template":"","meta":[],"product_brand":[2435],"product_cat":[1182,1404,1181],"product_tag":[1231],"class_list":{"0":"post-105848","1":"product","2":"type-product","3":"status-publish","4":"has-post-thumbnail","6":"product_brand-codecanyon","7":"product_cat-commerce-electronique-plugins","8":"product_cat-formes-commerce-electronique-plugins","9":"product_cat-plugins","10":"product_tag-codecanyon","11":"member-discount","12":"discount-restricted","14":"first","15":"instock","16":"sale","17":"downloadable","18":"virtual","19":"sold-individually","20":"purchasable","21":"product-type-simple"},"_links":{"self":[{"href":"https:\/\/gpl-love.com\/fr\/wp-json\/wp\/v2\/product\/105848","targetHints":{"allow":["GET"]}}],"collection":[{"href":"https:\/\/gpl-love.com\/fr\/wp-json\/wp\/v2\/product"}],"about":[{"href":"https:\/\/gpl-love.com\/fr\/wp-json\/wp\/v2\/types\/product"}],"replies":[{"embeddable":true,"href":"https:\/\/gpl-love.com\/fr\/wp-json\/wp\/v2\/comments?post=105848"}],"wp:featuredmedia":[{"embeddable":true,"href":"https:\/\/gpl-love.com\/fr\/wp-json\/wp\/v2\/media\/146088"}],"wp:attachment":[{"href":"https:\/\/gpl-love.com\/fr\/wp-json\/wp\/v2\/media?parent=105848"}],"wp:term":[{"taxonomy":"product_brand","embeddable":true,"href":"https:\/\/gpl-love.com\/fr\/wp-json\/wp\/v2\/product_brand?post=105848"},{"taxonomy":"product_cat","embeddable":true,"href":"https:\/\/gpl-love.com\/fr\/wp-json\/wp\/v2\/product_cat?post=105848"},{"taxonomy":"product_tag","embeddable":true,"href":"https:\/\/gpl-love.com\/fr\/wp-json\/wp\/v2\/product_tag?post=105848"}],"curies":[{"name":"wp","href":"https:\/\/api.w.org\/{rel}","templated":true}]}}