{"id":105846,"date":"2025-04-05T00:00:00","date_gmt":"2025-04-04T22:00:00","guid":{"rendered":"http:\/\/gpl-love.com\/fr\/product\/woolementor-pro\/"},"modified":"2026-03-20T23:48:45","modified_gmt":"2026-03-20T22:48:45","slug":"woolementor-pro","status":"publish","type":"product","link":"https:\/\/gpl-love.com\/fr\/produit\/woolementor-pro\/","title":{"rendered":"CoDesigner Pro (Woolementor) 4.7.6"},"content":{"rendered":"<h3>CoDesigner Pro (Woolementor) Traits<\/h3>\n<p>Codesigner Pro, d\u00e9velopp\u00e9 par Woolementor, est un outil de conception global et tr\u00e8s robuste qui rationalise le processus complexe de fabrication de conceptions personnalis\u00e9es pour votre site Web WordPress. Cet outil exceptionnel r\u00e9volutionne la cr\u00e9ation de conceptions captivantes via son interface de glisser-d\u00e9poser, ce qui rend le besoin de comp\u00e9tence de codage redondante. Il propose un vaste r\u00e9pertoire d&rsquo;\u00e9l\u00e9ments de conception, allant des mod\u00e8les pr\u00e9-con\u00e7us, des widgets aux blocs, qui peuvent tous \u00eatre adapt\u00e9s sans effort pour r\u00e9pondre \u00e0 vos exigences individuelles. Codesigner Pro s&rsquo;int\u00e8gre de mani\u00e8re transparente au plugin WoolElementor, accordant ainsi l&rsquo;acc\u00e8s \u00e0 des options de personnalisation avanc\u00e9es pour votre boutique WooCommerce. Avec son interface intuitivement navigable, Codesigner Pro vous offre la possibilit\u00e9 de fabriquer des conceptions visuellement frappantes qui distingueront votre site Web des concurrents, renfor\u00e7ant finalement l&rsquo;engagement des utilisateurs et l&rsquo;amplification des taux de conversion.<\/p>\n<ul>\n<li>Outil de conception Web r\u00e9volutionnaire pour WordPress<\/li>\n<li>Permet une cr\u00e9ation de site Web intuitive et enti\u00e8rement personnalisable<\/li>\n<li>Int\u00e9gr\u00e9 \u00e0 Woolementor, permettant une int\u00e9gration de commerce \u00e9lectronique sans couture<\/li>\n<li>Une puissante fonctionnalit\u00e9 de glisser-d\u00e9poser pour une cr\u00e9ation de mise en page facile<\/li>\n<li>Plus de 50 mod\u00e8les pr\u00e9-con\u00e7us parmi lesquels choisir ou cr\u00e9er le v\u00f4tre \u00e0 partir de z\u00e9ro<\/li>\n<li>Fonctionnalit\u00e9s avanc\u00e9es comme les options de d\u00e9filement de parallaxe et d&rsquo;animation<\/li>\n<li>La conception r\u00e9active garantit que votre site a fi\u00e8re allure sur n&rsquo;importe quel appareil<\/li>\n<li>Aucune connaissance de codage requise<\/li>\n<li>Mises \u00e0 jour r\u00e9guli\u00e8res et soutien \u00e0 l&rsquo;am\u00e9lioration et \u00e0 l&rsquo;assistance permanentes<\/li>\n<\/ul>\n","protected":false},"excerpt":{"rendered":"<p>Pr\u00e9sentation du Codesigner Pro remarquable et tr\u00e8s avanc\u00e9, un outil de conception de pointe qui red\u00e9finit le concept de conception de site Web facile et efficace. Ce logiciel exceptionnel, qui est aliment\u00e9 par le c\u00e9l\u00e8bre Woolementor, offre une large gamme d&rsquo;outils et de fonctionnalit\u00e9s indispensables, vous permettant de fabriquer sans effort des conceptions \u00e0 couper le souffle pour votre site Web. Gr\u00e2ce \u00e0 l&rsquo;utilisation d&rsquo;un \u00e9diteur de glisser-d\u00e9poser extr\u00eamement puissant, vous avez la capacit\u00e9 d&rsquo;adapter et de personnaliser sans effort vos conceptions, ce qui les impr\u00e9gnait d&rsquo;une essence distinctive et indubitable qui r\u00e9sonne avec votre marque. De plus, Codesigner Pro vous accorde une vaste gamme de composants de conception, englobant un assortiment de sections, de mod\u00e8les et de graphiques pr\u00e9fabriqu\u00e9s, facilitant ainsi la cr\u00e9ation rapide et indolore de vos conceptions. Les merveilles de ce logiciel ne cessent pas l\u00e0-bas, car elle s&rsquo;int\u00e8gre parfaitement \u00e0 WooCommerce, vous permettant de g\u00e9n\u00e9rer sans effort les sites Web de commerce \u00e9lectronique convaincants et puissants. Ne tardez pas davantage, acqu\u00e9rir Codesigner Pro aujourd&rsquo;hui et plongez-vous dans un domaine enti\u00e8rement nouveau de la conception de sites Web!<\/p>\n","protected":false},"featured_media":146086,"comment_status":"open","ping_status":"open","template":"","meta":[],"product_brand":[2703],"product_cat":[1182,1223,1181],"product_tag":[1462],"class_list":{"0":"post-105846","1":"product","2":"type-product","3":"status-publish","4":"has-post-thumbnail","6":"product_brand-woolementor","7":"product_cat-commerce-electronique-plugins","8":"product_cat-personnalisation-commerce-electronique-plugins","9":"product_cat-plugins","10":"product_tag-woolementor","11":"member-discount","12":"discount-restricted","14":"first","15":"instock","16":"sale","17":"downloadable","18":"virtual","19":"sold-individually","20":"purchasable","21":"product-type-simple"},"_links":{"self":[{"href":"https:\/\/gpl-love.com\/fr\/wp-json\/wp\/v2\/product\/105846","targetHints":{"allow":["GET"]}}],"collection":[{"href":"https:\/\/gpl-love.com\/fr\/wp-json\/wp\/v2\/product"}],"about":[{"href":"https:\/\/gpl-love.com\/fr\/wp-json\/wp\/v2\/types\/product"}],"replies":[{"embeddable":true,"href":"https:\/\/gpl-love.com\/fr\/wp-json\/wp\/v2\/comments?post=105846"}],"wp:featuredmedia":[{"embeddable":true,"href":"https:\/\/gpl-love.com\/fr\/wp-json\/wp\/v2\/media\/146086"}],"wp:attachment":[{"href":"https:\/\/gpl-love.com\/fr\/wp-json\/wp\/v2\/media?parent=105846"}],"wp:term":[{"taxonomy":"product_brand","embeddable":true,"href":"https:\/\/gpl-love.com\/fr\/wp-json\/wp\/v2\/product_brand?post=105846"},{"taxonomy":"product_cat","embeddable":true,"href":"https:\/\/gpl-love.com\/fr\/wp-json\/wp\/v2\/product_cat?post=105846"},{"taxonomy":"product_tag","embeddable":true,"href":"https:\/\/gpl-love.com\/fr\/wp-json\/wp\/v2\/product_tag?post=105846"}],"curies":[{"name":"wp","href":"https:\/\/api.w.org\/{rel}","templated":true}]}}