{"id":105842,"date":"2025-12-12T00:00:00","date_gmt":"2025-12-11T23:00:00","guid":{"rendered":"http:\/\/gpl-love.com\/fr\/product\/woofunnels-aero-checkout-pour-woocommerce\/"},"modified":"2026-03-20T23:48:43","modified_gmt":"2026-03-20T22:48:43","slug":"woofunnels-aero-checkout-for-woocommerce","status":"publish","type":"product","link":"https:\/\/gpl-love.com\/fr\/produit\/woofunnels-aero-checkout-for-woocommerce\/","title":{"rendered":"WooFunnels Aero Checkout Basic pour WooCommerce 3.20.0"},"content":{"rendered":"<h3>WooFunnels Aero Checkout Basic pour WooCommerce Traits<\/h3>\n<p>Woofunnels Aero Checkout Basic pour WooCommerce se pr\u00e9sente comme une solution puissante, poss\u00e9dant la capacit\u00e9 d&rsquo;\u00e9tablir une exp\u00e9rience de paiement ininterrompue et fluide pour vos clients estim\u00e9s. Cette solution englobe une multitude de fonctionnalit\u00e9s, y compris, mais sans s&rsquo;y limiter, une caisse tr\u00e8s pratique d&rsquo;une page, des r\u00e9sum\u00e9s de commandes instantan\u00e9s qui fournissent un aper\u00e7u succinct de l&rsquo;achat, ainsi que la capacit\u00e9 d&rsquo;initier des ventes \u00e0 un clic, optimisant ainsi le potentiel de la possibilit\u00e9 de Augmentation des ventes. Les vastes options de personnalisation offertes par ce plugin vous permettent d&rsquo;aligner de mani\u00e8re transparente votre page de paiement avec votre identit\u00e9 de marque distincte. En outre, ce plugin vous permet d&rsquo;\u00e9liminer les champs superflus qui peuvent s&rsquo;av\u00e9rer \u00e9trang\u00e8res au processus d&rsquo;achat, tout en vous permettant \u00e9galement d&rsquo;incorporer des champs personnalis\u00e9s adapt\u00e9s pour recueillir des informations suppl\u00e9mentaires aupr\u00e8s de votre client\u00e8le. De plus, cette solution compl\u00e8te s&rsquo;int\u00e8gre parfaitement aux passerelles de paiement renomm\u00e9es et aux fournisseurs d&rsquo;exp\u00e9dition estim\u00e9s, rationalisant et automatisant ainsi l&rsquo;int\u00e9gralit\u00e9 du processus transactionnel. En fin de compte, l&rsquo;objectif global de Woofunnels Aero Checkout Basic pour WooCommerce r\u00e9side dans la simplification des subtilit\u00e9s du processus de paiement, am\u00e9liorant par cons\u00e9quent la probabilit\u00e9 de conversions r\u00e9ussies et augmentant les revenus g\u00e9n\u00e9r\u00e9s par votre magasin en ligne estim\u00e9.<\/p>\n<ul>\n<li>Processus de paiement simplifi\u00e9 pour les clients<\/li>\n<li>Augmentation des taux de conversion en raison d&rsquo;un paiement plus facile<\/li>\n<li>Pages de paiement personnalisables pour correspondre \u00e0 la marque de magasin<\/li>\n<li>Accepte plusieurs options de paiement, notamment PayPal et Stripe<\/li>\n<li>Prend en charge les cochets et les fins abondantes en un clic pour augmenter les revenus<\/li>\n<li>S&rsquo;int\u00e8gre aux plateformes de marketing par e-mail populaires et CRM<\/li>\n<li>Sensible aux mobiles pour la caisse transparente sur tous les appareils<\/li>\n<li>Installation et configuration rapides et faciles sans codage requis<\/li>\n<li>GDPR et PCI conformes aux transactions s\u00e9curis\u00e9es et \u00e0 la protection des donn\u00e9es<\/li>\n<li>R\u00e9guli\u00e8rement mis \u00e0 jour avec de nouvelles fonctionnalit\u00e9s et am\u00e9liorations.<\/li>\n<\/ul>\n","protected":false},"excerpt":{"rendered":"<p>Woofunnels Aero Checkout Basic est un plugin extr\u00eamement robuste d\u00e9velopp\u00e9 sp\u00e9cifiquement pour la plate-forme WooCommerce, permettant aux utilisateurs d&rsquo;\u00e9laborer sans effort un flux de paiement \u00e0 la fois transparent et rationalis\u00e9, cr\u00e9ant ainsi une exp\u00e9rience sans friction pour leurs clients pr\u00e9cieux. Ce plugin remarquable poss\u00e8de un large \u00e9ventail de fonctionnalit\u00e9s puissantes en conjonction avec ses outils de conception tr\u00e8s intuitifs, \u00e9quipant ainsi les utilisateurs de l&rsquo;arsenal n\u00e9cessaire pour optimiser les conversions et amplifier leurs ventes en ligne. En outre, ce plugin offre une commodit\u00e9 in\u00e9gal\u00e9e en offrant aux utilisateurs la possibilit\u00e9 d&rsquo;adapter sans effort leurs pages de caisse pour r\u00e9pondre \u00e0 leurs exigences sp\u00e9cifiques, de s&rsquo;int\u00e8gre de mani\u00e8re transparente aux passerelles de paiement populaires et, finalement, \u00e0 fournir une exp\u00e9rience de paiement in\u00e9gal\u00e9e qui est d\u00e9pourvue de toute tracas inutile. Que vous soyez une entreprise \u00e0 petite \u00e9chelle ou un d\u00e9taillant en ligne colossal, Woofunnels Aero Checkout Basic est un outil indispensable qui garantit de rationaliser votre processus de paiement, renfor\u00e7ant ainsi par la suite vos marges b\u00e9n\u00e9ficiaires.<\/p>\n","protected":false},"featured_media":146084,"comment_status":"open","ping_status":"closed","template":"","meta":[],"product_brand":[2702],"product_cat":[1183,1182,1181],"product_tag":[2327],"class_list":{"0":"post-105842","1":"product","2":"type-product","3":"status-publish","4":"has-post-thumbnail","6":"product_brand-funnelkit","7":"product_cat-administration","8":"product_cat-commerce-electronique-plugins","9":"product_cat-plugins","10":"product_tag-funnelkit","11":"member-discount","12":"discount-restricted","14":"first","15":"instock","16":"sale","17":"downloadable","18":"virtual","19":"sold-individually","20":"purchasable","21":"product-type-simple"},"_links":{"self":[{"href":"https:\/\/gpl-love.com\/fr\/wp-json\/wp\/v2\/product\/105842","targetHints":{"allow":["GET"]}}],"collection":[{"href":"https:\/\/gpl-love.com\/fr\/wp-json\/wp\/v2\/product"}],"about":[{"href":"https:\/\/gpl-love.com\/fr\/wp-json\/wp\/v2\/types\/product"}],"replies":[{"embeddable":true,"href":"https:\/\/gpl-love.com\/fr\/wp-json\/wp\/v2\/comments?post=105842"}],"wp:featuredmedia":[{"embeddable":true,"href":"https:\/\/gpl-love.com\/fr\/wp-json\/wp\/v2\/media\/146084"}],"wp:attachment":[{"href":"https:\/\/gpl-love.com\/fr\/wp-json\/wp\/v2\/media?parent=105842"}],"wp:term":[{"taxonomy":"product_brand","embeddable":true,"href":"https:\/\/gpl-love.com\/fr\/wp-json\/wp\/v2\/product_brand?post=105842"},{"taxonomy":"product_cat","embeddable":true,"href":"https:\/\/gpl-love.com\/fr\/wp-json\/wp\/v2\/product_cat?post=105842"},{"taxonomy":"product_tag","embeddable":true,"href":"https:\/\/gpl-love.com\/fr\/wp-json\/wp\/v2\/product_tag?post=105842"}],"curies":[{"name":"wp","href":"https:\/\/api.w.org\/{rel}","templated":true}]}}