{"id":105840,"date":"2026-03-02T00:00:00","date_gmt":"2026-03-01T23:00:00","guid":{"rendered":"http:\/\/gpl-love.com\/fr\/product\/woodmart-theme-responsive-wordpress-woocommerce\/"},"modified":"2026-03-20T23:48:39","modified_gmt":"2026-03-20T22:48:39","slug":"woodmart-responsive-woocommerce-wordpress-theme","status":"publish","type":"product","link":"https:\/\/gpl-love.com\/fr\/produit\/woodmart-responsive-woocommerce-wordpress-theme\/","title":{"rendered":"WoodMart Responsive WooCommerce WordPress Theme 8.4.1"},"content":{"rendered":"<h3>WoodMart Responsive WooCommerce WordPress Theme Traits<\/h3>\n<p>Le th\u00e8me WordPress WooCommerce r\u00e9actif Woodmart est un th\u00e8me WordPress de commerce \u00e9lectronique tr\u00e8s adaptable et \u00e9l\u00e9gant qui a \u00e9t\u00e9 sp\u00e9cifiquement con\u00e7u pour les entreprises cherchant \u00e0 \u00e9tablir une boutique en ligne florissante. Ce th\u00e8me extraordinaire comprend une pl\u00e9thore de fonctionnalit\u00e9s remarquables, comme une conception enti\u00e8rement r\u00e9active, une multitude de dispositions de page d&rsquo;accueil \u00e0 choisir, des options de personnalisation robustes, ainsi qu&rsquo;un constructeur de pages glisser-d\u00e9coller intuitif qui simplifie le processus de cr\u00e9ation d&rsquo;un visuellement site Web magnifique. \u00c0 l&rsquo;aide de Woodmart, les propri\u00e9taires de sites Web peuvent vendre sans effort leurs produits en ligne, organiser des catalogues de produits captivants et g\u00e9rer efficacement les commandes et les paiements. De plus, ce th\u00e8me exceptionnel s&rsquo;int\u00e8gre parfaitement \u00e0 WooCommerce, qui se trouve \u00eatre l&rsquo;une des plateformes de commerce \u00e9lectronique les plus acclam\u00e9es sur Internet, facilitant ainsi l&rsquo;\u00e9tablissement rapide et efficace d&rsquo;une boutique en ligne. Que vous soyez un n\u00e9ophyte ou un d\u00e9taillant en ligne chevronn\u00e9, Woodmart sert sans aucun doute de choix impeccable pour quiconque s&rsquo;efforce d&rsquo;\u00e9tablir une boutique en ligne polie et centr\u00e9e sur l&rsquo;utilisateur.<\/p>\n<ul>\n<li>Th\u00e8me WordPress WooCommerce de haute qualit\u00e9<\/li>\n<li>Conception enti\u00e8rement r\u00e9active pour assurer la compatibilit\u00e9 mobile<\/li>\n<li>Design propre et moderne avec des options de couleurs illimit\u00e9es<\/li>\n<li>Compatible avec tous les principaux navigateurs pour une exp\u00e9rience utilisateur sans couture<\/li>\n<li>Panneau d&rsquo;administration puissant pour personnaliser la conception et les fonctionnalit\u00e9s de votre site<\/li>\n<li>Fonctionnalit\u00e9 de vue rapide et de liste de souhaits pour plus de commodit\u00e9<\/li>\n<li>Multipliers de produits et types de messages personnalis\u00e9s pour les options d&rsquo;affichage polyvalent<\/li>\n<li>Documentation approfondie et support d\u00e9di\u00e9 pour assurer une configuration et une utilisation en douceur<\/li>\n<li>Plusieurs styles d&rsquo;en-t\u00eate et dispositions pour des options de personnalisation suppl\u00e9mentaires<\/li>\n<li>Int\u00e9gration avec des plugins populaires comme Slider Revolution et Form Contact Form &#8211;<\/li>\n<\/ul>\n","protected":false},"excerpt":{"rendered":"<p>Pr\u00e9parez-vous \u00e0 entrer dans un tout nouveau domaine de magasins en ligne et immergez-vous dans le domaine exquis du th\u00e8me WOOCommerce WordPress r\u00e9actif Woodmart. Ce th\u00e8me exceptionnel et de haut niveau vous pr\u00e9sente une conception visuellement \u00e9tonnante et tr\u00e8s r\u00e9active qui s&rsquo;ajuste et ne se conforme pas \u00e0 n&rsquo;importe quelle taille ou appareil d&rsquo;\u00e9cran, garantissant une exp\u00e9rience d&rsquo;achat sans pr\u00e9c\u00e9dent et vraiment optimale pour vos clients estim\u00e9s. Complet avec une vaste gamme d&rsquo;options de personnalisation et une interface incroyablement conviviale, l&rsquo;\u00e9laboration d&rsquo;une boutique en ligne unique et enti\u00e8rement personnalis\u00e9e qui refl\u00e8te parfaitement l&rsquo;identit\u00e9 unique de votre marque n&rsquo;a jamais \u00e9t\u00e9 aussi facile. De plus, avec son int\u00e9gration remarquable et transparente avec la puissante plate-forme WooCommerce, Woodmart vous permet de g\u00e9rer sans effort et efficacement tous les aspects de vos produits, commandes et paiements. Alors pourquoi attendre plus longtemps? \u00c9levez vos chiffres de vente et apportez votre engagement client \u00e0 de nouveaux sommets sans pr\u00e9c\u00e9dent en adoptant le potentiel extraordinaire de Woodmart aujourd&rsquo;hui.<\/p>\n","protected":false},"featured_media":146080,"comment_status":"open","ping_status":"closed","template":"","meta":[],"product_brand":[2433],"product_cat":[1238,1851,1212],"product_tag":[1366],"class_list":{"0":"post-105840","1":"product","2":"type-product","3":"status-publish","4":"has-post-thumbnail","6":"product_brand-themeforest","7":"product_cat-commerce-electronique-themes","8":"product_cat-entreprise-commerce-electronique-themes","9":"product_cat-themes","10":"product_tag-themeforest","11":"member-discount","12":"discount-restricted","14":"first","15":"instock","16":"sale","17":"downloadable","18":"virtual","19":"sold-individually","20":"purchasable","21":"product-type-simple"},"_links":{"self":[{"href":"https:\/\/gpl-love.com\/fr\/wp-json\/wp\/v2\/product\/105840","targetHints":{"allow":["GET"]}}],"collection":[{"href":"https:\/\/gpl-love.com\/fr\/wp-json\/wp\/v2\/product"}],"about":[{"href":"https:\/\/gpl-love.com\/fr\/wp-json\/wp\/v2\/types\/product"}],"replies":[{"embeddable":true,"href":"https:\/\/gpl-love.com\/fr\/wp-json\/wp\/v2\/comments?post=105840"}],"wp:featuredmedia":[{"embeddable":true,"href":"https:\/\/gpl-love.com\/fr\/wp-json\/wp\/v2\/media\/146080"}],"wp:attachment":[{"href":"https:\/\/gpl-love.com\/fr\/wp-json\/wp\/v2\/media?parent=105840"}],"wp:term":[{"taxonomy":"product_brand","embeddable":true,"href":"https:\/\/gpl-love.com\/fr\/wp-json\/wp\/v2\/product_brand?post=105840"},{"taxonomy":"product_cat","embeddable":true,"href":"https:\/\/gpl-love.com\/fr\/wp-json\/wp\/v2\/product_cat?post=105840"},{"taxonomy":"product_tag","embeddable":true,"href":"https:\/\/gpl-love.com\/fr\/wp-json\/wp\/v2\/product_tag?post=105840"}],"curies":[{"name":"wp","href":"https:\/\/api.w.org\/{rel}","templated":true}]}}