{"id":105836,"date":"2026-03-18T00:00:00","date_gmt":"2026-03-17T23:00:00","guid":{"rendered":"http:\/\/gpl-love.com\/fr\/product\/woocommerce-wishlists\/"},"modified":"2026-03-20T23:48:32","modified_gmt":"2026-03-20T22:48:32","slug":"woocommerce-wishlists","status":"publish","type":"product","link":"https:\/\/gpl-love.com\/fr\/produit\/woocommerce-wishlists\/","title":{"rendered":"WooCommerce Wishlists 2.3.14"},"content":{"rendered":"<h3>WooCommerce Wishlists Traits<\/h3>\n<p>WooCommerce WishSists, un plugin tr\u00e8s puissant, pr\u00e9sente la capacit\u00e9 pour les clients de cr\u00e9er et de g\u00e9rer efficacement les listes de souhaits sur votre vitrine virtuelle. Ce plugin poss\u00e8de une interface rationalis\u00e9e et conviviale, qui facilite l&rsquo;addition, la suppression et l&rsquo;organisation sans effort et l&rsquo;organisation des articles dans la liste de souhaits d&rsquo;un client. Au moyen de la possibilit\u00e9 de partager ces listes de souhaits via des plateformes de m\u00e9dias sociaux et des e-mails, les individus peuvent diffuser sans effort leurs produits souhait\u00e9s parmi leurs connaissances et leurs proches. Par cons\u00e9quent, cette fonctionnalit\u00e9 sert \u00e0 augmenter les ventes et la r\u00e9tention de la client\u00e8le, car les clients peuvent facilement revoir leur liste de souhaits et finaliser leur transaction \u00e0 un moment ult\u00e9rieur. De plus, ce plugin fournit des alternatives de personnalisation avanc\u00e9es, telles que l&rsquo;aptitude \u00e0 g\u00e9n\u00e9rer plusieurs listes de souhaits, \u00e0 \u00e9tablir une liste de souhaits par d\u00e9faut et \u00e0 permettre aux clients d&rsquo;annoncer les annotations aux articles souhait\u00e9s. Essentiellement, WooCommerce WishLists est un plugin indispensable pour tout emporium bas\u00e9 sur le Web cherchant \u00e0 affiner l&rsquo;exp\u00e9rience client et \u00e0 renforcer les chiffres des ventes.<\/p>\n<ul>\n<li>Cr\u00e9ez et g\u00e9rez facilement les listes de souhaits pour votre boutique WooCommerce<\/li>\n<li>Permettez aux clients d&rsquo;\u00e9conomiser et de partager leurs produits pr\u00e9f\u00e9r\u00e9s avec des amis et la famille<\/li>\n<li>Augmenter l&rsquo;engagement et la fid\u00e9lit\u00e9 des clients en offrant une exp\u00e9rience d&rsquo;achat personnalis\u00e9e<\/li>\n<li>Param\u00e8tres de liste de souhaits personnalisables pour r\u00e9pondre aux besoins de votre magasin<\/li>\n<li>Suivre et analyser l&rsquo;activit\u00e9 de la liste de souhaits pour des informations pr\u00e9cieuses<\/li>\n<li>Encouragez les clients \u00e0 revenir et \u00e0 effectuer des achats en envoyant des notifications et des rappels en temps opportun<\/li>\n<li>Alimenter les taux de conversion en mettant en \u00e9vidence les produits populaires et tendance dans les listes de souhaits<\/li>\n<li>Int\u00e9grez parfaitement aux outils de marketing par e-mail populaires pour les promotions et les offres cibl\u00e9es.<\/li>\n<\/ul>\n","protected":false},"excerpt":{"rendered":"<p>Les listes de souhaits WooCommerce servent d&rsquo;outil exceptionnellement puissant, permettant aux clients de g\u00e9n\u00e9rer, superviser et distribuer sans effort leurs listes de souhaits m\u00e9ticuleusement organis\u00e9es. Son efficacit\u00e9 remarquable le rend particuli\u00e8rement avantageux pour les marchands num\u00e9riques h\u00e9bergeant des aspirations d&rsquo;augmenter l&rsquo;engagement et de renforcer les chiffres de vente en inculquant un sentiment de personnalisation accru dans leur interface d&rsquo;achat. Ce plugin ing\u00e9nieux facilite l&rsquo;ajout transparent de marchandises convoit\u00e9es aux listes de souhaits des clients, aux modifications ult\u00e9rieures et au partage facile avec les connaissances et les kinfolk. De plus, il poss\u00e8de un \u00e9ventail d&rsquo;options de personnalisation sophistiqu\u00e9es, vous permettant d&rsquo;adapter impeccablement l&rsquo;attrait esth\u00e9tique de votre page de liste de souhaits \u00e0 s&rsquo;aligner de mani\u00e8re transparente avec votre identit\u00e9 de marque, allant des conceptions m\u00e9ticuleusement con\u00e7ues, une palette diversifi\u00e9e de teintes vibrantes, aux \u00e9l\u00e9ments typographiques de choix. Ainsi, cet outil remarquable appara\u00eet comme la solution par excellence pour toute entreprise de commerce \u00e9lectronique aspirant \u00e0 \u00e9lever l&rsquo;exp\u00e9rience client globale et \u00e0 orienter leurs efforts commerciaux vers un z\u00e9nith de r\u00e9ussite sans pr\u00e9c\u00e9dent.<\/p>\n","protected":false},"featured_media":146073,"comment_status":"open","ping_status":"open","template":"","meta":[],"product_brand":[2440],"product_cat":[1183,1182,1181],"product_tag":[1398],"class_list":{"0":"post-105836","1":"product","2":"type-product","3":"status-publish","4":"has-post-thumbnail","6":"product_brand-woocommerce","7":"product_cat-administration","8":"product_cat-commerce-electronique-plugins","9":"product_cat-plugins","10":"product_tag-woocommerce","11":"member-discount","12":"discount-restricted","14":"first","15":"instock","16":"sale","17":"downloadable","18":"virtual","19":"sold-individually","20":"purchasable","21":"product-type-simple"},"_links":{"self":[{"href":"https:\/\/gpl-love.com\/fr\/wp-json\/wp\/v2\/product\/105836","targetHints":{"allow":["GET"]}}],"collection":[{"href":"https:\/\/gpl-love.com\/fr\/wp-json\/wp\/v2\/product"}],"about":[{"href":"https:\/\/gpl-love.com\/fr\/wp-json\/wp\/v2\/types\/product"}],"replies":[{"embeddable":true,"href":"https:\/\/gpl-love.com\/fr\/wp-json\/wp\/v2\/comments?post=105836"}],"wp:featuredmedia":[{"embeddable":true,"href":"https:\/\/gpl-love.com\/fr\/wp-json\/wp\/v2\/media\/146073"}],"wp:attachment":[{"href":"https:\/\/gpl-love.com\/fr\/wp-json\/wp\/v2\/media?parent=105836"}],"wp:term":[{"taxonomy":"product_brand","embeddable":true,"href":"https:\/\/gpl-love.com\/fr\/wp-json\/wp\/v2\/product_brand?post=105836"},{"taxonomy":"product_cat","embeddable":true,"href":"https:\/\/gpl-love.com\/fr\/wp-json\/wp\/v2\/product_cat?post=105836"},{"taxonomy":"product_tag","embeddable":true,"href":"https:\/\/gpl-love.com\/fr\/wp-json\/wp\/v2\/product_tag?post=105836"}],"curies":[{"name":"wp","href":"https:\/\/api.w.org\/{rel}","templated":true}]}}