{"id":105827,"date":"2026-03-20T00:00:00","date_gmt":"2026-03-19T23:00:00","guid":{"rendered":"http:\/\/gpl-love.com\/fr\/product\/woocommerce-abonnements\/"},"modified":"2026-03-20T23:48:09","modified_gmt":"2026-03-20T22:48:09","slug":"woocommerce-subscriptions","status":"publish","type":"product","link":"https:\/\/gpl-love.com\/fr\/produit\/woocommerce-subscriptions\/","title":{"rendered":"WooCommerce Subscriptions 8.5.0"},"content":{"rendered":"<h3>WooCommerce Subscriptions Traits<\/h3>\n<p>Les abonnements WooCommerce, un plugin innovant, pr\u00e9sente une opportunit\u00e9 remarquable pour les clients de s&rsquo;abonner sans effort \u00e0 une vaste gamme de produits ou services offerts sur une plate-forme de commerce \u00e9lectronique. Cette fonctionnalit\u00e9 extraordinaire donne aux clients la possibilit\u00e9 d&rsquo;\u00e9tablir des paiements r\u00e9currents automatiques pour les abonnements souhait\u00e9s, garantissant ainsi qu&rsquo;ils ne seront jamais pris au d\u00e9pourvu en manquant un paiement ou, pire encore, en manquant des produits indispensables sur lesquels ils comptent. Ce plugin, avec ses avantages abondants, est particuli\u00e8rement avantageux pour les entreprises op\u00e9rant dans un cadre bas\u00e9 sur l&rsquo;abonnement, englobant des industries comme les services de livraison de repas et les fournisseurs de contenu num\u00e9riques. L&rsquo;exp\u00e9rience compl\u00e8te de gestion des abonnements facilit\u00e9e par les abonnements WooCommerce permet aux entreprises de mettre en place et de superviser efficacement les abonnements, de parcourir sans effort les dates de renouvellement et l&rsquo;historique de paiement et de mettre en \u0153uvre les modifications n\u00e9cessaires aux plans d&rsquo;abonnement. Il va sans dire que les abonnements WooCommerce sont un outil extr\u00eamement influent, capable d&rsquo;aider les entreprises \u00e0 rationaliser leur mod\u00e8le d&rsquo;abonnement tout en renfor\u00e7ant simultan\u00e9ment la fid\u00e9lisation de la client\u00e8le, en favorisant la loyaut\u00e9 in\u00e9branlable et en augmentant les sources de revenus.<\/p>\n<ul>\n<li>Un plugin pour WooCommerce qui permet aux commer\u00e7ants d&rsquo;offrir des produits et services bas\u00e9s sur un abonnement aux clients.<\/li>\n<li>Gestion facile des abonnements, y compris la cr\u00e9ation, le renouvellement, l&rsquo;annulation et le traitement des paiements.<\/li>\n<li>Options d&rsquo;abonnement personnalisables, telles que la fr\u00e9quence, les p\u00e9riodes d&rsquo;essai et les prix.<\/li>\n<li>Automatisation des processus d&rsquo;abonnement, y compris les notifications par e-mail, la charge des cartes de cr\u00e9dit et la livraison des produits.<\/li>\n<li>Int\u00e9gration avec des passerelles de paiement populaires et des fournisseurs d&rsquo;exp\u00e9dition.<\/li>\n<li>Rapports d\u00e9taill\u00e9s et informations sur les ventes d&rsquo;abonnement, les revenus et le comportement des clients.<\/li>\n<li>Compatibilit\u00e9 avec une large gamme de modules compl\u00e9mentaires et d&rsquo;extensions pour des fonctionnalit\u00e9s suppl\u00e9mentaires.<\/li>\n<li>Int\u00e9gration transparente avec WooCommerce, ce qui facilite la configuration et l&rsquo;utilisation.<\/li>\n<li>Documentation et soutien approfondis pour aider les commer\u00e7ants \u00e0 tirer le meilleur parti de leurs offres d&rsquo;abonnement.<\/li>\n<li>Une solution \u00e9prouv\u00e9e pour les entreprises qui cherchent \u00e0 augmenter leurs revenus r\u00e9currents et leur fid\u00e9lit\u00e9 \u00e0 la client\u00e8le.<\/li>\n<\/ul>\n","protected":false},"excerpt":{"rendered":"<p>Les abonnements WooCommerce, un outil incroyablement robuste dans le domaine des abonnements \u00e0 commerce \u00e9lectronique, poss\u00e8dent la capacit\u00e9 exceptionnelle de g\u00e9rer et de superviser efficacement tous vos plans d&rsquo;abonnement. Cet outil in\u00e9gal\u00e9 vous permet non seulement de cr\u00e9er et de personnaliser vos plans d&rsquo;abonnement, mais \u00e9galement de fournir \u00e0 vos clients de pr\u00e9cieux clients une flexibilit\u00e9 in\u00e9gal\u00e9e en ce qui concerne les options de facturation. Avec sa capacit\u00e9 inn\u00e9e \u00e0 faciliter sans effort les paiements r\u00e9currents automatiques et \u00e0 rationaliser la gestion de l&rsquo;abonnement, cet impressionnant compl\u00e9mentaire sert de catalyseur aux propri\u00e9taires de magasins en ligne, propulsant leurs revenus r\u00e9currents \u00e0 de nouveaux sommets en offrant une exp\u00e9rience d&rsquo;abonnement in\u00e9gal\u00e9e \u00e0 leurs clients estim\u00e9s. Ainsi, c&rsquo;est la quintessence de la perfection pour toute boutique en ligne qui aspire \u00e0 offrir un large \u00e9ventail de produits d&rsquo;abonnement, \u00e0 livrer un contenu exclusif et captivant ou \u00e0 construire une communaut\u00e9 florissante centr\u00e9e sur leur marque estim\u00e9e.<\/p>\n","protected":false},"featured_media":146047,"comment_status":"open","ping_status":"closed","template":"","meta":[],"product_brand":[2440],"product_cat":[1359,1182,1181],"product_tag":[1398],"class_list":{"0":"post-105827","1":"product","2":"type-product","3":"status-publish","4":"has-post-thumbnail","6":"product_brand-woocommerce","7":"product_cat-adhesion-commerce-electronique-plugins","8":"product_cat-commerce-electronique-plugins","9":"product_cat-plugins","10":"product_tag-woocommerce","11":"member-discount","12":"discount-restricted","14":"first","15":"instock","16":"sale","17":"downloadable","18":"virtual","19":"sold-individually","20":"purchasable","21":"product-type-simple"},"_links":{"self":[{"href":"https:\/\/gpl-love.com\/fr\/wp-json\/wp\/v2\/product\/105827","targetHints":{"allow":["GET"]}}],"collection":[{"href":"https:\/\/gpl-love.com\/fr\/wp-json\/wp\/v2\/product"}],"about":[{"href":"https:\/\/gpl-love.com\/fr\/wp-json\/wp\/v2\/types\/product"}],"replies":[{"embeddable":true,"href":"https:\/\/gpl-love.com\/fr\/wp-json\/wp\/v2\/comments?post=105827"}],"wp:featuredmedia":[{"embeddable":true,"href":"https:\/\/gpl-love.com\/fr\/wp-json\/wp\/v2\/media\/146047"}],"wp:attachment":[{"href":"https:\/\/gpl-love.com\/fr\/wp-json\/wp\/v2\/media?parent=105827"}],"wp:term":[{"taxonomy":"product_brand","embeddable":true,"href":"https:\/\/gpl-love.com\/fr\/wp-json\/wp\/v2\/product_brand?post=105827"},{"taxonomy":"product_cat","embeddable":true,"href":"https:\/\/gpl-love.com\/fr\/wp-json\/wp\/v2\/product_cat?post=105827"},{"taxonomy":"product_tag","embeddable":true,"href":"https:\/\/gpl-love.com\/fr\/wp-json\/wp\/v2\/product_tag?post=105827"}],"curies":[{"name":"wp","href":"https:\/\/api.w.org\/{rel}","templated":true}]}}