{"id":105825,"date":"2023-05-30T00:00:00","date_gmt":"2023-05-29T22:00:00","guid":{"rendered":"http:\/\/gpl-love.com\/fr\/product\/telechargements-woocommerce-abonnement\/"},"modified":"2026-03-20T23:48:08","modified_gmt":"2026-03-20T22:48:08","slug":"woocommerce-subscription-downloads","status":"publish","type":"product","link":"https:\/\/gpl-love.com\/fr\/produit\/woocommerce-subscription-downloads\/","title":{"rendered":"WooCommerce Subscription Downloads 1.4.1"},"content":{"rendered":"<h3>WooCommerce Subscription Downloads Traits<\/h3>\n<p>Un outil logiciel qui offre une vari\u00e9t\u00e9 de fonctionnalit\u00e9s puissantes est les t\u00e9l\u00e9chargements d&rsquo;abonnement WooCommerce. Cet outil est con\u00e7u pour \u00eatre utilis\u00e9 avec la plate-forme WooCommerce largement utilis\u00e9e, et elle permet aux entreprises de fournir des t\u00e9l\u00e9chargements bas\u00e9s sur un abonnement \u00e0 leurs clients. En utilisant cet outil, les entreprises peuvent cr\u00e9er et g\u00e9rer sans effort des plans d&rsquo;abonnement, \u00e9tablir des syst\u00e8mes de paiement automatiques et accorder un acc\u00e8s s\u00e9curis\u00e9 aux fichiers t\u00e9l\u00e9chargeables pour leurs clients souscrits. La gamme de fonctionnalit\u00e9s propos\u00e9es par cet outil est \u00e9tendue, y compris la possibilit\u00e9 de personnaliser les options d&rsquo;abonnement, d&rsquo;automatiser les processus de facturation et de renouvellement, de fournir des options de tarification flexibles et de g\u00e9n\u00e9rer des rapports d&rsquo;abonnement d\u00e9taill\u00e9s. En conclusion, on peut dire que les t\u00e9l\u00e9chargements d&rsquo;abonnement WooCommerce sont un atout essentiel pour les entreprises qui cherchent \u00e0 optimiser leur strat\u00e9gie de commerce \u00e9lectronique et \u00e0 augmenter leurs revenus r\u00e9currents gr\u00e2ce \u00e0 des t\u00e9l\u00e9chargements bas\u00e9s sur l&rsquo;abonnement.<\/p>\n<ul>\n<li>Int\u00e9grez de mani\u00e8re transparente les t\u00e9l\u00e9chargements num\u00e9riques bas\u00e9s sur l&rsquo;abonnement dans votre boutique WooCommerce<\/li>\n<li>Offrez \u00e0 vos clients un acc\u00e8s r\u00e9current \u00e0 votre contenu ou \u00e0 vos produits avec des options de facturation automatique et de renouvellement<\/li>\n<li>Choisissez parmi une gamme de plans d&rsquo;abonnement, y compris les options hebdomadaires, mensuelles, trimestrielles et annuelles<\/li>\n<li>Permettez aux abonn\u00e9s de g\u00e9rer facilement leur statut d&rsquo;abonnement, d&rsquo;annuler ou de r\u00e9activer \u00e0 tout moment<\/li>\n<li>Livrer automatiquement de nouveaux t\u00e9l\u00e9chargements aux abonn\u00e9s au fur et \u00e0 mesure qu&rsquo;ils sont ajout\u00e9s \u00e0 votre magasin<\/li>\n<li>Gardez une trace des mesures d&rsquo;abonnement et des revenus avec des outils de rapports et d&rsquo;analyse int\u00e9gr\u00e9s<\/li>\n<li>Personnalisez facilement les options d&rsquo;abonnement et les param\u00e8tres pour r\u00e9pondre aux besoins de votre entreprise unique<\/li>\n<li>B\u00e9n\u00e9ficier d&rsquo;une s\u00e9curit\u00e9 fiable et d&rsquo;une compatibilit\u00e9 avec la derni\u00e8re version de WooCommerce et WordPress<\/li>\n<li>Profitez d&rsquo;une documentation compl\u00e8te et d&rsquo;un support client r\u00e9actif pour vous aider \u00e0 rationaliser votre entreprise bas\u00e9e sur l&rsquo;abonnement.<\/li>\n<\/ul>\n","protected":false},"excerpt":{"rendered":"<p>Les t\u00e9l\u00e9chargements d&rsquo;abonnement WooCommerce, un plugin de haute qualit\u00e9, pr\u00e9sentent l&rsquo;opportunit\u00e9 de s&rsquo;engager dans la vente de produits num\u00e9riques via un mod\u00e8le commercial bas\u00e9 sur l&rsquo;abonnement. En exploitant les capacit\u00e9s de cet outil robuste, vous pouvez \u00e9tablir des paiements r\u00e9currents pour votre pr\u00e9cieuse client\u00e8le, leur accordant un acc\u00e8s exclusif \u00e0 un \u00e9ventail de t\u00e9l\u00e9chargements, couvrant des livres \u00e9lectroniques, de la musique, des logiciels et bien d&rsquo;autres. S&rsquo;int\u00e9grant de mani\u00e8re transparente avec WooCommerce, ce plugin fournit un vaste r\u00e9pertoire de fonctionnalit\u00e9s essentielles, facilitant la gestion efficace de vos abonnements, le suivi diligent des paiements et la livraison sans effort de vos offres num\u00e9riques pr\u00e9cieuses. Que vous op\u00e9riez dans le domaine du marketing num\u00e9rique, de la production musicale ou du d\u00e9veloppement de logiciels, le remarquable t\u00e9l\u00e9chargement d&rsquo;abonnement WooCommerce appara\u00eet comme la solution par excellence pour la mon\u00e9tisation efficace de vos actifs num\u00e9riques, tout en propulsant simultan\u00e9ment l&rsquo;expansion et la prosp\u00e9rit\u00e9 de votre entreprise en ligne prosp\u00e8re.<\/p>\n","protected":false},"featured_media":146046,"comment_status":"open","ping_status":"closed","template":"","meta":[],"product_brand":[2440],"product_cat":[1359,1182,1181],"product_tag":[1398],"class_list":{"0":"post-105825","1":"product","2":"type-product","3":"status-publish","4":"has-post-thumbnail","6":"product_brand-woocommerce","7":"product_cat-adhesion-commerce-electronique-plugins","8":"product_cat-commerce-electronique-plugins","9":"product_cat-plugins","10":"product_tag-woocommerce","11":"member-discount","12":"discount-restricted","14":"first","15":"instock","16":"sale","17":"downloadable","18":"virtual","19":"sold-individually","20":"purchasable","21":"product-type-simple"},"_links":{"self":[{"href":"https:\/\/gpl-love.com\/fr\/wp-json\/wp\/v2\/product\/105825","targetHints":{"allow":["GET"]}}],"collection":[{"href":"https:\/\/gpl-love.com\/fr\/wp-json\/wp\/v2\/product"}],"about":[{"href":"https:\/\/gpl-love.com\/fr\/wp-json\/wp\/v2\/types\/product"}],"replies":[{"embeddable":true,"href":"https:\/\/gpl-love.com\/fr\/wp-json\/wp\/v2\/comments?post=105825"}],"wp:featuredmedia":[{"embeddable":true,"href":"https:\/\/gpl-love.com\/fr\/wp-json\/wp\/v2\/media\/146046"}],"wp:attachment":[{"href":"https:\/\/gpl-love.com\/fr\/wp-json\/wp\/v2\/media?parent=105825"}],"wp:term":[{"taxonomy":"product_brand","embeddable":true,"href":"https:\/\/gpl-love.com\/fr\/wp-json\/wp\/v2\/product_brand?post=105825"},{"taxonomy":"product_cat","embeddable":true,"href":"https:\/\/gpl-love.com\/fr\/wp-json\/wp\/v2\/product_cat?post=105825"},{"taxonomy":"product_tag","embeddable":true,"href":"https:\/\/gpl-love.com\/fr\/wp-json\/wp\/v2\/product_tag?post=105825"}],"curies":[{"name":"wp","href":"https:\/\/api.w.org\/{rel}","templated":true}]}}