{"id":105823,"date":"2025-11-17T00:00:00","date_gmt":"2025-11-16T23:00:00","guid":{"rendered":"http:\/\/gpl-love.com\/fr\/product\/woocommerce-boutique-catalogue-pdf-telecharger\/"},"modified":"2026-03-20T23:48:04","modified_gmt":"2026-03-20T22:48:04","slug":"woocommerce-store-catalog-pdf-download","status":"publish","type":"product","link":"https:\/\/gpl-love.com\/fr\/produit\/woocommerce-store-catalog-pdf-download\/","title":{"rendered":"WooCommerce Store Catalog PDF Download 2.4.0"},"content":{"rendered":"<h3>WooCommerce Store Catalog PDF Download Traits<\/h3>\n<p>Le t\u00e9l\u00e9chargement du catalogue WooCommerce Store PDF est un outil extr\u00eamement pr\u00e9cieux qui s&rsquo;av\u00e8re avantageux pour les entreprises souhaitant augmenter l&rsquo;interactivit\u00e9 et la convivialit\u00e9 de leurs magasins en ligne. Ce logiciel particulier facilite le t\u00e9l\u00e9chargement pratique d&rsquo;un catalogue PDF complet englobant toutes les marchandises disponibles dans leur boutique WooCommerce, offrant ainsi aux clients la facilit\u00e9 de comprendre ledit catalogue dans un cadre hors ligne. Par cons\u00e9quent, cet outil rationalise efficacement les efforts promotionnels des entreprises, leur permettant de cibler efficacement les clients potentiels qui pr\u00e9sentent une pr\u00e9f\u00e9rence pour les pratiques de magasinage traditionnelles hors ligne. En exploitant les capacit\u00e9s du t\u00e9l\u00e9chargement PDF du catalogue WooCommerce Store, les entreprises peuvent organiser sans effort leurs produits et cat\u00e9gories, facilitant ainsi la navigation sans effort pour leur client\u00e8le. De plus, ce logiciel permet aux entreprises de fournir \u00e0 leurs clients des catalogues \u00e9l\u00e9gants et pr\u00e9sent\u00e9s professionnellement, qui peuvent \u00eatre imprim\u00e9s ou enregistr\u00e9s sans effort pour r\u00e9f\u00e9rence future. Par cons\u00e9quent, nous approuvons sans r\u00e9serve l&rsquo;utilisation de ce logiciel pour les entreprises qui cherchent \u00e0 enrichir leurs magasins en ligne et \u00e0 favoriser une plus grande accessibilit\u00e9 de leurs produits pour les clients.<\/p>\n<ul>\n<li>G\u00e9n\u00e9rez et t\u00e9l\u00e9chargez instantan\u00e9ment une version PDF de votre catalogue WooCommerce Store<\/li>\n<li>Personnalisez votre catalogue PDF avec les images du logo et du produit de votre magasin<\/li>\n<li>Inclure les descriptions de produits, les prix et les variations dans votre catalogue PDF<\/li>\n<li>Gagnez du temps en \u00e9vitant la n\u00e9cessit\u00e9 de cr\u00e9er manuellement un catalogue ou d&#8217;embaucher un concepteur<\/li>\n<li>Le format portable permet un partage facile avec les clients et autres parties prenantes<\/li>\n<li>Accessibilit\u00e9 accrue pour les clients qui pr\u00e9f\u00e8rent la navigation hors ligne ou ont des vitesses Internet lentes<\/li>\n<li>Aucune expertise de codage ou technique requise, installez simplement le plugin et commencez \u00e0 g\u00e9n\u00e9rer des catalogues PDF<\/li>\n<li>Compatible avec tous les types de magasins et de produits WooCommerce<\/li>\n<li>Mises \u00e0 jour r\u00e9guli\u00e8res et support client disponibles pour assurer le bon fonctionnement et la satisfaction du client.<\/li>\n<\/ul>\n","protected":false},"excerpt":{"rendered":"<p>Le t\u00e9l\u00e9chargement PDF du catalogue WooCommerce Store est un plugin exceptionnel qui a \u00e9t\u00e9 m\u00e9ticuleusement con\u00e7u pour aider les propri\u00e9taires de magasins en ligne dans le processus de g\u00e9n\u00e9ration de catalogues PDF englobant leur vaste gamme de produits. En employant ce plugin louable, les individus ont la possibilit\u00e9 de transformer sans effort leur magasin WooCommerce en un catalogue visuellement captivant que les clients peuvent \u00eatre commod\u00e9ment parcoup\u00e9s m\u00eame sans acc\u00e8s \u00e0 Internet. Notamment, cet outil remarquable poss\u00e8de un \u00e9ventail d&rsquo;options de personnalisation avanc\u00e9es, offrant aux utilisateurs la possibilit\u00e9 d&rsquo;adapter leurs conceptions de catalogue d&rsquo;une mani\u00e8re qui s&rsquo;aligne impeccablement avec leur marque. De plus, la nature conviviale de ce plugin le rend remarquablement simple \u00e0 utiliser, permettant aux utilisateurs de g\u00e9n\u00e9rer rapidement leurs catalogues et d&rsquo;\u00e9lever leur magasin de commerce \u00e9lectronique \u00e0 des hauteurs sans pr\u00e9c\u00e9dent. Ainsi, je vous implore de saisir l&rsquo;opportunit\u00e9 de d\u00e9couvrir le t\u00e9l\u00e9chargement PDF du catalogue WooCommerce Store aujourd&rsquo;hui, car il est garanti de fournir \u00e0 vos clients une exp\u00e9rience d&rsquo;achat qui est impr\u00e9gn\u00e9e de commodit\u00e9 et d&rsquo;efficacit\u00e9 in\u00e9gal\u00e9es.<\/p>\n","protected":false},"featured_media":146042,"comment_status":"open","ping_status":"closed","template":"","meta":[],"product_brand":[2440],"product_cat":[1183,1182,1181],"product_tag":[1398],"class_list":{"0":"post-105823","1":"product","2":"type-product","3":"status-publish","4":"has-post-thumbnail","6":"product_brand-woocommerce","7":"product_cat-administration","8":"product_cat-commerce-electronique-plugins","9":"product_cat-plugins","10":"product_tag-woocommerce","11":"member-discount","12":"discount-restricted","14":"first","15":"instock","16":"sale","17":"downloadable","18":"virtual","19":"sold-individually","20":"purchasable","21":"product-type-simple"},"_links":{"self":[{"href":"https:\/\/gpl-love.com\/fr\/wp-json\/wp\/v2\/product\/105823","targetHints":{"allow":["GET"]}}],"collection":[{"href":"https:\/\/gpl-love.com\/fr\/wp-json\/wp\/v2\/product"}],"about":[{"href":"https:\/\/gpl-love.com\/fr\/wp-json\/wp\/v2\/types\/product"}],"replies":[{"embeddable":true,"href":"https:\/\/gpl-love.com\/fr\/wp-json\/wp\/v2\/comments?post=105823"}],"wp:featuredmedia":[{"embeddable":true,"href":"https:\/\/gpl-love.com\/fr\/wp-json\/wp\/v2\/media\/146042"}],"wp:attachment":[{"href":"https:\/\/gpl-love.com\/fr\/wp-json\/wp\/v2\/media?parent=105823"}],"wp:term":[{"taxonomy":"product_brand","embeddable":true,"href":"https:\/\/gpl-love.com\/fr\/wp-json\/wp\/v2\/product_brand?post=105823"},{"taxonomy":"product_cat","embeddable":true,"href":"https:\/\/gpl-love.com\/fr\/wp-json\/wp\/v2\/product_cat?post=105823"},{"taxonomy":"product_tag","embeddable":true,"href":"https:\/\/gpl-love.com\/fr\/wp-json\/wp\/v2\/product_tag?post=105823"}],"curies":[{"name":"wp","href":"https:\/\/api.w.org\/{rel}","templated":true}]}}