{"id":105817,"date":"2026-04-10T00:00:00","date_gmt":"2026-04-09T22:00:00","guid":{"rendered":"http:\/\/gpl-love.com\/fr\/product\/coupons-woocommerce-intelligents\/"},"modified":"2026-04-10T18:48:19","modified_gmt":"2026-04-10T16:48:19","slug":"woocommerce-smart-coupons","status":"publish","type":"product","link":"https:\/\/gpl-love.com\/fr\/produit\/woocommerce-smart-coupons\/","title":{"rendered":"WooCommerce Smart Coupons 9.76.0"},"content":{"rendered":"<h3>WooCommerce Smart Coupons Traits<\/h3>\n<p>WooCommerce Smart Coupons, un outil extr\u00eamement puissant, permet aux d\u00e9taillants en ligne en leur permettant de concevoir et de diffuser sans effort les coupons \u00e0 leurs clients estim\u00e9s. Gr\u00e2ce \u00e0 cette plate-forme tr\u00e8s innovante, les entreprises peuvent fabriquer sans effort les codes de coupon in\u00e9gal\u00e9s, \u00e9tablir des r\u00e9glementations m\u00e9ticuleuses concernant l&rsquo;utilisation des coupons et offrir g\u00e9n\u00e9reusement que les clients avec des remises s\u00e9duisantes ou des articles compl\u00e9mentaires. En outre, Smart Coupons accorde aux utilisateurs la capacit\u00e9 de g\u00e9n\u00e9rer sans effort une multitude de coupons en vrac, d&rsquo;importer ou d&rsquo;exporter de mani\u00e8re transparente et d&rsquo;exporter des URL de coupons soigneusement sp\u00e9cialement adapt\u00e9s \u00e0 des cat\u00e9gories ou des pages de produits distincts. En conclusion, ce plugin remarquable est une n\u00e9cessit\u00e9 absolue pour chaque d\u00e9taillant en ligne exigeant qui cherche \u00e0 revigorer l&rsquo;enthousiasme des clients, \u00e0 cultiver la fid\u00e9lisation in\u00e9branlable de la client\u00e8le et, finalement, \u00e0 stimuler des chiffres de vente remarquables.<\/p>\n<ul>\n<li>Cr\u00e9ation et gestion faciles des coupons sp\u00e9cifiques au magasin ou au produit<\/li>\n<li>Large gamme d&rsquo;options de personnalisation pour les codes de r\u00e9duction, les dates d&rsquo;expiration, les restrictions d&rsquo;utilisation, et plus encore<\/li>\n<li>Prise en charge de plusieurs types de remises, y compris le pourcentage, le montant fixe et la livraison gratuite<\/li>\n<li>Int\u00e9gration avec des plateformes de marketing par e-mail pour automatiser la livraison des coupons et augmenter l&rsquo;engagement des clients<\/li>\n<li>Options flexibles pour suivre l&rsquo;utilisation des coupons et analyser le comportement et les conversions des clients<\/li>\n<li>Compatibilit\u00e9 avec une vari\u00e9t\u00e9 de passerelles de paiement et de processus de paiement pour une exp\u00e9rience client transparente<\/li>\n<li>Application automatique des coupons aux produits pertinents dans les chariots clients, r\u00e9duisant l&rsquo;abandon des chariots et augmentant les ventes.<\/li>\n<\/ul>\n","protected":false},"excerpt":{"rendered":"<p>Le plugin WooCommerce Smart Coupons est un outil extr\u00eamement robuste, permettant aux utilisateurs de g\u00e9n\u00e9rer et de superviser sans effort des coupons personnalis\u00e9s dans leur magasin WooCommerce. Ce plugin exceptionnel offre la possibilit\u00e9 de cr\u00e9er un assortiment de types de coupons, allant du pourcentage de remises aux remises de montants fixes, et m\u00eame des coupons de livraison gratuits, entre autres. De plus, les utilisateurs ont la libert\u00e9 d&rsquo;\u00e9tablir des restrictions de coupons sp\u00e9cifiques, des dates d&rsquo;expiration et des limites d&rsquo;utilisation, leur accordant le plus grand contr\u00f4le sur l&rsquo;utilisation de ces coupons. Notamment, l&rsquo;inclusion d&rsquo;analyses compl\u00e8tes et d&rsquo;outils de d\u00e9claration permet le suivi et l&rsquo;\u00e9valuation m\u00e9ticuleux des performances des coupons. En tirant parti des capacit\u00e9s des coupons intelligents WooCommerce, les entreprises ont l&rsquo;occasion remarquable d&rsquo;augmenter leurs ventes et de cultiver la fid\u00e9lit\u00e9 in\u00e9branlable des clients, tout au long de la mise en \u0153uvre de remises et de promotions captivantes.<\/p>\n","protected":false},"featured_media":146029,"comment_status":"open","ping_status":"closed","template":"","meta":[],"product_brand":[2440],"product_cat":[1182,1200,1181],"product_tag":[1398],"class_list":{"0":"post-105817","1":"product","2":"type-product","3":"status-publish","4":"has-post-thumbnail","6":"product_brand-woocommerce","7":"product_cat-commerce-electronique-plugins","8":"product_cat-commercialisation","9":"product_cat-plugins","10":"product_tag-woocommerce","11":"member-discount","12":"discount-restricted","14":"first","15":"instock","16":"sale","17":"downloadable","18":"virtual","19":"sold-individually","20":"purchasable","21":"product-type-simple"},"_links":{"self":[{"href":"https:\/\/gpl-love.com\/fr\/wp-json\/wp\/v2\/product\/105817","targetHints":{"allow":["GET"]}}],"collection":[{"href":"https:\/\/gpl-love.com\/fr\/wp-json\/wp\/v2\/product"}],"about":[{"href":"https:\/\/gpl-love.com\/fr\/wp-json\/wp\/v2\/types\/product"}],"replies":[{"embeddable":true,"href":"https:\/\/gpl-love.com\/fr\/wp-json\/wp\/v2\/comments?post=105817"}],"wp:featuredmedia":[{"embeddable":true,"href":"https:\/\/gpl-love.com\/fr\/wp-json\/wp\/v2\/media\/146029"}],"wp:attachment":[{"href":"https:\/\/gpl-love.com\/fr\/wp-json\/wp\/v2\/media?parent=105817"}],"wp:term":[{"taxonomy":"product_brand","embeddable":true,"href":"https:\/\/gpl-love.com\/fr\/wp-json\/wp\/v2\/product_brand?post=105817"},{"taxonomy":"product_cat","embeddable":true,"href":"https:\/\/gpl-love.com\/fr\/wp-json\/wp\/v2\/product_cat?post=105817"},{"taxonomy":"product_tag","embeddable":true,"href":"https:\/\/gpl-love.com\/fr\/wp-json\/wp\/v2\/product_tag?post=105817"}],"curies":[{"name":"wp","href":"https:\/\/api.w.org\/{rel}","templated":true}]}}