{"id":105815,"date":"2025-06-30T00:00:00","date_gmt":"2025-06-29T22:00:00","guid":{"rendered":"http:\/\/gpl-love.com\/fr\/product\/woocommerce-expedition-suivi\/"},"modified":"2026-03-20T23:47:44","modified_gmt":"2026-03-20T22:47:44","slug":"woocommerce-shipping-tracking","status":"publish","type":"product","link":"https:\/\/gpl-love.com\/fr\/produit\/woocommerce-shipping-tracking\/","title":{"rendered":"WooCommerce Shipping Tracking 42.2"},"content":{"rendered":"<h3>WooCommerce Shipping Tracking Traits<\/h3>\n<p>Le suivi des exp\u00e9ditions WooCommerce est un plugin incroyablement robuste et puissant, qui permet aux propri\u00e9taires de magasins en ligne de suivre et de g\u00e9rer efficacement leurs proc\u00e9dures d&rsquo;exp\u00e9dition. Le plugin est \u00e9quip\u00e9 d&rsquo;une interface conviviale qui vous permet de surveiller avec diligence vos envois en temps r\u00e9el, d&rsquo;acqu\u00e9rir rapidement les mises \u00e0 jour de l&rsquo;\u00e9tat d&rsquo;exp\u00e9dition et m\u00eame d&rsquo;envoyer des notifications en temps opportun \u00e0 vos clients estim\u00e9s. En tirant parti de ce plugin remarquable, vous avez la possibilit\u00e9 d&rsquo;administrer commod\u00e9ment vos op\u00e9rateurs d&rsquo;exp\u00e9dition ainsi que leurs codes de suivi correspondants, ainsi que d&rsquo;adapter vos pages de suivi pour s&rsquo;aligner parfaitement avec la marque unique de votre magasin. Non seulement cela, mais il vous offre \u00e9galement la possibilit\u00e9 d&rsquo;\u00e9tablir des tarifs d&rsquo;exp\u00e9dition sur la base de m\u00e9thodes d&rsquo;exp\u00e9dition et de zones divergentes, tout en vous \u00e9quipant de rapports complets et informatifs concernant vos performances d&rsquo;exp\u00e9dition. En conclusion, le suivi des exp\u00e9ditions WooCommerce est sans aucun doute un outil indispensable pour chaque propri\u00e9taire de magasin en ligne exigeant qui aspire \u00e0 rationaliser son processus d&rsquo;exp\u00e9dition et \u00e0 favoriser une exp\u00e9rience client am\u00e9lior\u00e9e et in\u00e9gal\u00e9e.<\/p>\n<ul>\n<li>Fournit des informations de suivi \u00e0 jour pour les commandes de vos clients<\/li>\n<li>S&rsquo;int\u00e8gre parfaitement \u00e0 WooCommerce, il n&rsquo;y a donc pas besoin de plugins suppl\u00e9mentaires<\/li>\n<li>Prend en charge les principaux transporteurs d&rsquo;exp\u00e9dition comme USPS, FedEx, UPS, DHL, etc.<\/li>\n<li>Permet aux clients de suivre leurs commandes directement \u00e0 partir de leur page de compte<\/li>\n<li>Envoie des notifications par e-mail automatique lorsque l&rsquo;\u00e9tat de commande modifie ou lorsque des informations de suivi sont disponibles<\/li>\n<li>Peut \u00eatre personnalis\u00e9 avec votre propre marque et vos couleurs pour correspondre \u00e0 votre magasin<\/li>\n<li>Aide \u00e0 r\u00e9duire les demandes des clients sur l&rsquo;\u00e9tat de la commande et les mises \u00e0 jour d&rsquo;exp\u00e9dition<\/li>\n<li>Facile \u00e0 utiliser, avec des param\u00e8tres simples et une documentation claire<\/li>\n<li>Comprend le soutien premium de notre \u00e9quipe d&rsquo;experts<\/li>\n<li>Mises \u00e0 jour et am\u00e9liorations r\u00e9guli\u00e8res pour assurer la compatibilit\u00e9 avec les derni\u00e8res versions de WooCommerce et des transporteurs d&rsquo;exp\u00e9dition.<\/li>\n<\/ul>\n","protected":false},"excerpt":{"rendered":"<p>L&rsquo;utilisation du plugin de suivi des exp\u00e9ditions WooCommerce facilite la fourniture transparente des informations de suivi \u00e0 vos clients estim\u00e9s pour leurs commandes. Gr\u00e2ce \u00e0 l&rsquo;incorporation de ce plugin remarquable, vous \u00eates capable d&rsquo;ajouter sans effort les num\u00e9ros de suivi aux commandes, permettant par la suite la r\u00e9partition automatis\u00e9e de notifications par e-mail englobant les liens de suivi. De plus, la personnalisation des notifications par e-mail est rendue possible, permettant l&rsquo;int\u00e9gration de la marque unique de votre magasin, garantissant ainsi une exp\u00e9rience de suivi coh\u00e9sive et personnalis\u00e9e pour vos pr\u00e9cieux clients. En int\u00e9grant le plugin de suivi de l&rsquo;exp\u00e9dition WooCommerce, vous pourrez am\u00e9liorer consid\u00e9rablement les niveaux de satisfaction des clients tout en att\u00e9nuant simultan\u00e9ment la fr\u00e9quence des demandes des clients.<\/p>\n","protected":false},"featured_media":146022,"comment_status":"open","ping_status":"closed","template":"","meta":[],"product_brand":[2435],"product_cat":[1183,1182,1181],"product_tag":[1231],"class_list":{"0":"post-105815","1":"product","2":"type-product","3":"status-publish","4":"has-post-thumbnail","6":"product_brand-codecanyon","7":"product_cat-administration","8":"product_cat-commerce-electronique-plugins","9":"product_cat-plugins","10":"product_tag-codecanyon","11":"member-discount","12":"discount-restricted","14":"first","15":"instock","16":"sale","17":"downloadable","18":"virtual","19":"sold-individually","20":"purchasable","21":"product-type-simple"},"_links":{"self":[{"href":"https:\/\/gpl-love.com\/fr\/wp-json\/wp\/v2\/product\/105815","targetHints":{"allow":["GET"]}}],"collection":[{"href":"https:\/\/gpl-love.com\/fr\/wp-json\/wp\/v2\/product"}],"about":[{"href":"https:\/\/gpl-love.com\/fr\/wp-json\/wp\/v2\/types\/product"}],"replies":[{"embeddable":true,"href":"https:\/\/gpl-love.com\/fr\/wp-json\/wp\/v2\/comments?post=105815"}],"wp:featuredmedia":[{"embeddable":true,"href":"https:\/\/gpl-love.com\/fr\/wp-json\/wp\/v2\/media\/146022"}],"wp:attachment":[{"href":"https:\/\/gpl-love.com\/fr\/wp-json\/wp\/v2\/media?parent=105815"}],"wp:term":[{"taxonomy":"product_brand","embeddable":true,"href":"https:\/\/gpl-love.com\/fr\/wp-json\/wp\/v2\/product_brand?post=105815"},{"taxonomy":"product_cat","embeddable":true,"href":"https:\/\/gpl-love.com\/fr\/wp-json\/wp\/v2\/product_cat?post=105815"},{"taxonomy":"product_tag","embeddable":true,"href":"https:\/\/gpl-love.com\/fr\/wp-json\/wp\/v2\/product_tag?post=105815"}],"curies":[{"name":"wp","href":"https:\/\/api.w.org\/{rel}","templated":true}]}}