{"id":105813,"date":"2025-08-03T00:00:00","date_gmt":"2025-08-02T22:00:00","guid":{"rendered":"http:\/\/gpl-love.com\/fr\/product\/woocommerce-moteur-de-recherche\/"},"modified":"2026-03-20T23:47:39","modified_gmt":"2026-03-20T22:47:39","slug":"woocommerce-search-engine","status":"publish","type":"product","link":"https:\/\/gpl-love.com\/fr\/produit\/woocommerce-search-engine\/","title":{"rendered":"WooCommerce Search Engine 2.3.2"},"content":{"rendered":"<h3>WooCommerce Search Engine Traits<\/h3>\n<p>Le moteur de recherche WooCommerce, un outil r\u00e9volutionnaire con\u00e7u pour am\u00e9liorer la fonctionnalit\u00e9 de recherche pour les clients des magasins en ligne, poss\u00e8de une gamme de fonctionnalit\u00e9s avanc\u00e9es. Ce plugin remarquable acc\u00e9l\u00e8re non seulement le processus de localisation des produits pour les utilisateurs, mais pr\u00e9sente \u00e9galement plusieurs options de recherche telles que la recherche de la saisie semi-automatique, la suggestion de mots cl\u00e9s et la correction d&rsquo;orthographe. En outre, il \u00e9l\u00e8ve l&rsquo;exp\u00e9rience client en pr\u00e9sentant des r\u00e9sultats de recherche \u00e0 la fois pertinents et pr\u00e9cis. Sans aucun doute, le moteur de recherche WooCommerce est un atout indispensable pour tout d\u00e9taillant en ligne exigeant qui s&rsquo;efforce d&rsquo;affiner les fonctionnalit\u00e9s de recherche de leur site Web et d&rsquo;optimiser l&rsquo;exp\u00e9rience utilisateur globale.<\/p>\n<ul>\n<li>R\u00e9sultats de recherche rapides et fiables pour votre boutique WooCommerce<\/li>\n<li>Param\u00e8tres de recherche personnalisables pour r\u00e9pondre aux besoins sp\u00e9cifiques de votre magasin<\/li>\n<li>Fonctionnalit\u00e9 de saisie semi-automatique pour une recherche facile et efficace<\/li>\n<li>Capacit\u00e9 \u00e0 rechercher plusieurs attributs de produits, y compris des balises, des cat\u00e9gories et des variations de produit<\/li>\n<li>Des suggestions de recherche en temps r\u00e9el pour aider les utilisateurs \u00e0 trouver ce qu&rsquo;ils recherchent<\/li>\n<li>Am\u00e9lioration de l&rsquo;exp\u00e9rience de navigation et d&rsquo;utilisateur pour les clients \u00e0 la recherche de votre magasin<\/li>\n<li>Int\u00e9gration avec votre th\u00e8me WooCommerce existant et les plugins pour l&rsquo;int\u00e9gration transparente<\/li>\n<li>Mises \u00e0 jour r\u00e9guli\u00e8res et soutien du fournisseur pour assurer une fonctionnalit\u00e9 et une optimisation continues.<\/li>\n<\/ul>\n","protected":false},"excerpt":{"rendered":"<p>Le moteur de recherche WooCommerce, un outil incroyablement puissant, a le but de permettre aux clients de localiser rapidement et sans effort sans effort dans votre boutique WooCommerce. Arm\u00e9s d&rsquo;une pl\u00e9thore de fonctionnalit\u00e9s de recherche avanc\u00e9es, notamment la saisie semi-automatique, la correction des sorts et les filtres, les clients poss\u00e8dent la possibilit\u00e9 de passer rapidement une vaste gamme de produits, en fin de compte, se concentrant en fin de compte sur leur article souhait\u00e9. Non seulement ce moteur de recherche offre des fonctionnalit\u00e9s aussi remarquables, mais elle est \u00e9galement m\u00e9ticuleusement optimis\u00e9e pour la vitesse, garantissant la fourniture de r\u00e9sultats de recherche ultra-rapides qui sont li\u00e9s \u00e0 captiver les clients, en garantissant leur retour et leur engagement continu. \u00c9levez l&rsquo;exp\u00e9rience d&rsquo;achat de votre client\u00e8le estim\u00e9e et catapultez vos chiffres de vente \u00e0 des hauteurs sans pr\u00e9c\u00e9dent en incorporant le moteur de recherche WooCommerce dans votre plate-forme.<\/p>\n","protected":false},"featured_media":146016,"comment_status":"open","ping_status":"closed","template":"","meta":[],"product_brand":[2435],"product_cat":[1183,1182,1181],"product_tag":[1231],"class_list":{"0":"post-105813","1":"product","2":"type-product","3":"status-publish","4":"has-post-thumbnail","6":"product_brand-codecanyon","7":"product_cat-administration","8":"product_cat-commerce-electronique-plugins","9":"product_cat-plugins","10":"product_tag-codecanyon","11":"member-discount","12":"discount-restricted","14":"first","15":"instock","16":"sale","17":"downloadable","18":"virtual","19":"sold-individually","20":"purchasable","21":"product-type-simple"},"_links":{"self":[{"href":"https:\/\/gpl-love.com\/fr\/wp-json\/wp\/v2\/product\/105813","targetHints":{"allow":["GET"]}}],"collection":[{"href":"https:\/\/gpl-love.com\/fr\/wp-json\/wp\/v2\/product"}],"about":[{"href":"https:\/\/gpl-love.com\/fr\/wp-json\/wp\/v2\/types\/product"}],"replies":[{"embeddable":true,"href":"https:\/\/gpl-love.com\/fr\/wp-json\/wp\/v2\/comments?post=105813"}],"wp:featuredmedia":[{"embeddable":true,"href":"https:\/\/gpl-love.com\/fr\/wp-json\/wp\/v2\/media\/146016"}],"wp:attachment":[{"href":"https:\/\/gpl-love.com\/fr\/wp-json\/wp\/v2\/media?parent=105813"}],"wp:term":[{"taxonomy":"product_brand","embeddable":true,"href":"https:\/\/gpl-love.com\/fr\/wp-json\/wp\/v2\/product_brand?post=105813"},{"taxonomy":"product_cat","embeddable":true,"href":"https:\/\/gpl-love.com\/fr\/wp-json\/wp\/v2\/product_cat?post=105813"},{"taxonomy":"product_tag","embeddable":true,"href":"https:\/\/gpl-love.com\/fr\/wp-json\/wp\/v2\/product_tag?post=105813"}],"curies":[{"name":"wp","href":"https:\/\/api.w.org\/{rel}","templated":true}]}}