{"id":105811,"date":"2026-04-18T00:00:00","date_gmt":"2026-04-17T22:00:00","guid":{"rendered":"http:\/\/gpl-love.com\/fr\/product\/woocommerce-recherche-produit\/"},"modified":"2026-04-19T00:31:17","modified_gmt":"2026-04-18T22:31:17","slug":"woocommerce-product-search","status":"publish","type":"product","link":"https:\/\/gpl-love.com\/fr\/produit\/woocommerce-product-search\/","title":{"rendered":"WooCommerce Product Search 7.3.0"},"content":{"rendered":"<h3>WooCommerce Product Search Traits<\/h3>\n<p>Le but de la recherche de produits WooCommerce est d&rsquo;am\u00e9liorer la facilit\u00e9 avec laquelle les clients peuvent d\u00e9couvrir les produits souhait\u00e9s sur un site Web WooCommerce. En utilisant une barre de recherche simple, les clients peuvent entrer sans effort saisir des mots cl\u00e9s ou des phrases pertinents, incitant ainsi la fonction de recherche pour pr\u00e9senter rapidement tous les produits qui s&rsquo;alignent sur leur requ\u00eate. Cette fonctionnalit\u00e9 s&rsquo;av\u00e8re inestimable car elle \u00e9vite la n\u00e9cessit\u00e9 pour les clients de tamiser manuellement l&rsquo;int\u00e9gralit\u00e9 des produits accessibles sur un site Web donn\u00e9, ce qui leur permet potentiellement potentiellement un temps consid\u00e9rable. En outre, la recherche de produits WooCommerce poss\u00e8de des capacit\u00e9s de recherche avanc\u00e9es, englobant des fonctionnalit\u00e9s telles que le filtrage par cat\u00e9gorie de produits, la gamme de prix, etc. Par cons\u00e9quent, les clients sont autoris\u00e9s \u00e0 localiser pr\u00e9cis\u00e9ment ce dont ils ont besoin, aboutissant finalement \u00e0 une exp\u00e9rience utilisateur superlative sur n&rsquo;importe quelle plate-forme de commerce \u00e9lectronique. \u00c0 son tour, cette exp\u00e9rience utilisateur augment\u00e9e peut engendrer une recrudescence des ventes en raison de la facilitation de la d\u00e9couverte transparente et de l&rsquo;achat ult\u00e9rieur des produits souhait\u00e9s.<\/p>\n<ul>\n<li>R\u00e9sultats de recherche rapides et pr\u00e9cis pour les produits WooCommerce<\/li>\n<li>Interface de recherche intuitive et conviviale<\/li>\n<li>Rechercher par nom de produit, SKU, cat\u00e9gorie, balise ou tout attribut personnalis\u00e9<\/li>\n<li>Comprend une fonction de recherche en direct pour les r\u00e9sultats instantan\u00e9s car les utilisateurs sont<\/li>\n<li>Compatible avec les th\u00e8mes WordPress et les extensions WooCommerce<\/li>\n<li>Offres les options de comportement et d&rsquo;affichage de recherche personnalis\u00e9s<\/li>\n<li>Installation et int\u00e9gration faciles avec la conception de votre site Web existant<\/li>\n<li>Am\u00e9liore l&rsquo;exp\u00e9rience utilisateur et augmente les ventes en aidant les clients<\/li>\n<li>Fournit des informations pr\u00e9cieuses sur le comportement de recherche des clients gr\u00e2ce \u00e0 l&rsquo;analyse d&rsquo;utilisation<\/li>\n<li>Comprend des crochets et des filtres adapt\u00e9s aux d\u00e9veloppeurs pour la personnalisation et l&rsquo;int\u00e9gration avec d&rsquo;autres plugins.<\/li>\n<\/ul>\n","protected":false},"excerpt":{"rendered":"<p>Le plugin de recherche de produit WooCommerce est un outil pr\u00e9cieux qui am\u00e9liore la capacit\u00e9 de recherche des magasins en ligne fonctionnant via WooCommerce. Contrairement \u00e0 d&rsquo;autres plugins, il offre une fonction de recherche de produit tr\u00e8s efficace et fiable. Ce plugin permet aux clients de naviguer sans effort dans le vaste inventaire de votre site Web et de d\u00e9couvrir les produits souhait\u00e9s en utilisant une large gamme de param\u00e8tres de recherche, y compris, mais sans s&rsquo;y limiter, le nom, le prix, la cat\u00e9gorie, les attributs et les balises. Non seulement il fournit des r\u00e9sultats de recherche instantan\u00e9s et pr\u00e9cis, mais il cr\u00e9e \u00e9galement une exp\u00e9rience d&rsquo;achat transparente pour vos pr\u00e9cieux clients. De plus, le processus d&rsquo;installation du plugin de recherche de produit WooCommerce est convivial et simple, garantissant une int\u00e9gration sans tracas dans le cadre existant de votre magasin. De plus, ce plugin est hautement personnalisable, vous permettant d&rsquo;aligner votre fonctionnalit\u00e9 de recherche sur l&rsquo;identit\u00e9 visuelle de votre marque. De la logique de recherche au tri des r\u00e9sultats, le plugin de recherche de produit WooCommerce fournit un tableau d&rsquo;options de personnalisation, garantissant que vos clients re\u00e7oivent toujours les r\u00e9sultats exacts qu&rsquo;ils recherchent.<\/p>\n","protected":false},"featured_media":145993,"comment_status":"open","ping_status":"closed","template":"","meta":[],"product_brand":[2440],"product_cat":[1183,1182,1181],"product_tag":[1398],"class_list":{"0":"post-105811","1":"product","2":"type-product","3":"status-publish","4":"has-post-thumbnail","6":"product_brand-woocommerce","7":"product_cat-administration","8":"product_cat-commerce-electronique-plugins","9":"product_cat-plugins","10":"product_tag-woocommerce","11":"member-discount","12":"discount-restricted","14":"first","15":"instock","16":"sale","17":"downloadable","18":"virtual","19":"sold-individually","20":"purchasable","21":"product-type-simple"},"_links":{"self":[{"href":"https:\/\/gpl-love.com\/fr\/wp-json\/wp\/v2\/product\/105811","targetHints":{"allow":["GET"]}}],"collection":[{"href":"https:\/\/gpl-love.com\/fr\/wp-json\/wp\/v2\/product"}],"about":[{"href":"https:\/\/gpl-love.com\/fr\/wp-json\/wp\/v2\/types\/product"}],"replies":[{"embeddable":true,"href":"https:\/\/gpl-love.com\/fr\/wp-json\/wp\/v2\/comments?post=105811"}],"wp:featuredmedia":[{"embeddable":true,"href":"https:\/\/gpl-love.com\/fr\/wp-json\/wp\/v2\/media\/145993"}],"wp:attachment":[{"href":"https:\/\/gpl-love.com\/fr\/wp-json\/wp\/v2\/media?parent=105811"}],"wp:term":[{"taxonomy":"product_brand","embeddable":true,"href":"https:\/\/gpl-love.com\/fr\/wp-json\/wp\/v2\/product_brand?post=105811"},{"taxonomy":"product_cat","embeddable":true,"href":"https:\/\/gpl-love.com\/fr\/wp-json\/wp\/v2\/product_cat?post=105811"},{"taxonomy":"product_tag","embeddable":true,"href":"https:\/\/gpl-love.com\/fr\/wp-json\/wp\/v2\/product_tag?post=105811"}],"curies":[{"name":"wp","href":"https:\/\/api.w.org\/{rel}","templated":true}]}}