{"id":105809,"date":"2025-06-13T00:00:00","date_gmt":"2025-06-12T22:00:00","guid":{"rendered":"http:\/\/gpl-love.com\/fr\/product\/woocommerce-commentaires-pro\/"},"modified":"2026-04-10T18:48:09","modified_gmt":"2026-04-10T16:48:09","slug":"woocommerce-product-reviews-pro","status":"publish","type":"product","link":"https:\/\/gpl-love.com\/fr\/produit\/woocommerce-product-reviews-pro\/","title":{"rendered":"WooCommerce Product Reviews Pro 1.20.2"},"content":{"rendered":"<h3>WooCommerce Product Reviews Pro Traits<\/h3>\n<p>WooCommerce Product Reviews Pro, un plugin incroyablement robuste, sert \u00e0 amplifier l&rsquo;efficacit\u00e9 de la fonction d&rsquo;examen des produits dans votre boutique WooCommerce. En raison de ce plugin exceptionnel, les clients peuvent fournir sans effort leurs avis et notes pour les produits, favorisant ainsi un environnement propice \u00e0 des chiffres de vente accrus et une r\u00e9putation fortifi\u00e9e pour votre marque. Le plugin vous accorde la capacit\u00e9 inestimable \u00e0 personnaliser le formulaire d&rsquo;examen, \u00e0 g\u00e9rer de mani\u00e8re experte les critiques et \u00e0 les montrer magnifiquement sur votre site, constituant ainsi un spectacle visuellement captivant. De plus, vous \u00eates \u00e9galement accord\u00e9 au pouvoir d&rsquo;envoyer des rappels en temps opportun aux clients, les incitant ainsi \u00e0 soumettre leurs avis et, en signe d&rsquo;appr\u00e9ciation, \u00e0 offrir des incitations \u00e0 leurs contributions. Dans le grand sch\u00e9ma des choses, WooCommerce Product Reviews Pro sert d&rsquo;instrument indispensable pour chaque propri\u00e9taire de la boutique en ligne aspirant \u00e0 \u00e9lever leur exp\u00e9rience client \u00e0 des sommets sans pr\u00e9c\u00e9dent et \u00e0 ouvrir la voie \u00e0 une vague de ventes.<\/p>\n<ul>\n<li>Int\u00e9gration avec WooCommerce pour une configuration facile<\/li>\n<li>Capacit\u00e9 \u00e0 personnaliser les formulaires et les champs d&rsquo;examen<\/li>\n<li>Option pour ajouter des notes d&rsquo;\u00e9toiles et des images de produits aux critiques<\/li>\n<li>Outils de mod\u00e9ration pour approuver, modifier ou supprimer les avis<\/li>\n<li>Syst\u00e8me de notification pour les nouvelles r\u00e9visions et les demandes de mod\u00e9ration<\/li>\n<li>Examiner le filtrage pour une navigation facile<\/li>\n<li>Passez en revue la fonction de r\u00e9sum\u00e9 pour une analyse rapide des performances du produit<\/li>\n<li>Syst\u00e8me de notation multicrit\u00e8res pour une r\u00e9troaction d\u00e9taill\u00e9e<\/li>\n<li>Option pour les clients pour ajouter des photos ou des vid\u00e9os \u00e0 leurs avis<\/li>\n<li>Int\u00e9gration avec d&rsquo;autres plugins pour une personnalisation et des fonctionnalit\u00e9s suppl\u00e9mentaires.<\/li>\n<\/ul>\n","protected":false},"excerpt":{"rendered":"<p>WooCommerce Product Reviews Pro, un outil extr\u00eamement robuste, sert d&rsquo;attention inestimable pour les propri\u00e9taires de magasins en ligne cherchant \u00e0 captiver une client\u00e8le plus grande. Cet outil exceptionnel permet non seulement aux utilisateurs d&rsquo;adapter et de personnaliser l&rsquo;esth\u00e9tique de leur section d&rsquo;examen des produits, mais il rationalise \u00e9galement le processus d&rsquo;obtention des commentaires des clients tout en pr\u00e9sentant efficacement les avis positifs sur diverses plateformes de m\u00e9dias sociaux. Ce plugin remarquable aide sans \u00e9quivoque les propri\u00e9taires de magasins \u00e0 renforcer leur r\u00e9putation et \u00e0 augmenter leurs gains mon\u00e9taires en int\u00e9grant de mani\u00e8re transparente les critiques et les notes de produits in\u00e9gal\u00e9es dans leur site Web. Gr\u00e2ce aux fonctionnalit\u00e9s in\u00e9gal\u00e9es de WooCommerce Product Reviews Pro, les clients ont la commodit\u00e9 de soumettre sans effort leurs propres avis, ce qui les permettant ainsi de prendre des d\u00e9cisions d&rsquo;achat \u00e9clair\u00e9es, aboutissant finalement \u00e0 une exp\u00e9rience d&rsquo;achat am\u00e9lior\u00e9e pour tous.<\/p>\n","protected":false},"featured_media":145992,"comment_status":"open","ping_status":"closed","template":"","meta":[],"product_brand":[2440],"product_cat":[1182,1200,1181],"product_tag":[1398],"class_list":{"0":"post-105809","1":"product","2":"type-product","3":"status-publish","4":"has-post-thumbnail","6":"product_brand-woocommerce","7":"product_cat-commerce-electronique-plugins","8":"product_cat-commercialisation","9":"product_cat-plugins","10":"product_tag-woocommerce","11":"member-discount","12":"discount-restricted","14":"first","15":"instock","16":"sale","17":"downloadable","18":"virtual","19":"sold-individually","20":"purchasable","21":"product-type-simple"},"_links":{"self":[{"href":"https:\/\/gpl-love.com\/fr\/wp-json\/wp\/v2\/product\/105809","targetHints":{"allow":["GET"]}}],"collection":[{"href":"https:\/\/gpl-love.com\/fr\/wp-json\/wp\/v2\/product"}],"about":[{"href":"https:\/\/gpl-love.com\/fr\/wp-json\/wp\/v2\/types\/product"}],"replies":[{"embeddable":true,"href":"https:\/\/gpl-love.com\/fr\/wp-json\/wp\/v2\/comments?post=105809"}],"wp:featuredmedia":[{"embeddable":true,"href":"https:\/\/gpl-love.com\/fr\/wp-json\/wp\/v2\/media\/145992"}],"wp:attachment":[{"href":"https:\/\/gpl-love.com\/fr\/wp-json\/wp\/v2\/media?parent=105809"}],"wp:term":[{"taxonomy":"product_brand","embeddable":true,"href":"https:\/\/gpl-love.com\/fr\/wp-json\/wp\/v2\/product_brand?post=105809"},{"taxonomy":"product_cat","embeddable":true,"href":"https:\/\/gpl-love.com\/fr\/wp-json\/wp\/v2\/product_cat?post=105809"},{"taxonomy":"product_tag","embeddable":true,"href":"https:\/\/gpl-love.com\/fr\/wp-json\/wp\/v2\/product_tag?post=105809"}],"curies":[{"name":"wp","href":"https:\/\/api.w.org\/{rel}","templated":true}]}}