{"id":105807,"date":"2025-11-06T00:00:00","date_gmt":"2025-11-05T23:00:00","guid":{"rendered":"http:\/\/gpl-love.com\/fr\/product\/woocommerce-detaillants-produit\/"},"modified":"2026-04-10T18:48:08","modified_gmt":"2026-04-10T16:48:08","slug":"woocommerce-product-retailers","status":"publish","type":"product","link":"https:\/\/gpl-love.com\/fr\/produit\/woocommerce-product-retailers\/","title":{"rendered":"WooCommerce Product Retailers 1.18.3"},"content":{"rendered":"<h3>WooCommerce Product Retailers Traits<\/h3>\n<p>Les d\u00e9taillants de produits WooCommerce se pr\u00e9sentent comme une formidable solution qui offre aux d\u00e9taillants en ligne la possibilit\u00e9 de fusionner de mani\u00e8re transparente leur magasin de commerce \u00e9lectronique avec plusieurs canaux de vente. En utilisant cet outil, les d\u00e9taillants sont en mesure de superviser efficacement leurs produits et leurs stocks sur une pl\u00e9thore de march\u00e9s, tels qu&rsquo;Amazon, eBay et Walmart. Cette int\u00e9gration harmonieuse facilite finalement une pr\u00e9sence en ligne amplifi\u00e9e pour les d\u00e9taillants, leur permettant de se connecter sans effort avec une base de consommateurs plus large et de g\u00e9n\u00e9rer un volume accru de ventes. La plate-forme solidifie en outre sa valeur en soutenant la synchronisation instantan\u00e9e des donn\u00e9es de produit, des prix et des niveaux d&rsquo;inventaire, favorisant finalement une exp\u00e9rience de vente sans couture et ininterrompue. Il est \u00e9galement \u00e0 noter que les d\u00e9taillants de produits WooCommerce poss\u00e8dent une gamme compl\u00e8te de fonctionnalit\u00e9s avanc\u00e9es d&rsquo;analyse et de rapport, qui permettent aux d\u00e9taillants d&rsquo;\u00e9valuer m\u00e9ticuleusement leurs performances de vente et de surveiller m\u00e9ticuleusement leur retour sur investissement. Dans l&rsquo;ensemble, cet outil indispensable repr\u00e9sente ind\u00e9niablement un atout essentiel pour les d\u00e9taillants en ligne d\u00e9sireux d&rsquo;optimiser leurs op\u00e9rations et de propulser la croissance de leur entreprise en plein essor.<\/p>\n<ul>\n<li>Permet aux d\u00e9taillants de g\u00e9rer et de vendre facilement leurs produits sur WooCommerce<\/li>\n<li>S&rsquo;int\u00e8gre aux syst\u00e8mes POS existants pour une gestion des stocks efficace<\/li>\n<li>Permet les options de tarification et d&rsquo;exp\u00e9dition personnalisables par rapport<\/li>\n<li>Fournit une interface conviviale pour une gestion et des mises \u00e0 jour faciles des produits<\/li>\n<li>Rationalise le processus de commande et de r\u00e9alisation pour les d\u00e9taillants et les clients<\/li>\n<li>Offre des rapports et des analyses robustes pour suivre les ventes et identifier les opportunit\u00e9s de croissance<\/li>\n<li>Prend en charge plusieurs langues et devises pour atteindre un public mondial<\/li>\n<li>Fournit un support client d\u00e9di\u00e9 \u00e0 tous les probl\u00e8mes ou questions techniques.<\/li>\n<\/ul>\n","protected":false},"excerpt":{"rendered":"<p>Nous offrons une solution tr\u00e8s compl\u00e8te et extr\u00eamement fiable con\u00e7ue sp\u00e9cifiquement pour les d\u00e9taillants WooCommerce qui cherchent \u00e0 \u00e9largir leur r\u00e9seau de distribution de produits. Gr\u00e2ce \u00e0 notre outil de d\u00e9tail des d\u00e9taillants de produits WooCommerce de pointe, vous pourrez g\u00e9rer sans effort et efficacement toutes vos relations avec les d\u00e9taillants, rationaliser vos proc\u00e9dures de vente et exploiter sans effort les nouvelles bases clients sur une multitude de canaux. Offrez des adieux aux processus manuels laborieux et monotones et adoptez l&rsquo;arriv\u00e9e d&rsquo;une visibilit\u00e9 accrue des produits, des chiffres de vente et des revenus globaux.<\/p>\n","protected":false},"featured_media":145991,"comment_status":"open","ping_status":"closed","template":"","meta":[],"product_brand":[2440],"product_cat":[1183,1182,1181],"product_tag":[1398],"class_list":{"0":"post-105807","1":"product","2":"type-product","3":"status-publish","4":"has-post-thumbnail","6":"product_brand-woocommerce","7":"product_cat-administration","8":"product_cat-commerce-electronique-plugins","9":"product_cat-plugins","10":"product_tag-woocommerce","11":"member-discount","12":"discount-restricted","14":"first","15":"instock","16":"sale","17":"downloadable","18":"virtual","19":"sold-individually","20":"purchasable","21":"product-type-simple"},"_links":{"self":[{"href":"https:\/\/gpl-love.com\/fr\/wp-json\/wp\/v2\/product\/105807","targetHints":{"allow":["GET"]}}],"collection":[{"href":"https:\/\/gpl-love.com\/fr\/wp-json\/wp\/v2\/product"}],"about":[{"href":"https:\/\/gpl-love.com\/fr\/wp-json\/wp\/v2\/types\/product"}],"replies":[{"embeddable":true,"href":"https:\/\/gpl-love.com\/fr\/wp-json\/wp\/v2\/comments?post=105807"}],"wp:featuredmedia":[{"embeddable":true,"href":"https:\/\/gpl-love.com\/fr\/wp-json\/wp\/v2\/media\/145991"}],"wp:attachment":[{"href":"https:\/\/gpl-love.com\/fr\/wp-json\/wp\/v2\/media?parent=105807"}],"wp:term":[{"taxonomy":"product_brand","embeddable":true,"href":"https:\/\/gpl-love.com\/fr\/wp-json\/wp\/v2\/product_brand?post=105807"},{"taxonomy":"product_cat","embeddable":true,"href":"https:\/\/gpl-love.com\/fr\/wp-json\/wp\/v2\/product_cat?post=105807"},{"taxonomy":"product_tag","embeddable":true,"href":"https:\/\/gpl-love.com\/fr\/wp-json\/wp\/v2\/product_tag?post=105807"}],"curies":[{"name":"wp","href":"https:\/\/api.w.org\/{rel}","templated":true}]}}