{"id":105805,"date":"2025-11-06T00:00:00","date_gmt":"2025-11-05T23:00:00","guid":{"rendered":"http:\/\/gpl-love.com\/fr\/product\/woocommerce-product-finder\/"},"modified":"2026-04-10T18:48:06","modified_gmt":"2026-04-10T16:48:06","slug":"woocommerce-product-finder","status":"publish","type":"product","link":"https:\/\/gpl-love.com\/fr\/produit\/woocommerce-product-finder\/","title":{"rendered":"WooCommerce Product Finder 1.5.0"},"content":{"rendered":"<h3>WooCommerce Product Finder Traits<\/h3>\n<p>Le WooCommerce Product Finder, un outil extr\u00eamement puissant, a pour objectif d&rsquo;aider les clients \u00e0 localiser rapidement et sans effort sans effort leurs produits souhait\u00e9s sur votre site Web estim\u00e9. Offrant une fonctionnalit\u00e9 de recherche intuitive, cet outil remarquable permet aux clients de naviguer sans effort dans votre inventaire \u00e9tendu en utilisant divers filtres tels que le prix, la cat\u00e9gorie, la marque et d&rsquo;autres crit\u00e8res pertinents. Par cons\u00e9quent, cette exp\u00e9rience de navigation transparente am\u00e9liore consid\u00e9rablement la probabilit\u00e9 que les clients trouvent pr\u00e9cis\u00e9ment ce qu&rsquo;ils recherchent, entra\u00eenant ainsi une augmentation substantielle des taux de conversion et une satisfaction globale des clients. De plus, le Finder de produit poss\u00e8de une personnalisation compl\u00e8te, garantissant que vous pouvez adapter l&rsquo;exp\u00e9rience de recherche pour s&rsquo;aligner parfaitement sur les caract\u00e9ristiques et les exigences distinctes de votre magasin et de votre client\u00e8le estim\u00e9s. En conclusion, le chercheur de produit WooCommerce repr\u00e9sente incontestablement un actif indispensable pour toute boutique en ligne aspirant \u00e0 augmenter son exp\u00e9rience client et \u00e0 renforcer les chiffres des ventes.<\/p>\n<ul>\n<li>Moyen rapide et facile de trouver des produits sur le site Web WooCommerce<\/li>\n<li>Champs de recherche personnalisables pour les r\u00e9sultats sur mesure<\/li>\n<li>Prend en charge diff\u00e9rents types d&rsquo;attributs et de variations de produits<\/li>\n<li>Option pour afficher ou masquer les produits hors stock<\/li>\n<li>Fonctionnement de la saisie semi-automatique pour une exp\u00e9rience de recherche efficace<\/li>\n<li>Compatible avec n&rsquo;importe quel th\u00e8me WordPress<\/li>\n<li>Sensible au mobile et fonctionne parfaitement sur diff\u00e9rents appareils<\/li>\n<li>Augmente l&rsquo;engagement des clients et la convivialit\u00e9 du site Web<\/li>\n<li>Gave le temps et am\u00e9liore la satisfaction des utilisateurs<\/li>\n<li>Solution rentable pour am\u00e9liorer les fonctionnalit\u00e9s de recherche de produits sur le site Web de WooCommerce.<\/li>\n<\/ul>\n","protected":false},"excerpt":{"rendered":"<p>Le WooCommerce Product Finder, un outil extr\u00eamement efficace, sert de solution id\u00e9ale pour les magasins en ligne cherchant \u00e0 augmenter les capacit\u00e9s de recherche de leur site Web. Cet outil puissant aide efficacement les clients \u00e0 localiser sans effort des produits qui s&rsquo;alignent avec leurs exigences et pr\u00e9f\u00e9rences distinctes. \u00c9quip\u00e9s d&rsquo;une gamme de filtres et d&rsquo;options de recherche, les clients peuvent affiner rapidement leurs r\u00e9sultats de recherche, facilitant ainsi l&rsquo;achat rapide des produits souhait\u00e9s. De plus, l&rsquo;int\u00e9gration transparente du Finder de produit WooCommerce avec votre boutique en ligne rend l&rsquo;installation et l&rsquo;utilisation d&rsquo;un jeu d&rsquo;enfant. Offrez des adieux aux clients exasp\u00e9r\u00e9s et adoptez une augmentation des ventes avec l&rsquo;aimable autorisation du Finder WooCommerce.<\/p>\n","protected":false},"featured_media":145988,"comment_status":"open","ping_status":"open","template":"","meta":[],"product_brand":[2440],"product_cat":[1183,1182,1181],"product_tag":[1398],"class_list":{"0":"post-105805","1":"product","2":"type-product","3":"status-publish","4":"has-post-thumbnail","6":"product_brand-woocommerce","7":"product_cat-administration","8":"product_cat-commerce-electronique-plugins","9":"product_cat-plugins","10":"product_tag-woocommerce","11":"member-discount","12":"discount-restricted","14":"first","15":"instock","16":"sale","17":"downloadable","18":"virtual","19":"sold-individually","20":"purchasable","21":"product-type-simple"},"_links":{"self":[{"href":"https:\/\/gpl-love.com\/fr\/wp-json\/wp\/v2\/product\/105805","targetHints":{"allow":["GET"]}}],"collection":[{"href":"https:\/\/gpl-love.com\/fr\/wp-json\/wp\/v2\/product"}],"about":[{"href":"https:\/\/gpl-love.com\/fr\/wp-json\/wp\/v2\/types\/product"}],"replies":[{"embeddable":true,"href":"https:\/\/gpl-love.com\/fr\/wp-json\/wp\/v2\/comments?post=105805"}],"wp:featuredmedia":[{"embeddable":true,"href":"https:\/\/gpl-love.com\/fr\/wp-json\/wp\/v2\/media\/145988"}],"wp:attachment":[{"href":"https:\/\/gpl-love.com\/fr\/wp-json\/wp\/v2\/media?parent=105805"}],"wp:term":[{"taxonomy":"product_brand","embeddable":true,"href":"https:\/\/gpl-love.com\/fr\/wp-json\/wp\/v2\/product_brand?post=105805"},{"taxonomy":"product_cat","embeddable":true,"href":"https:\/\/gpl-love.com\/fr\/wp-json\/wp\/v2\/product_cat?post=105805"},{"taxonomy":"product_tag","embeddable":true,"href":"https:\/\/gpl-love.com\/fr\/wp-json\/wp\/v2\/product_tag?post=105805"}],"curies":[{"name":"wp","href":"https:\/\/api.w.org\/{rel}","templated":true}]}}