{"id":105804,"date":"2026-03-18T00:00:00","date_gmt":"2026-03-17T23:00:00","guid":{"rendered":"http:\/\/gpl-love.com\/fr\/product\/filtres-woocommerce-produit\/"},"modified":"2026-04-10T18:48:05","modified_gmt":"2026-04-10T16:48:05","slug":"woocommerce-product-filters","status":"publish","type":"product","link":"https:\/\/gpl-love.com\/fr\/produit\/woocommerce-product-filters\/","title":{"rendered":"WooCommerce Product Filters 2.0.9"},"content":{"rendered":"<h3>WooCommerce Product Filters Traits<\/h3>\n<p>WooCommerce Product Filtres, un plugin indispensable pour les magasins en ligne propuls\u00e9s par WooCommerce, sert d&rsquo;outil pivot qui permet aux clients de naviguer sans effort dans une vaste gamme de produits, de perfectionner leurs pr\u00e9f\u00e9rences sp\u00e9cifiques telles que le prix, la couleur, la taille, la cat\u00e9gorie et une assortiment d&rsquo;autres facteurs distinctifs. En int\u00e9grant de mani\u00e8re transparente ce puissant plugin dans leurs plateformes en ligne, les entreprises sont en mesure d&rsquo;am\u00e9liorer consid\u00e9rablement l&rsquo;exp\u00e9rience d&rsquo;achat globale de leurs clients, augmentant ainsi la probabilit\u00e9 de g\u00e9n\u00e9rer des transactions r\u00e9ussies. B\u00e9n\u00e9ficiant d&rsquo;un degr\u00e9 \u00e9lev\u00e9 d&rsquo;adaptabilit\u00e9 et de configuration sans effort, les filtres de produit WooCommerce s&rsquo;av\u00e8rent \u00eatre une solution polyvalente adapt\u00e9e aux entreprises de toute magnitude. En outre, ce plugin remarquable pr\u00e9sente un \u00e9ventail impressionnant d&rsquo;options d&rsquo;affichage, englobant des menus d\u00e9roulants, des cases \u00e0 cocher, des curseurs et une gamme de possibilit\u00e9s de personnalisation suppl\u00e9mentaires, qui peuvent toutes \u00eatre adapt\u00e9es sans effort pour harmoniser sans couture avec l&rsquo;esth\u00e9tique unique du magasin. En r\u00e9sum\u00e9, les capacit\u00e9s \u00e0 multiples facettes de WooCommerce Filtres le positionnent comme un instrument indispensable pour les magasins en ligne, ce qui les permet d&rsquo;optimiser leur exp\u00e9rience client tout en acc\u00e9l\u00e9rant simultan\u00e9ment les ventes.<\/p>\n<ul>\n<li>Am\u00e9liorez l&rsquo;exp\u00e9rience d&rsquo;achat sur votre boutique WooCommerce<\/li>\n<li>Permet aux clients de trouver facilement les produits qu&rsquo;ils recherchent<\/li>\n<li>De nombreuses options de filtre disponibles telles que la couleur, la taille, le prix, la notation, et plus encore<\/li>\n<li>Affichage de filtre enti\u00e8rement personnalisable pour correspondre \u00e0 la marque et \u00e0 la conception de votre magasin<\/li>\n<li>Filtrez par plusieurs options simultan\u00e9ment pour des r\u00e9sultats plus raffin\u00e9s<\/li>\n<li>Augmente l&rsquo;engagement des clients et r\u00e9duit le taux de rebond<\/li>\n<li>Compatible avec la plupart des th\u00e8mes et plugins WooCommerce<\/li>\n<li>Installation et configuration faciles avec une interface utilisateur intuitive<\/li>\n<li>Mises \u00e0 jour r\u00e9guli\u00e8res et soutien pour assurer la compatibilit\u00e9 avec les derni\u00e8res versions WooCommerce<\/li>\n<\/ul>\n","protected":false},"excerpt":{"rendered":"<p>Le plugin WooCommerce Product Filtres est un outil robuste et tr\u00e8s efficace qui am\u00e9liore consid\u00e9rablement l&rsquo;exp\u00e9rience d&rsquo;achat sur votre site Web de commerce \u00e9lectronique. En incorporant ce plugin exceptionnel, les clients sont autoris\u00e9s \u00e0 rechercher et \u00e0 filtrer sans effort les produits \u00e0 travers une gamme de crit\u00e8res divers, y compris, mais sans s&rsquo;y limiter, la gamme de prix, le type de produit, la marque et de nombreux autres param\u00e8tres. En cons\u00e9quence, cette fonctionnalit\u00e9 inestimable facilite un niveau \u00e9lev\u00e9 de satisfaction client en offrant une exp\u00e9rience d&rsquo;achat personnalis\u00e9e et sur mesure. De plus, le plugin poss\u00e8de une interface utilisateur incroyablement intuitive, permettant une navigation transparente et une exp\u00e9rience globale conviviale. De plus, sa nature personnalisable garantit que vous pouvez adapter et affiner sans effort ses fonctionnalit\u00e9s pour s&rsquo;aligner parfaitement avec vos exigences uniques et sp\u00e9cifiques. Embrassez les capacit\u00e9s extraordinaires des filtres de produits WooCommerce aujourd&rsquo;hui et assistez \u00e0 une augmentation remarquable de votre entreprise de commerce \u00e9lectronique!<\/p>\n","protected":false},"featured_media":145987,"comment_status":"open","ping_status":"closed","template":"","meta":[],"product_brand":[2440],"product_cat":[1183,1182,1181],"product_tag":[1398],"class_list":{"0":"post-105804","1":"product","2":"type-product","3":"status-publish","4":"has-post-thumbnail","6":"product_brand-woocommerce","7":"product_cat-administration","8":"product_cat-commerce-electronique-plugins","9":"product_cat-plugins","10":"product_tag-woocommerce","11":"member-discount","12":"discount-restricted","14":"first","15":"instock","16":"sale","17":"downloadable","18":"virtual","19":"sold-individually","20":"purchasable","21":"product-type-simple"},"_links":{"self":[{"href":"https:\/\/gpl-love.com\/fr\/wp-json\/wp\/v2\/product\/105804","targetHints":{"allow":["GET"]}}],"collection":[{"href":"https:\/\/gpl-love.com\/fr\/wp-json\/wp\/v2\/product"}],"about":[{"href":"https:\/\/gpl-love.com\/fr\/wp-json\/wp\/v2\/types\/product"}],"replies":[{"embeddable":true,"href":"https:\/\/gpl-love.com\/fr\/wp-json\/wp\/v2\/comments?post=105804"}],"wp:featuredmedia":[{"embeddable":true,"href":"https:\/\/gpl-love.com\/fr\/wp-json\/wp\/v2\/media\/145987"}],"wp:attachment":[{"href":"https:\/\/gpl-love.com\/fr\/wp-json\/wp\/v2\/media?parent=105804"}],"wp:term":[{"taxonomy":"product_brand","embeddable":true,"href":"https:\/\/gpl-love.com\/fr\/wp-json\/wp\/v2\/product_brand?post=105804"},{"taxonomy":"product_cat","embeddable":true,"href":"https:\/\/gpl-love.com\/fr\/wp-json\/wp\/v2\/product_cat?post=105804"},{"taxonomy":"product_tag","embeddable":true,"href":"https:\/\/gpl-love.com\/fr\/wp-json\/wp\/v2\/product_tag?post=105804"}],"curies":[{"name":"wp","href":"https:\/\/api.w.org\/{rel}","templated":true}]}}