{"id":105802,"date":"2025-10-20T00:00:00","date_gmt":"2025-10-19T22:00:00","guid":{"rendered":"http:\/\/gpl-love.com\/fr\/product\/woocommerce-produit-documents\/"},"modified":"2026-03-20T23:47:10","modified_gmt":"2026-03-20T22:47:10","slug":"woocommerce-product-documents","status":"publish","type":"product","link":"https:\/\/gpl-love.com\/fr\/produit\/woocommerce-product-documents\/","title":{"rendered":"WooCommerce Product Documents 1.15.3"},"content":{"rendered":"<h3>WooCommerce Product Documents Traits<\/h3>\n<p>Le plugin WooCommerce Product Documents est un outil remarquablement robuste qui offre la commodit\u00e9 de consolider toute votre documentation li\u00e9e \u00e0 un produit dans un emplacement singulier. Ce plugin exceptionnel vous permet de t\u00e9l\u00e9charger et de g\u00e9rer efficacement divers types de documents, tels que les manuels d&rsquo;utilisation, les guides d&rsquo;installation, les garanties, etc., directement sur vos produits WooCommerce. Ce faisant, vous facilitez l&rsquo;acc\u00e8s de vos clients \u00e0 des informations vitales relatives \u00e0 vos produits, am\u00e9liorant ainsi consid\u00e9rablement leur exp\u00e9rience d&rsquo;achat globale et diminuant simultan\u00e9ment la fr\u00e9quence des demandes de soutien que vous recevez. De plus, ce plugin poss\u00e8de une interface conviviale et une personnalisation compl\u00e8te, vous offrant la possibilit\u00e9 d&rsquo;allouer des autorisations d&rsquo;acc\u00e8s \u00e0 chaque document, et m\u00eame de les afficher dans un onglet personnalis\u00e9 sur votre page de produit. Compte tenu de ces fonctionnalit\u00e9s tr\u00e8s avantageuses, il devient ind\u00e9niable que le plugin WooCommerce Product Documents est un atout indispensable pour tout d\u00e9taillant en ligne astucieux qui cherche avidement \u00e0 fournir \u00e0 leurs clients une exp\u00e9rience d&rsquo;achat tout \u00e0 encopper et sans couture.<\/p>\n<ul>\n<li>G\u00e9n\u00e9rez et joignez automatiquement la documentation du produit pertinent aux pages de produits WooCommerce<\/li>\n<li>Rationaliser le processus de gestion et de distribution des informations sur les produits aux clients<\/li>\n<li>Am\u00e9liorer la satisfaction du client en offrant un acc\u00e8s facile aux informations sur les produits pertinents<\/li>\n<li>Compatible avec un large \u00e9ventail de types de fichiers et de formats (PDF, Word, Excel, etc.)<\/li>\n<li>Personnalisable pour r\u00e9pondre aux besoins sp\u00e9cifiques et \u00e0 la marque de votre entreprise<\/li>\n<li>Gave le temps et r\u00e9duit le risque d&rsquo;erreurs en automatisant le processus d&rsquo;attachement des documents aux pages de produits<\/li>\n<li>Am\u00e9liore la transparence et la confiance des produits en fournissant aux clients des informations compl\u00e8tes et pr\u00e9cises sur les produits<\/li>\n<li>Facile \u00e0 installer et convivial, m\u00eame pour ceux qui n&rsquo;ont pas de fond technique<\/li>\n<li>Compatible avec une large gamme de th\u00e8mes et plugins WooCommerce<\/li>\n<li>Aide les entreprises \u00e0 se conformer aux exigences r\u00e9glementaires en offrant un acc\u00e8s facile aux informations sur les produits requis.<\/li>\n<\/ul>\n","protected":false},"excerpt":{"rendered":"<p>Les documents de produit WooCommerce servent d&rsquo;outil inestimable pour les propri\u00e9taires de magasins en ligne en leur offrant la capacit\u00e9 d&rsquo;ajouter des documents importants \u00e0 leurs pages de produits, en englobant les manuels d&rsquo;utilisation, les guides d&rsquo;installation ou les informations de garantie. En fournissant \u00e0 votre client\u00e8le estim\u00e9 ces informations suppl\u00e9mentaires, vous avez le potentiel de favoriser un sentiment de d\u00e9pendance augment\u00e9 dans votre marque, am\u00e9liorant ainsi leur exp\u00e9rience d&rsquo;achat sur votre site Web. Gr\u00e2ce aux documents de produit WooCommerce conviviaux, vous pouvez t\u00e9l\u00e9charger et r\u00e9guler sans effort tous vos documents de produit dans une plate-forme consolid\u00e9e, facilitant ainsi le processus de maintien de l&rsquo;organisation et d&rsquo;assurer les informations les plus \u00e0 jour. Passe pas de temps et commencez \u00e0 tirer parti de la puissance des documents de produits WooCommerce pour rationaliser votre boutique en ligne et satisfaire les besoins d&rsquo;information de vos clients.<\/p>\n","protected":false},"featured_media":145984,"comment_status":"open","ping_status":"closed","template":"","meta":[],"product_brand":[2440],"product_cat":[1183,1182,1181],"product_tag":[1398],"class_list":{"0":"post-105802","1":"product","2":"type-product","3":"status-publish","4":"has-post-thumbnail","6":"product_brand-woocommerce","7":"product_cat-administration","8":"product_cat-commerce-electronique-plugins","9":"product_cat-plugins","10":"product_tag-woocommerce","11":"member-discount","12":"discount-restricted","14":"first","15":"instock","16":"sale","17":"downloadable","18":"virtual","19":"sold-individually","20":"purchasable","21":"product-type-simple"},"_links":{"self":[{"href":"https:\/\/gpl-love.com\/fr\/wp-json\/wp\/v2\/product\/105802","targetHints":{"allow":["GET"]}}],"collection":[{"href":"https:\/\/gpl-love.com\/fr\/wp-json\/wp\/v2\/product"}],"about":[{"href":"https:\/\/gpl-love.com\/fr\/wp-json\/wp\/v2\/types\/product"}],"replies":[{"embeddable":true,"href":"https:\/\/gpl-love.com\/fr\/wp-json\/wp\/v2\/comments?post=105802"}],"wp:featuredmedia":[{"embeddable":true,"href":"https:\/\/gpl-love.com\/fr\/wp-json\/wp\/v2\/media\/145984"}],"wp:attachment":[{"href":"https:\/\/gpl-love.com\/fr\/wp-json\/wp\/v2\/media?parent=105802"}],"wp:term":[{"taxonomy":"product_brand","embeddable":true,"href":"https:\/\/gpl-love.com\/fr\/wp-json\/wp\/v2\/product_brand?post=105802"},{"taxonomy":"product_cat","embeddable":true,"href":"https:\/\/gpl-love.com\/fr\/wp-json\/wp\/v2\/product_cat?post=105802"},{"taxonomy":"product_tag","embeddable":true,"href":"https:\/\/gpl-love.com\/fr\/wp-json\/wp\/v2\/product_tag?post=105802"}],"curies":[{"name":"wp","href":"https:\/\/api.w.org\/{rel}","templated":true}]}}