{"id":105800,"date":"2025-11-27T00:00:00","date_gmt":"2025-11-26T23:00:00","guid":{"rendered":"http:\/\/gpl-love.com\/fr\/product\/woocommerce-produit-dimportation-csv-suite\/"},"modified":"2026-03-20T23:47:08","modified_gmt":"2026-03-20T22:47:08","slug":"woocommerce-product-csv-import-suite","status":"publish","type":"product","link":"https:\/\/gpl-love.com\/fr\/produit\/woocommerce-product-csv-import-suite\/","title":{"rendered":"WooCommerce Product CSV Import Suite 1.10.81"},"content":{"rendered":"<h3>WooCommerce Product CSV Import Suite Traits<\/h3>\n<p>Le produit WooCommerce CSV Import Suite se pr\u00e9sente comme un instrument formidable et comp\u00e9tent m\u00e9ticuleusement con\u00e7u dans le but de simplifier le processus complexe d&rsquo;importation et de gestion efficace des produits dans les confines de votre magasin virtuel. Cette suite est fortifi\u00e9e avec des capacit\u00e9s exceptionnelles, vous offrant la commodit\u00e9 de t\u00e9l\u00e9charger et d&rsquo;importer sans effort des fichiers CSV abondants avec des donn\u00e9es compl\u00e8tes sur les produits, facilitant ainsi la gestion transparente des catalogues de produits approfondis ou la mise \u00e0 jour transparente des produits existants avec des informations fra\u00eeches et pertinentes. L&rsquo;interface navigable de mani\u00e8re transparente, associ\u00e9e \u00e0 une vaste gamme d&rsquo;options personnalisables, rend cette suite un actif indispensable pour tout propri\u00e9taire d&rsquo;une boutique en ligne s&rsquo;effor\u00e7ant d&rsquo;optimiser et d&rsquo;acc\u00e9l\u00e9rer leurs op\u00e9rations de gestion de produits. Peu importe que vos intentions tournent autour de la t\u00e2che imp\u00e9rative d&rsquo;importer des produits de vos fournisseurs de confiance ou de n\u00e9cessiter simplement la mise \u00e0 jour vitale de votre base de donn\u00e9es de produits, la suite d&rsquo;importation CSV du produit WooCommerce appara\u00eet comme un outil indispensable pour toute entreprise de commerce \u00e9lectronique.<\/p>\n<ul>\n<li>Importation rapide et facile de grandes quantit\u00e9s de produits dans votre magasin WooCommerce<\/li>\n<li>Cartographie automatique des colonnes aux champs de produits WooCommerce pour une int\u00e9gration en douceur<\/li>\n<li>Possibilit\u00e9 de cr\u00e9er et de mettre \u00e0 jour les produits avec toutes les informations pertinentes via le fichier CSV<\/li>\n<li>Prend en charge plusieurs formats de fichiers CSV, notamment Excel, Google Sheets et OpenOffice<\/li>\n<li>Les options de cartographie flexibles permettent \u00e0 la personnalisation des param\u00e8tres d&rsquo;importation pour r\u00e9pondre \u00e0 vos besoins<\/li>\n<li>La fonction d&rsquo;importation par lots permet d&rsquo;importer plusieurs fichiers CSV \u00e0 la fois<\/li>\n<li>Gave le temps et r\u00e9duit les erreurs en \u00e9liminant le besoin de saisie manuelle des donn\u00e9es<\/li>\n<li>Fonctionne de mani\u00e8re transparente avec les modules compl\u00e9mentaires de produit WooCommerce, permettant une importation facile de champs compl\u00e9mentaires<\/li>\n<li>Compatible avec les configurations multisites WordPress pour une gestion facile de plusieurs magasins<\/li>\n<\/ul>\n","protected":false},"excerpt":{"rendered":"<p>La suite d&rsquo;importation CSV WooCommerce Product est une ressource remarquablement robuste et influente qui a \u00e9t\u00e9 m\u00e9ticuleusement con\u00e7ue pour fournir une assistance inestimable pour importer sans effort un large \u00e9ventail de produits dans votre boutique WooCommerce. Cette suite compl\u00e8te vous permet de la possibilit\u00e9 d&rsquo;importer de mani\u00e8re transparente un assortiment de d\u00e9tails sur le produit, de tout englober, des images de produits visuellement captivantes aux descriptions m\u00e9ticuleusement con\u00e7ues, des prix d\u00e9termin\u00e9s avec diligence et une myriade d&rsquo;informations pertinentes suppl\u00e9mentaires, toutes d&rsquo;un dossier CSV facilement accessible. En utilisant ce formidable outil, vous \u00eates en mesure d&rsquo;\u00e9conomiser consid\u00e9rablement le temps et les efforts, en particulier lorsqu&rsquo;ils sont confront\u00e9s \u00e0 la formidable t\u00e2che de g\u00e9rer un inventaire substantiel. Avec l&rsquo;entr\u00e9e: la suite d&rsquo;importation CSV Product WooCommerce, vous \u00eates accord\u00e9 \u00e0 la capacit\u00e9 in\u00e9gal\u00e9e d&rsquo;organiser et de scrutait m\u00e9ticuleusement avec adroitement vos donn\u00e9es, garantissant ainsi la plus grande pr\u00e9cision et l&rsquo;\u00e9radication compl\u00e8te de toutes les erreurs potentielles. Il est sans aucun doute un atout indispensable pour chaque propri\u00e9taire de magasin WooCommerce exigeant qui cherche avec ferveur \u00e0 optimiser et \u00e0 simplifier leurs proc\u00e9dures de gestion de produits globales.<\/p>\n","protected":false},"featured_media":145983,"comment_status":"open","ping_status":"closed","template":"","meta":[],"product_brand":[2440],"product_cat":[1183,1182,1181],"product_tag":[1398],"class_list":{"0":"post-105800","1":"product","2":"type-product","3":"status-publish","4":"has-post-thumbnail","6":"product_brand-woocommerce","7":"product_cat-administration","8":"product_cat-commerce-electronique-plugins","9":"product_cat-plugins","10":"product_tag-woocommerce","11":"member-discount","12":"discount-restricted","14":"first","15":"instock","16":"sale","17":"downloadable","18":"virtual","19":"sold-individually","20":"purchasable","21":"product-type-simple"},"_links":{"self":[{"href":"https:\/\/gpl-love.com\/fr\/wp-json\/wp\/v2\/product\/105800","targetHints":{"allow":["GET"]}}],"collection":[{"href":"https:\/\/gpl-love.com\/fr\/wp-json\/wp\/v2\/product"}],"about":[{"href":"https:\/\/gpl-love.com\/fr\/wp-json\/wp\/v2\/types\/product"}],"replies":[{"embeddable":true,"href":"https:\/\/gpl-love.com\/fr\/wp-json\/wp\/v2\/comments?post=105800"}],"wp:featuredmedia":[{"embeddable":true,"href":"https:\/\/gpl-love.com\/fr\/wp-json\/wp\/v2\/media\/145983"}],"wp:attachment":[{"href":"https:\/\/gpl-love.com\/fr\/wp-json\/wp\/v2\/media?parent=105800"}],"wp:term":[{"taxonomy":"product_brand","embeddable":true,"href":"https:\/\/gpl-love.com\/fr\/wp-json\/wp\/v2\/product_brand?post=105800"},{"taxonomy":"product_cat","embeddable":true,"href":"https:\/\/gpl-love.com\/fr\/wp-json\/wp\/v2\/product_cat?post=105800"},{"taxonomy":"product_tag","embeddable":true,"href":"https:\/\/gpl-love.com\/fr\/wp-json\/wp\/v2\/product_tag?post=105800"}],"curies":[{"name":"wp","href":"https:\/\/api.w.org\/{rel}","templated":true}]}}