{"id":105798,"date":"2026-05-09T00:00:00","date_gmt":"2026-05-08T22:00:00","guid":{"rendered":"http:\/\/gpl-love.com\/fr\/product\/woocommerce-bundles-produit\/"},"modified":"2026-05-09T00:30:57","modified_gmt":"2026-05-08T22:30:57","slug":"woocommerce-product-bundles","status":"publish","type":"product","link":"https:\/\/gpl-love.com\/fr\/produit\/woocommerce-product-bundles\/","title":{"rendered":"WooCommerce Product Bundles 8.5.8"},"content":{"rendered":"<h3>WooCommerce Product Bundles Traits<\/h3>\n<p>WooCommerce Product Bundles est un plugin exceptionnellement robuste qui accorde aux propri\u00e9taires de magasins la capacit\u00e9 de concocter des produits group\u00e9s et de les pr\u00e9senter \u00e0 leurs clients \u00e0 un prix r\u00e9duit. Il permet la cr\u00e9ation de faisceaux de produits englobant diverses variations, permettant ainsi aux propri\u00e9taires de magasins de r\u00e9pondre \u00e0 leurs clients avec des options de bundle sur mesure. Le plugin accorde la fourniture d&rsquo;alternatives de tarification flexibles, s&rsquo;adaptant ainsi au pourcentage et aux remises fixes, et conf\u00e8re \u00e9galement la capacit\u00e9 d&rsquo;\u00e9tablir des quantit\u00e9s minimales et maximales pour les articles de faisceau. Ce plugin est particuli\u00e8rement bien adapt\u00e9 aux magasins de commerce \u00e9lectronique aspirant \u00e0 augmenter leurs ventes en offrant des offres et des promotions exclusives \u00e0 leurs clients estim\u00e9s. Il poss\u00e8de une exp\u00e9rience utilisateur sans effort et peut \u00eatre int\u00e9gr\u00e9 de mani\u00e8re transparente \u00e0 d&rsquo;autres plugins WooCommerce, augmentant ainsi la fonctionnalit\u00e9 de votre boutique en ligne. Avec l&rsquo;utilisation des faisceaux de produits WooCommerce, vous pouvez fournir \u00e0 vos clients un moyen facilement accessible et irr\u00e9sistiblement s\u00e9duisant de se procurer un plus grand nombre de produits \u00e0 un prix diminu\u00e9, catapultant finalement vos ventes en ligne \u00e0 des hauteurs sans pr\u00e9c\u00e9dent.<\/p>\n<ul>\n<li>Vous permet de cr\u00e9er des faisceaux de produits avec des options personnalisables<\/li>\n<li>Donne \u00e0 vos clients un moyen pratique d&rsquo;acheter ensemble des articles connexes<\/li>\n<li>Gagnez du temps en simplifiant le processus de paiement pour les clients<\/li>\n<li>Augmente les revenus et encourage les ventes ascendantes en offrant des produits group\u00e9s \u00e0 un prix r\u00e9duit<\/li>\n<li>Peut \u00eatre utilis\u00e9 pour les produits physiques ou num\u00e9riques<\/li>\n<li>Prend en charge diff\u00e9rents mod\u00e8les de tarification, y compris les prix fixes, dynamiques et en pourcentage<\/li>\n<li>Vous permet de g\u00e9rer facilement l&rsquo;inventaire pour les produits group\u00e9s et les articles individuels<\/li>\n<li>Fournit des rapports d\u00e9taill\u00e9s sur les ventes de produits group\u00e9s et les niveaux d&rsquo;inventaire<\/li>\n<li>S&rsquo;int\u00e8gre parfaitement \u00e0 WooCommerce, la plate-forme de commerce \u00e9lectronique la plus populaire<\/li>\n<li>Offre une vari\u00e9t\u00e9 d&rsquo;options de personnalisation pour correspondre \u00e0 votre marque et \u00e0 votre conception de site Web.<\/li>\n<\/ul>\n","protected":false},"excerpt":{"rendered":"<p>WooCommerce Product Bundles, \u00e9tant une solution tr\u00e8s polyvalente et conviviale, vous permet de cr\u00e9er sans effort des faisceaux de produits personnalis\u00e9s sur votre boutique WooCommerce. En vous permettant de regrouper commod\u00e9ment de nombreux produits, ce plugin exceptionnel facilite la fourniture de remises attrayantes ou de promotions exclusives \u00e0 vos clients pr\u00e9cieux. Gr\u00e2ce \u00e0 son interface remarquablement intuitive et conviviale, vous pouvez adapter de mani\u00e8re transparente les prix du pack, les quantit\u00e9s de produits et divers autres aspects en fonction de vos pr\u00e9f\u00e9rences uniques. Sans aucun doute, cet outil extr\u00eamement puissant contribue \u00e0 augmenter consid\u00e9rablement vos chiffres de vente tout en am\u00e9liorant simultan\u00e9ment l&rsquo;exp\u00e9rience d&rsquo;achat globale de votre client\u00e8le estim\u00e9e.<\/p>\n","protected":false},"featured_media":145980,"comment_status":"open","ping_status":"closed","template":"","meta":[],"product_brand":[2440],"product_cat":[1183,1182,1181],"product_tag":[1398],"class_list":{"0":"post-105798","1":"product","2":"type-product","3":"status-publish","4":"has-post-thumbnail","6":"product_brand-woocommerce","7":"product_cat-administration","8":"product_cat-commerce-electronique-plugins","9":"product_cat-plugins","10":"product_tag-woocommerce","11":"member-discount","12":"discount-restricted","14":"first","15":"instock","16":"sale","17":"downloadable","18":"virtual","19":"sold-individually","20":"purchasable","21":"product-type-simple"},"_links":{"self":[{"href":"https:\/\/gpl-love.com\/fr\/wp-json\/wp\/v2\/product\/105798","targetHints":{"allow":["GET"]}}],"collection":[{"href":"https:\/\/gpl-love.com\/fr\/wp-json\/wp\/v2\/product"}],"about":[{"href":"https:\/\/gpl-love.com\/fr\/wp-json\/wp\/v2\/types\/product"}],"replies":[{"embeddable":true,"href":"https:\/\/gpl-love.com\/fr\/wp-json\/wp\/v2\/comments?post=105798"}],"wp:featuredmedia":[{"embeddable":true,"href":"https:\/\/gpl-love.com\/fr\/wp-json\/wp\/v2\/media\/145980"}],"wp:attachment":[{"href":"https:\/\/gpl-love.com\/fr\/wp-json\/wp\/v2\/media?parent=105798"}],"wp:term":[{"taxonomy":"product_brand","embeddable":true,"href":"https:\/\/gpl-love.com\/fr\/wp-json\/wp\/v2\/product_brand?post=105798"},{"taxonomy":"product_cat","embeddable":true,"href":"https:\/\/gpl-love.com\/fr\/wp-json\/wp\/v2\/product_cat?post=105798"},{"taxonomy":"product_tag","embeddable":true,"href":"https:\/\/gpl-love.com\/fr\/wp-json\/wp\/v2\/product_tag?post=105798"}],"curies":[{"name":"wp","href":"https:\/\/api.w.org\/{rel}","templated":true}]}}