{"id":105796,"date":"2026-02-26T00:00:00","date_gmt":"2026-02-25T23:00:00","guid":{"rendered":"http:\/\/gpl-love.com\/fr\/product\/woocommerce-addons-produit\/"},"modified":"2026-04-10T18:47:58","modified_gmt":"2026-04-10T16:47:58","slug":"woocommerce-product-addons","status":"publish","type":"product","link":"https:\/\/gpl-love.com\/fr\/produit\/woocommerce-product-addons\/","title":{"rendered":"WooCommerce Product Addons 8.2.0"},"content":{"rendered":"<h3>WooCommerce Product Addons Traits<\/h3>\n<p>Le plugin WooCommerce Product Addons est un outil incroyablement puissant qui am\u00e9liore consid\u00e9rablement la fonctionnalit\u00e9 d&rsquo;un magasin WooCommerce. Il permet aux utilisateurs d&rsquo;incorporer sans effort des options de produits personnalis\u00e9es, offrant ainsi un niveau de personnalisation in\u00e9gal\u00e9. Ce plugin remarquable poss\u00e8de une vaste gamme d&rsquo;options, y compris des cases \u00e0 cocher, des zones de texte, des d\u00e9parts, des t\u00e9l\u00e9chargements de fichiers et bien plus encore. En utilisant ces fonctionnalit\u00e9s polyvalentes, les clients peuvent cr\u00e9er sans effort des produits sur mesure qui r\u00e9pondent \u00e0 leurs besoins et d\u00e9sirs sp\u00e9cifiques. Ce qui distingue le plugin WooCommerce Product Addons \u00e0 part des autres, c&rsquo;est son niveau de flexibilit\u00e9 remarquable. Il peut \u00eatre facilement personnalis\u00e9 pour r\u00e9pondre aux exigences uniques de toute entreprise. Les propri\u00e9taires de magasins ont la libert\u00e9 de cr\u00e9er des options qui r\u00e9sonnent vraiment avec leur marque individuelle. De plus, l&rsquo;interface conviviale et les fonctionnalit\u00e9s intuitivement con\u00e7ues font de ce plugin un essentiel absolu pour toute entreprise d\u00e9sireuse d&rsquo;\u00e9lever sa boutique en ligne \u00e0 de nouveaux sommets de succ\u00e8s. Que vous op\u00e9riez une petite entreprise modeste ou une grande entreprise, le plugin WooCommerce Product Addons est la solution ultime pour am\u00e9liorer votre magasin de commerce \u00e9lectronique et offrir \u00e0 vos clients de pr\u00e9cieux clients une exp\u00e9rience d&rsquo;achat inoubliable et in\u00e9gal\u00e9e.<\/p>\n<ul>\n<li>Ajoutez des options de produit personnalis\u00e9es \u00e0 votre boutique WooCommerce<\/li>\n<li>Offrez des choix et des mises \u00e0 niveau suppl\u00e9mentaires \u00e0 vos clients<\/li>\n<li>Cr\u00e9er et g\u00e9rer facilement une vari\u00e9t\u00e9 de plats de produits<\/li>\n<li>Choisissez parmi plusieurs types d&rsquo;addon, y compris les cases \u00e0 cocher, les champs de texte et les menus d\u00e9roulants<\/li>\n<li>D\u00e9finir les prix personnalis\u00e9s pour chaque option d&rsquo;addon<\/li>\n<li>Enti\u00e8rement compatible avec WooCommerce et tous les principaux th\u00e8mes et plugins<\/li>\n<li>Am\u00e9liorer la satisfaction du client et augmenter les ventes avec des options de produits personnalis\u00e9s<\/li>\n<li>Simplifiez le processus de commande et r\u00e9duisez les questions et les retours des clients<\/li>\n<li>Augmenter les options de flexibilit\u00e9 et de personnalisation pour votre boutique en ligne<\/li>\n<li>Configuration rapide et facile avec interface utilisateur intuitive et documentation d\u00e9taill\u00e9e.<\/li>\n<\/ul>\n","protected":false},"excerpt":{"rendered":"<p>WooCommerce Product Addons, un outil extr\u00eamement influent, vous permet d&rsquo;incorporer sans effort des choix et des personnalisations suppl\u00e9mentaires \u00e0 votre assortiment de produits WooCommerce. Que vous fournissiez des biens tangibles ou intangibles, ce plugin remarquable rationalise le processus de fourniture \u00e0 votre client\u00e8le un degr\u00e9 de polyvalence et de personnalisation sans pr\u00e9c\u00e9dent. En tirant parti des fonctionnalit\u00e9s avanc\u00e9es telles que la logique conditionnelle, la tarification personnalis\u00e9e et le regroupement des produits, vous avez la capacit\u00e9 de fabriquer des offres de produits vraiment in\u00e9gal\u00e9es qui se d\u00e9marqueront ind\u00e9niablement dans un march\u00e9 en ligne surpeupl\u00e9. Ainsi, si vous cherchez sinc\u00e8rement un moyen d&rsquo;\u00e9lever votre magasin WooCommerce \u00e0 des hauteurs sans pr\u00e9c\u00e9dent, les addons de produits WooCommerce apparaissent sans \u00e9quivoque comme un atout indispensable.<\/p>\n","protected":false},"featured_media":145978,"comment_status":"open","ping_status":"closed","template":"","meta":[],"product_brand":[2440],"product_cat":[1183,1182,1181],"product_tag":[1398],"class_list":{"0":"post-105796","1":"product","2":"type-product","3":"status-publish","4":"has-post-thumbnail","6":"product_brand-woocommerce","7":"product_cat-administration","8":"product_cat-commerce-electronique-plugins","9":"product_cat-plugins","10":"product_tag-woocommerce","11":"member-discount","12":"discount-restricted","14":"first","15":"instock","16":"sale","17":"downloadable","18":"virtual","19":"sold-individually","20":"purchasable","21":"product-type-simple"},"_links":{"self":[{"href":"https:\/\/gpl-love.com\/fr\/wp-json\/wp\/v2\/product\/105796","targetHints":{"allow":["GET"]}}],"collection":[{"href":"https:\/\/gpl-love.com\/fr\/wp-json\/wp\/v2\/product"}],"about":[{"href":"https:\/\/gpl-love.com\/fr\/wp-json\/wp\/v2\/types\/product"}],"replies":[{"embeddable":true,"href":"https:\/\/gpl-love.com\/fr\/wp-json\/wp\/v2\/comments?post=105796"}],"wp:featuredmedia":[{"embeddable":true,"href":"https:\/\/gpl-love.com\/fr\/wp-json\/wp\/v2\/media\/145978"}],"wp:attachment":[{"href":"https:\/\/gpl-love.com\/fr\/wp-json\/wp\/v2\/media?parent=105796"}],"wp:term":[{"taxonomy":"product_brand","embeddable":true,"href":"https:\/\/gpl-love.com\/fr\/wp-json\/wp\/v2\/product_brand?post=105796"},{"taxonomy":"product_cat","embeddable":true,"href":"https:\/\/gpl-love.com\/fr\/wp-json\/wp\/v2\/product_cat?post=105796"},{"taxonomy":"product_tag","embeddable":true,"href":"https:\/\/gpl-love.com\/fr\/wp-json\/wp\/v2\/product_tag?post=105796"}],"curies":[{"name":"wp","href":"https:\/\/api.w.org\/{rel}","templated":true}]}}