{"id":105794,"date":"2025-10-16T00:00:00","date_gmt":"2025-10-15T22:00:00","guid":{"rendered":"http:\/\/gpl-love.com\/fr\/product\/woocommerce-imprimer-factures-et-listes-de-colisage\/"},"modified":"2026-03-20T23:47:02","modified_gmt":"2026-03-20T22:47:02","slug":"woocommerce-print-invoices-packing-lists","status":"publish","type":"product","link":"https:\/\/gpl-love.com\/fr\/produit\/woocommerce-print-invoices-packing-lists\/","title":{"rendered":"WooCommerce Print Invoices et Packing Lists 3.14.1"},"content":{"rendered":"<h3>WooCommerce Print Invoices et Packing Lists Traits<\/h3>\n<p>WooCommerce Imprimer les factures et les listes d&#8217;emballage, un outil tr\u00e8s indispensable, r\u00e9pond aux besoins des propri\u00e9taires de magasins en ligne qui utilisent la plate-forme WooCommerce. Ce plugin remarquable facilite l&rsquo;impression sans couture et efficace des factures et des listes d&#8217;emballage, b\u00e9n\u00e9ficiant consid\u00e9rablement aux propri\u00e9taires de magasins. Le plugin propose une gamme de mod\u00e8les personnalisables, ce qui permet aux propri\u00e9taires de magasins d&rsquo;adapter leurs documents en fonction de leur identit\u00e9 de marque unique. En outre, la possibilit\u00e9 de g\u00e9n\u00e9rer des factures et des listes d&#8217;emballage en grande quantit\u00e9 am\u00e9liore encore l&rsquo;efficacit\u00e9 de ce plugin, permettant aux propri\u00e9taires de magasins d&rsquo;\u00e9conomiser du temps et des ressources pr\u00e9cieux. Notamment, cet outil exceptionnel garantit \u00e9galement que les propri\u00e9taires de magasins respectent les exigences l\u00e9gales en \u00e9quipant les clients des documents appropri\u00e9s de leurs achats. Par cons\u00e9quent, les factures d&rsquo;impression et les listes d&#8217;emballage WooCommerce constituent un atout inestimable pour les propri\u00e9taires de magasins cherchant \u00e0 rationaliser leur processus de r\u00e9alisation de commandes et \u00e0 \u00e9lever leur exp\u00e9rience client \u00e0 des sommets in\u00e9gal\u00e9s.<\/p>\n<ul>\n<li>G\u00e9n\u00e8re des factures d&rsquo;apparence professionnelle et des listes d&#8217;emballage dans WooCommerce<\/li>\n<li>Gave le temps et r\u00e9duit les erreurs en automatisant le processus de liste de facturation et d&#8217;emballage<\/li>\n<li>Permet la personnalisation des mod\u00e8les de liste de factures et d&#8217;emballage<\/li>\n<li>S&rsquo;int\u00e8gre facilement aux autres extensions WooCommerce et aux services tiers<\/li>\n<li>Fournit des informations de commande et des d\u00e9tails de suivi pour les clients et les entreprises<\/li>\n<li>Augmente l&rsquo;efficacit\u00e9 dans les processus de gestion des commandes et d&rsquo;exp\u00e9dition<\/li>\n<li>Rationalise la tenue des dossiers pour une gestion des commandes plus facile et un suivi financier<\/li>\n<li>Am\u00e9liore l&rsquo;exp\u00e9rience client avec une documentation de commande claire et organis\u00e9e<\/li>\n<li>Comprend le soutien d&rsquo;une \u00e9quipe de d\u00e9veloppement exp\u00e9riment\u00e9e pour tous les probl\u00e8mes techniques ou personnalisations n\u00e9cessaires.<\/li>\n<\/ul>\n","protected":false},"excerpt":{"rendered":"<p>Le plugin WooCommerce Print Factures and Packing Lists est un outil indispensable qui offre une solution transparente pour g\u00e9rer vos commandes avec la plus grande efficacit\u00e9. En naviguant simplement \u00e0 travers quelques clics intuitifs, vous avez le pouvoir de g\u00e9n\u00e9rer et d&rsquo;imprimer sans effort des factures impeccables et des listes d&#8217;emballage m\u00e9ticuleusement con\u00e7ues pour toutes vos commandes WooCommerce. Il importe que vous soyez un propri\u00e9taire diligent pour les petites entreprises, une entreprise de commerce \u00e9lectronique anim\u00e9e, ou m\u00eame un d\u00e9taillant colossal, car ce plugin ing\u00e9nieux rationalise sans effort vos efforts de traitement des commandes, vous permettant de d\u00e9passer rapidement les commandes avec une rapidit\u00e9 sans pr\u00e9c\u00e9dent. De plus, vous \u00eates accord\u00e9 de la possibilit\u00e9 de personnaliser votre facture et des mod\u00e8les de glissement d&#8217;emballage d&rsquo;une mani\u00e8re qui s&rsquo;aligne parfaitement avec vos pr\u00e9f\u00e9rences distinctives de marque et d&rsquo;esth\u00e9tique. Offrez des adieux \u00e0 la t\u00e2che ardue de la cr\u00e9ation et de la cr\u00e9ation de liste d&#8217;emballage manuelles, et embrassez le potentiel inexploit\u00e9 des factures d&rsquo;impression WooCommerce et des listes d&#8217;emballage sans plus tarder!<\/p>\n","protected":false},"featured_media":145976,"comment_status":"open","ping_status":"closed","template":"","meta":[],"product_brand":[2440],"product_cat":[1183,1182,1181],"product_tag":[1398],"class_list":{"0":"post-105794","1":"product","2":"type-product","3":"status-publish","4":"has-post-thumbnail","6":"product_brand-woocommerce","7":"product_cat-administration","8":"product_cat-commerce-electronique-plugins","9":"product_cat-plugins","10":"product_tag-woocommerce","11":"member-discount","12":"discount-restricted","14":"first","15":"instock","16":"sale","17":"downloadable","18":"virtual","19":"sold-individually","20":"purchasable","21":"product-type-simple"},"_links":{"self":[{"href":"https:\/\/gpl-love.com\/fr\/wp-json\/wp\/v2\/product\/105794","targetHints":{"allow":["GET"]}}],"collection":[{"href":"https:\/\/gpl-love.com\/fr\/wp-json\/wp\/v2\/product"}],"about":[{"href":"https:\/\/gpl-love.com\/fr\/wp-json\/wp\/v2\/types\/product"}],"replies":[{"embeddable":true,"href":"https:\/\/gpl-love.com\/fr\/wp-json\/wp\/v2\/comments?post=105794"}],"wp:featuredmedia":[{"embeddable":true,"href":"https:\/\/gpl-love.com\/fr\/wp-json\/wp\/v2\/media\/145976"}],"wp:attachment":[{"href":"https:\/\/gpl-love.com\/fr\/wp-json\/wp\/v2\/media?parent=105794"}],"wp:term":[{"taxonomy":"product_brand","embeddable":true,"href":"https:\/\/gpl-love.com\/fr\/wp-json\/wp\/v2\/product_brand?post=105794"},{"taxonomy":"product_cat","embeddable":true,"href":"https:\/\/gpl-love.com\/fr\/wp-json\/wp\/v2\/product_cat?post=105794"},{"taxonomy":"product_tag","embeddable":true,"href":"https:\/\/gpl-love.com\/fr\/wp-json\/wp\/v2\/product_tag?post=105794"}],"curies":[{"name":"wp","href":"https:\/\/api.w.org\/{rel}","templated":true}]}}