{"id":105792,"date":"2025-09-01T00:00:00","date_gmt":"2025-08-31T22:00:00","guid":{"rendered":"http:\/\/gpl-love.com\/fr\/product\/points-woocommerce-et-recompenses\/"},"modified":"2026-04-10T18:47:54","modified_gmt":"2026-04-10T16:47:54","slug":"woocommerce-points-and-rewards","status":"publish","type":"product","link":"https:\/\/gpl-love.com\/fr\/produit\/woocommerce-points-and-rewards\/","title":{"rendered":"WooCommerce Points et Rewards 1.8.18"},"content":{"rendered":"<h3>WooCommerce Points et Rewards Traits<\/h3>\n<p>En utilisant les fonctionnalit\u00e9s puissantes des points et r\u00e9compenses WooCommerce, vous avez l&rsquo;occasion remarquable d&rsquo;attirer vos clients estim\u00e9s \u00e0 vous engager dans des efforts d&rsquo;achat plus fr\u00e9quents, tout au long de la fourniture de points pour chaque achat qu&rsquo;ils effectuent. Ces points inestimables peuvent par la suite \u00eatre utilis\u00e9s pour obtenir des remises lucratives ou m\u00eame acqu\u00e9rir des produits gratuits, inculquant ainsi un sentiment de gratification profonde dans votre base de consommateurs et nourrissant leur loyaut\u00e9 in\u00e9branlable. La beaut\u00e9 de ce plugin remarquable r\u00e9side dans sa capacit\u00e9 \u00e0 \u00e9tablir sans effort un syst\u00e8me de r\u00e9compense complet, m\u00e9ticuleusement adapt\u00e9 pour s&rsquo;adapter \u00e0 des valeurs de points variables, tout en accordant simultan\u00e9ment le privil\u00e8ge d&rsquo;allocation de points de bonus pour des actions louables sp\u00e9cifiques telles que l&rsquo;abonnement \u00e0 une newsletter ou \u00e0 recommander d\u00fbment une ch\u00e8re ch\u00e8re ami. De plus, l&rsquo;int\u00e9gration transparente de ce plugin avec votre magasin WooCommerce vous permet de surveiller et de suivre avec diligence et de suivre m\u00e9ticuleusement les soldes des points des clients, ainsi que de superviser efficacement le cycle vertueux de la r\u00e9demption de r\u00e9compense, culminant dans une exp\u00e9rience d&rsquo;achat in\u00e9gal\u00e9e pour toutes les parties impliqu\u00e9es.<\/p>\n<ul>\n<li>Le plugin WooCommerce Points and Rewards permet aux propri\u00e9taires de magasins en ligne de mettre en \u0153uvre le syst\u00e8me de points et de r\u00e9compense pour leurs clients.<\/li>\n<li>Il aide \u00e0 stimuler la r\u00e9tention et la fid\u00e9lit\u00e9 des clients en offrant des points de r\u00e9compense pour leurs achats et autres activit\u00e9s.<\/li>\n<li>Les propri\u00e9taires de magasins peuvent \u00e9tablir diverses r\u00e8gles de gains et de rachat pour motiver les clients \u00e0 acheter plus et \u00e0 s&rsquo;engager avec le magasin.<\/li>\n<li>Les clients peuvent voir leur solde de points sur leur page de compte et suivre facilement leurs r\u00e9compenses.<\/li>\n<li>Le plugin prend en charge plusieurs politiques d&rsquo;expiration de points pour cr\u00e9er un sentiment d&rsquo;urgence et encourager les clients \u00e0 \u00e9changer leurs points rapidement.<\/li>\n<li>Les propri\u00e9taires de magasins peuvent personnaliser l&rsquo;apparence du programme de r\u00e9compense pour correspondre \u00e0 leur image de marque et \u00e0 leurs pr\u00e9f\u00e9rences des clients.<\/li>\n<li>Le plugin fournit \u00e9galement des rapports et des analyses d\u00e9taill\u00e9s pour aider les propri\u00e9taires de magasins \u00e0 analyser les performances de leur programme de r\u00e9compense et \u00e0 prendre des d\u00e9cisions \u00e9clair\u00e9es.<\/li>\n<li>Les points et r\u00e9compenses WooCommerce sont faciles \u00e0 installer et \u00e0 configurer avec des param\u00e8tres simples et des conseils \u00e9tape par \u00e9tape.<\/li>\n<li>Le plugin est compatible avec une vari\u00e9t\u00e9 de passerelles de paiement et de m\u00e9thodes d&rsquo;exp\u00e9dition, ce qui le rend adapt\u00e9 \u00e0 tout type de boutique en ligne.<\/li>\n<li>Avec des mises \u00e0 jour et un support r\u00e9guliers, le plugin garantit que les propri\u00e9taires de magasins peuvent offrir la meilleure exp\u00e9rience possible \u00e0 leurs clients.<\/li>\n<\/ul>\n","protected":false},"excerpt":{"rendered":"<p>Les points et r\u00e9compenses WooCommerce servent de plugin exceptionnellement efficace, facilitant l&rsquo;\u00e9tablissement transparent d&rsquo;un programme de fid\u00e9lisation de la client\u00e8le dans votre boutique WooCommerce. Cet outil exceptionnel vous donne la possibilit\u00e9 de donner des points \u00e0 vos clients estim\u00e9s pour leurs achats, leur accordant par la suite le privil\u00e8ge de racheter lesdits points pour s\u00e9duire les remises sur les commandes suivantes. Le plugin englobe une vaste gamme de fonctionnalit\u00e9s avanc\u00e9es, y compris la capacit\u00e9 de configurer plusieurs niveaux de gains et de rachat, d&rsquo;administrer des points bonus et de suivre avec pr\u00e9cision l&rsquo;activit\u00e9 client. En exploitant le formidable syst\u00e8me de r\u00e9compenses pr\u00e9sent\u00e9 par WooCommerce Points and Rewards, non seulement vous am\u00e9liorerez l&rsquo;engagement et la r\u00e9tention des clients, mais vous assisterarez \u00e9galement \u00e0 une augmentation substantielle des ventes.<\/p>\n","protected":false},"featured_media":145972,"comment_status":"open","ping_status":"closed","template":"","meta":[],"product_brand":[2440],"product_cat":[1182,1200,1181],"product_tag":[1398],"class_list":{"0":"post-105792","1":"product","2":"type-product","3":"status-publish","4":"has-post-thumbnail","6":"product_brand-woocommerce","7":"product_cat-commerce-electronique-plugins","8":"product_cat-commercialisation","9":"product_cat-plugins","10":"product_tag-woocommerce","11":"member-discount","12":"discount-restricted","14":"first","15":"instock","16":"sale","17":"downloadable","18":"virtual","19":"sold-individually","20":"purchasable","21":"product-type-simple"},"_links":{"self":[{"href":"https:\/\/gpl-love.com\/fr\/wp-json\/wp\/v2\/product\/105792","targetHints":{"allow":["GET"]}}],"collection":[{"href":"https:\/\/gpl-love.com\/fr\/wp-json\/wp\/v2\/product"}],"about":[{"href":"https:\/\/gpl-love.com\/fr\/wp-json\/wp\/v2\/types\/product"}],"replies":[{"embeddable":true,"href":"https:\/\/gpl-love.com\/fr\/wp-json\/wp\/v2\/comments?post=105792"}],"wp:featuredmedia":[{"embeddable":true,"href":"https:\/\/gpl-love.com\/fr\/wp-json\/wp\/v2\/media\/145972"}],"wp:attachment":[{"href":"https:\/\/gpl-love.com\/fr\/wp-json\/wp\/v2\/media?parent=105792"}],"wp:term":[{"taxonomy":"product_brand","embeddable":true,"href":"https:\/\/gpl-love.com\/fr\/wp-json\/wp\/v2\/product_brand?post=105792"},{"taxonomy":"product_cat","embeddable":true,"href":"https:\/\/gpl-love.com\/fr\/wp-json\/wp\/v2\/product_cat?post=105792"},{"taxonomy":"product_tag","embeddable":true,"href":"https:\/\/gpl-love.com\/fr\/wp-json\/wp\/v2\/product_tag?post=105792"}],"curies":[{"name":"wp","href":"https:\/\/api.w.org\/{rel}","templated":true}]}}