{"id":105791,"date":"2026-04-18T00:00:00","date_gmt":"2026-04-17T22:00:00","guid":{"rendered":"http:\/\/gpl-love.com\/fr\/product\/woocommerce-par-expedition\/"},"modified":"2026-04-19T00:31:15","modified_gmt":"2026-04-18T22:31:15","slug":"woocommerce-per-product-shipping","status":"publish","type":"product","link":"https:\/\/gpl-love.com\/fr\/produit\/woocommerce-per-product-shipping\/","title":{"rendered":"WooCommerce Per Product Shipping 2.7.7"},"content":{"rendered":"<h3>WooCommerce Per Product Shipping Traits<\/h3>\n<p>WooCommerce par produit Shipping est une extension WooCommerce tr\u00e8s sophistiqu\u00e9e et inestimable qui sert d&rsquo;outil indispensable pour les propri\u00e9taires de magasins en ligne cherchant \u00e0 amplifier leurs capacit\u00e9s d&rsquo;exp\u00e9dition. Cette extension remarquable permet aux propri\u00e9taires de magasins la possibilit\u00e9 d&rsquo;\u00e9tablir m\u00e9ticuleusement des tarifs d&rsquo;exp\u00e9dition distincts pour chaque produit r\u00e9sidant dans leur emporium num\u00e9rique. Par cons\u00e9quent, cette fonction \u00e9tonnante permet aux propri\u00e9taires de magasins d&rsquo;imposer avec pr\u00e9cision les frais d&rsquo;exp\u00e9dition qui sont pr\u00e9cis\u00e9ment adapt\u00e9s au poids, aux dimensions et m\u00eame \u00e0 la destination g\u00e9ographique des produits respectifs achet\u00e9s. De plus, cette extension extraordinaire \u00e9tend ses fonctionnalit\u00e9s en permettant aux propri\u00e9taires de magasins d&rsquo;\u00e9tablir des tarifs d&rsquo;exp\u00e9dition pr\u00e9dis\u00e9s sur des conditions sp\u00e9cifiques et pr\u00e9d\u00e9termin\u00e9es, y compris, mais sans s&rsquo;y limiter, la classe d&rsquo;exp\u00e9dition, la cat\u00e9gorie de produits et la zone d&rsquo;exp\u00e9dition. Essentiellement, WooCommerce par produit Shipping offre une solution remarquablement flexible et hautement personnalisable pour administrer et g\u00e9rer sans effort des tarifs d&rsquo;exp\u00e9dition, en favorisant par cons\u00e9quent une exp\u00e9rience client d\u00e9licieuse et de mani\u00e8re transparente sans \u00e9quivoque.<\/p>\n<ul>\n<li>Vous permet de d\u00e9finir des tarifs d&rsquo;exp\u00e9dition individuels pour chaque produit de votre boutique WooCommerce<\/li>\n<li>Vous permet d&rsquo;adapter les frais d&rsquo;exp\u00e9dition pour les produits et cat\u00e9gories uniques<\/li>\n<li>Offre des options d&rsquo;exp\u00e9dition flexibles pour les clients \u00e0 choisir \u00e0 la caisse<\/li>\n<li>Fournit des param\u00e8tres de configuration faciles \u00e0 utiliser pour la personnalisation des tarifs d&rsquo;exp\u00e9dition<\/li>\n<li>Compatible avec les transporteurs d&rsquo;exp\u00e9dition populaires tels que USPS, FedEx et UPS<\/li>\n<li>Aide \u00e0 accro\u00eetre la satisfaction des clients en fournissant des prix d&rsquo;exp\u00e9dition transparents et \u00e9quitables<\/li>\n<li>\u00c9conomise du temps et de la frustration en simplifiant le processus de gestion des tarifs d&rsquo;exp\u00e9dition sur une base par produit<\/li>\n<li>Peut \u00eatre utilis\u00e9 conjointement avec d&rsquo;autres plugins d&rsquo;exp\u00e9dition WooCommerce pour encore plus de fonctionnalit\u00e9s<\/li>\n<li>Offre une documentation compl\u00e8te et un soutien pour vous aider \u00e0 d\u00e9marrer rapidement et facilement.<\/li>\n<\/ul>\n","protected":false},"excerpt":{"rendered":"<p>WooCommerce par livraison de produits, un plugin d&rsquo;exp\u00e9dition exceptionnellement robuste et adaptable, vous permet d&rsquo;\u00e9tablir des tarifs d&rsquo;exp\u00e9dition distincts pour chacun de vos produits. Ce plugin ing\u00e9nieux vous accorde la possibilit\u00e9 de g\u00e9n\u00e9rer sans effort des cours de livraison et des configurations personnalis\u00e9s adapt\u00e9s \u00e0 votre magasin, vous pr\u00e9sentant une domination compl\u00e8te sur vos frais d&rsquo;exp\u00e9dition et vos tarifs. Que vous fournissiez un assortiment de produits qui diff\u00e8rent en termes de dimensions, de poids ou de destination, WooCommerce par livraison de produits assure une fourniture transparente de tarifs d&rsquo;exp\u00e9dition pr\u00e9cis et \u00e9quitables pendant le processus de paiement, garantissant la plus grande satisfaction pour vos clients pr\u00e9cieux. De plus, il s&rsquo;int\u00e8gre de mani\u00e8re transparente \u00e0 WooCommerce, \u00e9vitant la n\u00e9cessit\u00e9 de tout codage complexe ou des efforts de d\u00e9veloppement, vous permettant ainsi d&#8217;embrasser facilement ses fonctionnalit\u00e9s.<\/p>\n","protected":false},"featured_media":145968,"comment_status":"open","ping_status":"closed","template":"","meta":[],"product_brand":[2440],"product_cat":[1183,1182,1181],"product_tag":[1398],"class_list":{"0":"post-105791","1":"product","2":"type-product","3":"status-publish","4":"has-post-thumbnail","6":"product_brand-woocommerce","7":"product_cat-administration","8":"product_cat-commerce-electronique-plugins","9":"product_cat-plugins","10":"product_tag-woocommerce","11":"member-discount","12":"discount-restricted","14":"first","15":"instock","16":"sale","17":"downloadable","18":"virtual","19":"sold-individually","20":"purchasable","21":"product-type-simple"},"_links":{"self":[{"href":"https:\/\/gpl-love.com\/fr\/wp-json\/wp\/v2\/product\/105791","targetHints":{"allow":["GET"]}}],"collection":[{"href":"https:\/\/gpl-love.com\/fr\/wp-json\/wp\/v2\/product"}],"about":[{"href":"https:\/\/gpl-love.com\/fr\/wp-json\/wp\/v2\/types\/product"}],"replies":[{"embeddable":true,"href":"https:\/\/gpl-love.com\/fr\/wp-json\/wp\/v2\/comments?post=105791"}],"wp:featuredmedia":[{"embeddable":true,"href":"https:\/\/gpl-love.com\/fr\/wp-json\/wp\/v2\/media\/145968"}],"wp:attachment":[{"href":"https:\/\/gpl-love.com\/fr\/wp-json\/wp\/v2\/media?parent=105791"}],"wp:term":[{"taxonomy":"product_brand","embeddable":true,"href":"https:\/\/gpl-love.com\/fr\/wp-json\/wp\/v2\/product_brand?post=105791"},{"taxonomy":"product_cat","embeddable":true,"href":"https:\/\/gpl-love.com\/fr\/wp-json\/wp\/v2\/product_cat?post=105791"},{"taxonomy":"product_tag","embeddable":true,"href":"https:\/\/gpl-love.com\/fr\/wp-json\/wp\/v2\/product_tag?post=105791"}],"curies":[{"name":"wp","href":"https:\/\/api.w.org\/{rel}","templated":true}]}}