{"id":105790,"date":"2026-03-18T00:00:00","date_gmt":"2026-03-17T23:00:00","guid":{"rendered":"http:\/\/gpl-love.com\/fr\/product\/woocommerce-pdf-watermark\/"},"modified":"2026-04-10T18:47:51","modified_gmt":"2026-04-10T16:47:51","slug":"woocommerce-pdf-watermark","status":"publish","type":"product","link":"https:\/\/gpl-love.com\/fr\/produit\/woocommerce-pdf-watermark\/","title":{"rendered":"WooCommerce PDF Watermark 1.9.9"},"content":{"rendered":"<h3>WooCommerce PDF Watermark Traits<\/h3>\n<p>WooCommerce PDF Watermark, un outil robuste sp\u00e9cialement con\u00e7u dans le but de prot\u00e9ger les produits num\u00e9riques \u00e0 partir d&rsquo;une utilisation ou d&rsquo;une distribution non autoris\u00e9e, sert d&rsquo;atout indispensable pour les propri\u00e9taires de magasins en ligne. En incorporant ce plugin WooCommerce dans leurs plates-formes en ligne, les utilisateurs sont autoris\u00e9s \u00e0 int\u00e9grer des filigranes personnalis\u00e9s sur leurs fichiers PDF, dissuadant ainsi efficacement toute tentative de pilote ou dupliquent le contenu sans autorisation appropri\u00e9e. La port\u00e9e de la personnalisation offerte par ce plugin est vaste, englobant non seulement l&rsquo;inclusion de logos, de textes, d&rsquo;images et d&rsquo;autres \u00e9l\u00e9ments pertinents, mais \u00e9galement de l&rsquo;adaptation compl\u00e8te de ces composants pour s&rsquo;aligner sur les pr\u00e9f\u00e9rences particuli\u00e8res des utilisateurs. De plus, l&rsquo;installation et l&rsquo;utilisation de ce plugin sont toutes deux remarquablement conviviales, avec un tableau d&rsquo;options de configuration disponibles pour faciliter les ajustements transparents en termes de positionnement, de dimensions, de transparence et d&rsquo;orientation des filigranes. Par cons\u00e9quent, avec l&rsquo;assistance inestimable du filigrane WooCommerce PDF, les propri\u00e9taires de magasins en ligne peuvent fortifier en toute confiance leurs produits num\u00e9riques, garantissant qu&rsquo;ils restent imperm\u00e9ables \u00e0 toute forme d&rsquo;abus abusive ou non autoris\u00e9e par des entit\u00e9s externes.<\/p>\n<ul>\n<li>Ajoute des filigranes personnalisables aux factures PDF et \u00e0 d&rsquo;autres documents g\u00e9n\u00e9r\u00e9s par WooCommerce<\/li>\n<li>Prot\u00e8ge les documents importants de la copiation ou de la reproduction sans autorisation<\/li>\n<li>Facile \u00e0 installer et \u00e0 configurer en quelques minutes<\/li>\n<li>Fonctionne de mani\u00e8re transparente avec WooCommerce et d&rsquo;autres plugins WordPress<\/li>\n<li>Permet aux utilisateurs d&rsquo;ajouter diff\u00e9rents filigranes \u00e0 diff\u00e9rents types de documents<\/li>\n<li>Prend en charge plusieurs types de filigrane, y compris le texte, les images et les logos<\/li>\n<li>Fournit des options de personnalisation de filigrane avanc\u00e9es telles que la taille, l&rsquo;opacit\u00e9 et le positionnement<\/li>\n<li>Comprend une fonctionnalit\u00e9 d&rsquo;aper\u00e7u pour aider les utilisateurs \u00e0 visualiser le produit final avant d&rsquo;appliquer le filigrane<\/li>\n<li>Compatible avec tous les principaux navigateurs et appareils Web<\/li>\n<li>Offre un support technique fiable et des mises \u00e0 jour logicielles r\u00e9guli\u00e8res<\/li>\n<\/ul>\n","protected":false},"excerpt":{"rendered":"<p>Le filigrane WooCommerce PDF est un outil incroyablement robuste et puissant qui int\u00e8gre de mani\u00e8re transparente les filigranes dans vos fichiers PDF. Ce plugin remarquable vous offre la commodit\u00e9 in\u00e9gal\u00e9e d&rsquo;int\u00e9grer sans effort des filigranes de texte ou d&rsquo;image sur chacune de vos factures PDF WooCommerce et des bornes d&#8217;emballage. Ce faisant, vous prot\u00e9gez effectivement vos pr\u00e9cieux documents \u00e0 partir de toute utilisation ou distribution non autoris\u00e9e. En bonus suppl\u00e9mentaire, ce plugin exceptionnel dispose d&rsquo;un tableau de bord remarquablement convivial qui vous permet d&rsquo;adapter m\u00e9ticuleusement les param\u00e8tres de filigrane pour s&rsquo;aligner parfaitement avec vos pr\u00e9f\u00e9rences individuelles. Ne perdez pas de temps \u00e0 l&rsquo;obtention de l&rsquo;extraordinaire filigrane PDF WooCommerce aujourd&rsquo;hui et \u00e0 la tranquillit\u00e9 de savoir que vos documents PDF pr\u00e9cieux sont impeccablement s\u00fbrs.<\/p>\n","protected":false},"featured_media":145967,"comment_status":"open","ping_status":"open","template":"","meta":[],"product_brand":[2440],"product_cat":[1183,1182,1181],"product_tag":[1398],"class_list":{"0":"post-105790","1":"product","2":"type-product","3":"status-publish","4":"has-post-thumbnail","6":"product_brand-woocommerce","7":"product_cat-administration","8":"product_cat-commerce-electronique-plugins","9":"product_cat-plugins","10":"product_tag-woocommerce","11":"member-discount","12":"discount-restricted","14":"first","15":"instock","16":"sale","17":"downloadable","18":"virtual","19":"sold-individually","20":"purchasable","21":"product-type-simple"},"_links":{"self":[{"href":"https:\/\/gpl-love.com\/fr\/wp-json\/wp\/v2\/product\/105790","targetHints":{"allow":["GET"]}}],"collection":[{"href":"https:\/\/gpl-love.com\/fr\/wp-json\/wp\/v2\/product"}],"about":[{"href":"https:\/\/gpl-love.com\/fr\/wp-json\/wp\/v2\/types\/product"}],"replies":[{"embeddable":true,"href":"https:\/\/gpl-love.com\/fr\/wp-json\/wp\/v2\/comments?post=105790"}],"wp:featuredmedia":[{"embeddable":true,"href":"https:\/\/gpl-love.com\/fr\/wp-json\/wp\/v2\/media\/145967"}],"wp:attachment":[{"href":"https:\/\/gpl-love.com\/fr\/wp-json\/wp\/v2\/media?parent=105790"}],"wp:term":[{"taxonomy":"product_brand","embeddable":true,"href":"https:\/\/gpl-love.com\/fr\/wp-json\/wp\/v2\/product_brand?post=105790"},{"taxonomy":"product_cat","embeddable":true,"href":"https:\/\/gpl-love.com\/fr\/wp-json\/wp\/v2\/product_cat?post=105790"},{"taxonomy":"product_tag","embeddable":true,"href":"https:\/\/gpl-love.com\/fr\/wp-json\/wp\/v2\/product_tag?post=105790"}],"curies":[{"name":"wp","href":"https:\/\/api.w.org\/{rel}","templated":true}]}}