{"id":105786,"date":"2025-11-30T00:00:00","date_gmt":"2025-11-29T23:00:00","guid":{"rendered":"http:\/\/gpl-love.com\/fr\/product\/woocommerce-pdf-factures\/"},"modified":"2026-03-20T23:46:48","modified_gmt":"2026-03-20T22:46:48","slug":"woocommerce-pdf-invoices","status":"publish","type":"product","link":"https:\/\/gpl-love.com\/fr\/produit\/woocommerce-pdf-invoices\/","title":{"rendered":"WooCommerce PDF Invoices 5.1.1"},"content":{"rendered":"<h3>WooCommerce PDF Invoices Traits<\/h3>\n<p>Les factures PDF WooCommerce, un outil incroyablement puissant, donne aux utilisateurs la possibilit\u00e9 de g\u00e9n\u00e9rer et de r\u00e9partir sans effort les factures au format PDF. En utilisant ce plugin, les entreprises peuvent optimiser leur processus de facturation, \u00e9conomisant simultan\u00e9ment le temps gr\u00e2ce \u00e0 l&rsquo;automatisation de la cr\u00e9ation de factures. En outre, le plugin propose une vaste gamme de mod\u00e8les personnalisables, permettant aux entreprises d&rsquo;adapter leurs factures pour r\u00e9pondre pr\u00e9cis\u00e9ment \u00e0 leurs besoins uniques. Les utilisateurs ont la capacit\u00e9 d&rsquo;incorporer leur propre logo, de personnaliser la disposition et de modifier le sch\u00e9ma de couleurs pour s&rsquo;aligner de mani\u00e8re transparente avec leur marque. De plus, le plugin fournit aux entreprises la possibilit\u00e9 de personnaliser les informations incluses de la facture, englobant l&rsquo;adresse de facturation et d&rsquo;exp\u00e9dition, les coordonn\u00e9es fiscales et les d\u00e9tails de paiement. Lorsque l&rsquo;on consid\u00e8re les facteurs susmentionn\u00e9s, il devient ind\u00e9niablement \u00e9vident que les factures PDF WooCommerce sont un outil indispensable pour toute entreprise aspirant \u00e0 rationaliser leur processus de facturation et \u00e0 am\u00e9liorer leur service client.<\/p>\n<ul>\n<li>G\u00e9n\u00e8re des factures professionnelles pour votre boutique WooCommerce<\/li>\n<li>Possibilit\u00e9 d&rsquo;ajouter des informations sur le logo et l&rsquo;entreprise personnalis\u00e9es \u00e0 la facture<\/li>\n<li>Permet la personnalisation de la disposition, de la police et des couleurs de la facture<\/li>\n<li>Envoie automatiquement la facture \u00e0 l&rsquo;e-mail du client apr\u00e8s l&rsquo;achat<\/li>\n<li>Option pour imprimer ou t\u00e9l\u00e9charger la facture sous forme de fichier PDF<\/li>\n<li>Conserve un enregistrement de toutes les factures g\u00e9n\u00e9r\u00e9es pour un acc\u00e8s et une gestion faciles<\/li>\n<li>Compatible avec plusieurs langues et devises<\/li>\n<li>Peut g\u00e9n\u00e9rer des billets de cr\u00e9dit, des factures Proforma et des feuillets d&#8217;emballage<\/li>\n<li>S&rsquo;int\u00e8gre aux passerelles de paiement populaires telles que PayPal et Stripe<\/li>\n<li>Assistance client disponible pour l&rsquo;aide et le d\u00e9pannage.<\/li>\n<\/ul>\n","protected":false},"excerpt":{"rendered":"<p>Le plugin de factures PDF WooCommerce, un outil indispensable pour les propri\u00e9taires de magasins en ligne, offre une pl\u00e9thore de fonctionnalit\u00e9s qui profitent grandement \u00e0 leur entreprise. Cet outil robuste permet aux utilisateurs de g\u00e9n\u00e9rer sans effort des factures qui poss\u00e8dent une esth\u00e9tique professionnelle et peuvent \u00eatre enti\u00e8rement personnalis\u00e9es pour s&rsquo;aligner sur l&rsquo;image de marque. Non seulement ce plugin innovant rationalise le processus de facturation en l&rsquo;automatisant, ce qui permet de gagner un temps pr\u00e9cieux, mais il \u00e9l\u00e8ve \u00e9galement l&rsquo;exp\u00e9rience client en leur fournissant une facture lucide et succincte qui peut \u00eatre comprise avec facilit\u00e9. De plus, ses fonctionnalit\u00e9s remarquables, telles que la possibilit\u00e9 d&rsquo;attribuer des num\u00e9ros de facture s\u00e9quentiels et de faciliter la livraison automatique des e-mails, la garantie de plus grande pr\u00e9cision, l&rsquo;efficacit\u00e9 et un processus de facturation sans tracas. \u00c9levez les performances de votre boutique en ligne aujourd&rsquo;hui en incorporant le plugin de factures PDF WooCommerce.<\/p>\n","protected":false},"featured_media":145962,"comment_status":"open","ping_status":"closed","template":"","meta":[],"product_brand":[2440],"product_cat":[1183,1182,1181],"product_tag":[1398],"class_list":{"0":"post-105786","1":"product","2":"type-product","3":"status-publish","4":"has-post-thumbnail","6":"product_brand-woocommerce","7":"product_cat-administration","8":"product_cat-commerce-electronique-plugins","9":"product_cat-plugins","10":"product_tag-woocommerce","11":"member-discount","12":"discount-restricted","14":"first","15":"instock","16":"sale","17":"downloadable","18":"virtual","19":"sold-individually","20":"purchasable","21":"product-type-simple"},"_links":{"self":[{"href":"https:\/\/gpl-love.com\/fr\/wp-json\/wp\/v2\/product\/105786","targetHints":{"allow":["GET"]}}],"collection":[{"href":"https:\/\/gpl-love.com\/fr\/wp-json\/wp\/v2\/product"}],"about":[{"href":"https:\/\/gpl-love.com\/fr\/wp-json\/wp\/v2\/types\/product"}],"replies":[{"embeddable":true,"href":"https:\/\/gpl-love.com\/fr\/wp-json\/wp\/v2\/comments?post=105786"}],"wp:featuredmedia":[{"embeddable":true,"href":"https:\/\/gpl-love.com\/fr\/wp-json\/wp\/v2\/media\/145962"}],"wp:attachment":[{"href":"https:\/\/gpl-love.com\/fr\/wp-json\/wp\/v2\/media?parent=105786"}],"wp:term":[{"taxonomy":"product_brand","embeddable":true,"href":"https:\/\/gpl-love.com\/fr\/wp-json\/wp\/v2\/product_brand?post=105786"},{"taxonomy":"product_cat","embeddable":true,"href":"https:\/\/gpl-love.com\/fr\/wp-json\/wp\/v2\/product_cat?post=105786"},{"taxonomy":"product_tag","embeddable":true,"href":"https:\/\/gpl-love.com\/fr\/wp-json\/wp\/v2\/product_tag?post=105786"}],"curies":[{"name":"wp","href":"https:\/\/api.w.org\/{rel}","templated":true}]}}