{"id":105784,"date":"2021-02-09T00:00:00","date_gmt":"2021-02-08T23:00:00","guid":{"rendered":"http:\/\/gpl-love.com\/fr\/product\/woocommerce-paypal-pro\/"},"modified":"2026-04-10T18:47:45","modified_gmt":"2026-04-10T16:47:45","slug":"woocommerce-paypal-pro","status":"publish","type":"product","link":"https:\/\/gpl-love.com\/fr\/produit\/woocommerce-paypal-pro\/","title":{"rendered":"WooCommerce PayPal Pro 4.5.1"},"content":{"rendered":"<h3>WooCommerce PayPal Pro Traits<\/h3>\n<p>WooCommerce PayPal Pro est une passerelle de paiement tr\u00e8s efficace qui accorde aux entreprises la capacit\u00e9 d&rsquo;accepter les paiements sur leur site Web par PayPal. Le plugin s&rsquo;int\u00e8gre de mani\u00e8re transparente \u00e0 WooCommerce, une plate-forme de commerce \u00e9lectronique renomm\u00e9e, qui permet aux entreprises de recevoir des paiements de clients en utilisant leur carte de cr\u00e9dit ou de d\u00e9bit, un compte PayPal ou un cr\u00e9dit PayPal. En utilisant WooCommerce PayPal Pro, les clients peuvent rester commod\u00e9ment sur le site Web tout au long du processus de paiement, facilitant ainsi une exp\u00e9rience de paiement plus fluide et plus comp\u00e9tente. De plus, ce plugin poss\u00e8de la capacit\u00e9 de soutenir les paiements, abonnements et pr\u00e9commandes r\u00e9currents, ce qui en fait une solution optimale pour les entreprises engag\u00e9es dans la vente de produits ou de services num\u00e9riques. De plus, WooCommerce Paypal Pro offre \u00e9galement une protection avanc\u00e9e de fraude et une s\u00e9curit\u00e9 des donn\u00e9es, inculquant ainsi un sentiment de tranquillit\u00e9 chez les clients et les commer\u00e7ants. En fin de compte, WooCommerce PayPal Pro sert de solution de paiement exceptionnellement fiable, s\u00e9curis\u00e9e et conviviale qui s&rsquo;adresse aux entreprises de toutes amplitudes.<\/p>\n<ul>\n<li>Utilise la passerelle PayPal Pro Payment dans WooCommerce, offrant un traitement de paiement rationalis\u00e9 pour les magasins en ligne<\/li>\n<li>Permet aux clients de saisir en toute s\u00e9curit\u00e9 les informations de carte de cr\u00e9dit directement sur le site Web, d&rsquo;am\u00e9liorer la commodit\u00e9 et de r\u00e9duire les obstacles \u00e0 la r\u00e9alisation des achats<\/li>\n<li>Fournit une surveillance et des rapports de transactions en temps r\u00e9el, permettant aux commer\u00e7ants de rester au courant de l&rsquo;activit\u00e9 des ventes et d&rsquo;identifier tout probl\u00e8me ou tendance<\/li>\n<li>Comprend une protection contre la fraude robuste et des outils de gestion de recharge pour minimiser les pertes et prot\u00e9ger l&rsquo;entreprise<\/li>\n<li>Prend en charge les formulaires de paiement personnalisables et les pages de paiement, y compris l&rsquo;option pour int\u00e9grer les champs de paiement dans les formulaires existants pour une exp\u00e9rience client transparente<\/li>\n<li>Offre plusieurs options de paiement, y compris les paiements r\u00e9currents et la facturation d&rsquo;abonnement, pour r\u00e9pondre aux besoins des diff\u00e9rentes entreprises et clients<\/li>\n<li>Con\u00e7u pour s&rsquo;int\u00e9grer de mani\u00e8re transparente avec WooCommerce, r\u00e9duisant le besoin de programmation suppl\u00e9mentaire ou d&rsquo;expertise technique<\/li>\n<li>Soutenu par une documentation approfondie et des ressources de soutien pour aider les commer\u00e7ants \u00e0 naviguer sur les d\u00e9fis de mise en \u0153uvre ou op\u00e9rationnels.<\/li>\n<\/ul>\n","protected":false},"excerpt":{"rendered":"<p>WooCommerce PayPal Pro, un module de traitement des paiements sp\u00e9cialement d\u00e9velopp\u00e9 pour la plate-forme WooCommerce largement utilis\u00e9e, offre une vari\u00e9t\u00e9 de fonctionnalit\u00e9s et de fonctionnalit\u00e9s. En incorporant le support PayPal Pro dans votre passerelle de paiement, vous obtenez la possibilit\u00e9 d&rsquo;accepter un \u00e9ventail de m\u00e9thodes de paiement, y compris les cartes de cr\u00e9dit, PayPal, etc. Ce module poss\u00e8de un processus de configuration convivial, garantissant une int\u00e9gration en douceur avec votre magasin WooCommerce existant, garantissant ainsi une exp\u00e9rience de traitement de paiement transparent pour vous et vos clients. De plus, il va au-del\u00e0 en facilitant les paiements r\u00e9currents, vous permettant d&rsquo;\u00e9tablir sans effort des abonnements et d&rsquo;automatiser les proc\u00e9dures de facturation pour votre pr\u00e9cieux client\u00e8le. Si vous vous trouvez \u00e0 la recherche d&rsquo;une solution de paiement simple pour votre vitrine WooCommerce, ne cherchez pas plus loin que le WooCommerce PayPal Pro exceptionnel.<\/p>\n","protected":false},"featured_media":145958,"comment_status":"open","ping_status":"open","template":"","meta":[],"product_brand":[2440],"product_cat":[1182,1401,1181],"product_tag":[1398],"class_list":{"0":"post-105784","1":"product","2":"type-product","3":"status-publish","4":"has-post-thumbnail","6":"product_brand-woocommerce","7":"product_cat-commerce-electronique-plugins","8":"product_cat-paiement-commerce-electronique-plugins","9":"product_cat-plugins","10":"product_tag-woocommerce","11":"member-discount","12":"discount-restricted","14":"first","15":"instock","16":"sale","17":"downloadable","18":"virtual","19":"sold-individually","20":"purchasable","21":"product-type-simple"},"_links":{"self":[{"href":"https:\/\/gpl-love.com\/fr\/wp-json\/wp\/v2\/product\/105784","targetHints":{"allow":["GET"]}}],"collection":[{"href":"https:\/\/gpl-love.com\/fr\/wp-json\/wp\/v2\/product"}],"about":[{"href":"https:\/\/gpl-love.com\/fr\/wp-json\/wp\/v2\/types\/product"}],"replies":[{"embeddable":true,"href":"https:\/\/gpl-love.com\/fr\/wp-json\/wp\/v2\/comments?post=105784"}],"wp:featuredmedia":[{"embeddable":true,"href":"https:\/\/gpl-love.com\/fr\/wp-json\/wp\/v2\/media\/145958"}],"wp:attachment":[{"href":"https:\/\/gpl-love.com\/fr\/wp-json\/wp\/v2\/media?parent=105784"}],"wp:term":[{"taxonomy":"product_brand","embeddable":true,"href":"https:\/\/gpl-love.com\/fr\/wp-json\/wp\/v2\/product_brand?post=105784"},{"taxonomy":"product_cat","embeddable":true,"href":"https:\/\/gpl-love.com\/fr\/wp-json\/wp\/v2\/product_cat?post=105784"},{"taxonomy":"product_tag","embeddable":true,"href":"https:\/\/gpl-love.com\/fr\/wp-json\/wp\/v2\/product_tag?post=105784"}],"curies":[{"name":"wp","href":"https:\/\/api.w.org\/{rel}","templated":true}]}}