{"id":105782,"date":"2026-02-24T00:00:00","date_gmt":"2026-02-23T23:00:00","guid":{"rendered":"http:\/\/gpl-love.com\/fr\/product\/woocommerce-order-manager-status\/"},"modified":"2026-04-10T18:47:37","modified_gmt":"2026-04-10T16:47:37","slug":"woocommerce-order-status-manager","status":"publish","type":"product","link":"https:\/\/gpl-love.com\/fr\/produit\/woocommerce-order-status-manager\/","title":{"rendered":"woocommerce Order Status Manager 1.15.7"},"content":{"rendered":"<h3>woocommerce Order Status Manager Traits<\/h3>\n<p>Le WooCommerce Order Status Manager est un outil incroyablement puissant et efficace qui sert d&rsquo;atout pr\u00e9cieux aux fournisseurs en ligne qui cherchent \u00e0 rationaliser leurs op\u00e9rations et \u00e0 fournir un service client de premier ordre. Ce plugin poss\u00e8de la capacit\u00e9 impressionnante pour cr\u00e9er des statuts de commande personnalis\u00e9s qui s&rsquo;alignent de mani\u00e8re transparente avec le flux de travail unique de votre entreprise, tout en automatisant les mises \u00e0 jour de l&rsquo;\u00e9tat des commandes avec pr\u00e9cision et facilit\u00e9. En utilisant le gestionnaire de statut de commande WooCommerce, les fournisseurs ont la capacit\u00e9 remarquable de garder leurs pr\u00e9cieux clients bien inform\u00e9s en ce qui concerne les progr\u00e8s de leurs commandes, tous accomplis dans une seule plate-forme centralis\u00e9e. Ce plugin robuste et riche en fonctionnalit\u00e9s facilite en outre la gestion et le suivi des commandes, garantissant que ces t\u00e2ches sont ex\u00e9cut\u00e9es sans effort. De plus, les attributs personnalisables du WooCommerce Order Status Manager permettent aux fournisseurs de r\u00e9daction de cr\u00e9er des messages de statut de commande sur mesure qui s&rsquo;alignent harmonieusement avec les besoins et les objectifs sp\u00e9cifiques de leur entreprise. De toute \u00e9vidence, le WooCommerce Order Status Manager est un outil indispensable pour les fournisseurs en ligne d\u00e9sireux d&rsquo;\u00e9lever l&rsquo;exp\u00e9rience globale de leurs clients, de g\u00e9rer efficacement leurs commandes avec la plus grande efficacit\u00e9 et de simplifier leur flux de travail global de mani\u00e8re transparente.<\/p>\n<ul>\n<li>G\u00e9rer sans effort les statuts de commande dans votre boutique WooCommerce<\/li>\n<li>Personnalisez les statuts de votre commande pour r\u00e9pondre aux besoins de votre entreprise<\/li>\n<li>Gardez une trace des commandes du paiement \u00e0 la livraison<\/li>\n<li>Filtrer et rechercher facilement les commandes en fonction de leur statut<\/li>\n<li>D\u00e9clencher automatiquement des actions ou envoyer des notifications en fonction des modifications de l&rsquo;\u00e9tat de la commande<\/li>\n<li>Am\u00e9liorer la communication client en fournissant des mises \u00e0 jour de commande en temps r\u00e9el<\/li>\n<li>Rationalisez votre processus de r\u00e9alisation de la commande<\/li>\n<li>R\u00e9duisez les erreurs et les retards en gardant des informations claires et pr\u00e9cises sur l&rsquo;\u00e9tat de la commande<\/li>\n<li>Suivre et surveiller facilement la progression de chaque commande<\/li>\n<li>Compatible avec une large gamme d&rsquo;extensions et de plugins WooCommerce<\/li>\n<\/ul>\n","protected":false},"excerpt":{"rendered":"<p>Le WooCommerce Order Status Manager est un outil extr\u00eamement robuste et efficace m\u00e9ticuleusement con\u00e7u pour faciliter la simplification et la rationalisation de votre processus de gestion des commandes d&rsquo;une mani\u00e8re sans effort sans faille. En utilisant ce plugin remarquablement ing\u00e9nieux, vous \u00eates autoris\u00e9 \u00e0 g\u00e9n\u00e9rer et \u00e0 superviser sans effort les statuts de commande personnalis\u00e9s, \u00e0 automatiser la d\u00e9p\u00f4t des notifications par e-mail \u00e0 vos pr\u00e9cieuses clients, et m\u00eame \u00e0 \u00e9tablir des modifications de statut de commande automatique pr\u00e9diqu\u00e9es sur des conditions tr\u00e8s sp\u00e9cifiques et individualis\u00e9es. Que vous soyez exploit\u00e9 une boutique en ligne diminutive ou un site de commerce \u00e9lectronique colossal aux proportions monumentales, le gestionnaire de statut d&rsquo;ordre de WooCommerce est gratuitement \u00e0 votre disposition, vous aidant avec diligence \u00e0 maintenir un sentiment d&rsquo;organisation sup\u00e9rieure tout en optimisant simultan\u00e9ment votre pr\u00e9cieuse temps.<\/p>\n","protected":false},"featured_media":145945,"comment_status":"open","ping_status":"closed","template":"","meta":[],"product_brand":[2440],"product_cat":[1183,1182,1181],"product_tag":[1398],"class_list":{"0":"post-105782","1":"product","2":"type-product","3":"status-publish","4":"has-post-thumbnail","6":"product_brand-woocommerce","7":"product_cat-administration","8":"product_cat-commerce-electronique-plugins","9":"product_cat-plugins","10":"product_tag-woocommerce","11":"member-discount","12":"discount-restricted","14":"first","15":"instock","16":"sale","17":"downloadable","18":"virtual","19":"sold-individually","20":"purchasable","21":"product-type-simple"},"_links":{"self":[{"href":"https:\/\/gpl-love.com\/fr\/wp-json\/wp\/v2\/product\/105782","targetHints":{"allow":["GET"]}}],"collection":[{"href":"https:\/\/gpl-love.com\/fr\/wp-json\/wp\/v2\/product"}],"about":[{"href":"https:\/\/gpl-love.com\/fr\/wp-json\/wp\/v2\/types\/product"}],"replies":[{"embeddable":true,"href":"https:\/\/gpl-love.com\/fr\/wp-json\/wp\/v2\/comments?post=105782"}],"wp:featuredmedia":[{"embeddable":true,"href":"https:\/\/gpl-love.com\/fr\/wp-json\/wp\/v2\/media\/145945"}],"wp:attachment":[{"href":"https:\/\/gpl-love.com\/fr\/wp-json\/wp\/v2\/media?parent=105782"}],"wp:term":[{"taxonomy":"product_brand","embeddable":true,"href":"https:\/\/gpl-love.com\/fr\/wp-json\/wp\/v2\/product_brand?post=105782"},{"taxonomy":"product_cat","embeddable":true,"href":"https:\/\/gpl-love.com\/fr\/wp-json\/wp\/v2\/product_cat?post=105782"},{"taxonomy":"product_tag","embeddable":true,"href":"https:\/\/gpl-love.com\/fr\/wp-json\/wp\/v2\/product_tag?post=105782"}],"curies":[{"name":"wp","href":"https:\/\/api.w.org\/{rel}","templated":true}]}}