{"id":105780,"date":"2024-09-27T00:00:00","date_gmt":"2024-09-26T22:00:00","guid":{"rendered":"http:\/\/gpl-love.com\/fr\/product\/woocommerce-opayo-formellement-sagepay\/"},"modified":"2026-04-10T18:47:33","modified_gmt":"2026-04-10T16:47:33","slug":"woocommerce-opayo-formally-sagepay","status":"publish","type":"product","link":"https:\/\/gpl-love.com\/fr\/produit\/woocommerce-opayo-formally-sagepay\/","title":{"rendered":"WooCommerce Opayo (formally SagePay) 5.16.1"},"content":{"rendered":"<h3>WooCommerce Opayo (formally SagePay) Traits<\/h3>\n<p>WooCommerce Opayo, anciennement connu sous le nom de Sagepay, offre aux entreprises une plate-forme de paiement en ligne qui leur permet de recevoir des paiements en toute s\u00e9curit\u00e9 des clients. En tirant parti de WooCommerce Opayo, les entreprises peuvent sans effort accepter les paiements \u00e0 partir d&rsquo;un \u00e9ventail diversifi\u00e9 de sources, englobant les cartes de d\u00e9bit et de cr\u00e9dit, PayPal, ainsi qu&rsquo;Apple Pay. Notamment, ce syst\u00e8me poss\u00e8de une convivialit\u00e9 inn\u00e9e et s&rsquo;int\u00e8gre parfaitement \u00e0 WooCommerce, facilitant ainsi la gestion transparente des paiements en ligne pour les entreprises. De plus, WooCommerce Opayo poss\u00e8de des fonctionnalit\u00e9s de s\u00e9curit\u00e9 exceptionnelles telles que 3D Secure Authentication, qui prot\u00e8ge avec diligence les int\u00e9r\u00eats de l&rsquo;entit\u00e9 commerciale et de ses pr\u00e9cieux clients. Compte tenu de sa fiabilit\u00e9 in\u00e9branlable et de ses capacit\u00e9s de traitement des paiements exp\u00e9dient, WooCommerce Opayo appara\u00eet comme le choix par excellence pour toute entreprise exigeante qui cherche \u00e0 optimiser et \u00e0 rationaliser leur syst\u00e8me de paiement en ligne.<\/p>\n<ul>\n<li>Solution de paiement s\u00e9curis\u00e9e pour les magasins WooCommerce \u00e0 l&rsquo;aide d&rsquo;une passerelle d&rsquo;Opayo (anciennement SagePay)<\/li>\n<li>S&rsquo;int\u00e8gre parfaitement \u00e0 WooCommerce pour offrir une exp\u00e9rience de paiement conviviale<\/li>\n<li>Chiffre les informations sur la carte de cr\u00e9dit pour une protection am\u00e9lior\u00e9e de s\u00e9curit\u00e9 et de fraude<\/li>\n<li>Offre une gamme d&rsquo;options de paiement, y compris les cartes de cr\u00e9dit \/ d\u00e9bit, PayPal et plus<\/li>\n<li>Prend en charge les paiements r\u00e9currents pour les entreprises bas\u00e9es sur l&rsquo;abonnement<\/li>\n<li>Fournit des rapports de vente et l&rsquo;historique des transactions \u00e0 des fins de gestion des stocks et de comptabilit\u00e9<\/li>\n<li>Option pour permettre aux clients d&rsquo;\u00e9conomiser leurs informations de paiement pour les achats futurs<\/li>\n<li>S&rsquo;int\u00e8gre \u00e0 la 3D s\u00e9curis\u00e9e pour une s\u00e9curit\u00e9 suppl\u00e9mentaire lors des transactions en ligne<\/li>\n<li>Acc\u00e8s au service client d&rsquo;Opayo et \u00e0 la prise en charge technique pour la r\u00e9solution de tout probl\u00e8me de traitement des paiements.<\/li>\n<li>Conforme \u00e0 PCI DSS (Norme de s\u00e9curit\u00e9 des donn\u00e9es de l&rsquo;industrie des cartes de paiement) pour garantir que les donn\u00e9es commerciales et clients sont compl\u00e8tement s\u00e9curis\u00e9es.<\/li>\n<\/ul>\n","protected":false},"excerpt":{"rendered":"<p>WooCommerce Opayo, anciennement reconnu comme Sagepay, est un plugin de passerelle de paiement tr\u00e8s efficace m\u00e9ticuleusement con\u00e7u pour WooCommerce. Ce plugin remarquable vous permet de recevoir sans effort et en toute s\u00e9curit\u00e9 les paiements en ligne de cartes de cr\u00e9dit et de d\u00e9bit importantes. En utilisant WooCommerce Opayo, vous pouvez traiter de mani\u00e8re transparente les paiements avec la plus grande vitesse et la plus grande fiabilit\u00e9, diminuant ainsi la possibilit\u00e9 de transactions trompeuses et garantissant la conformit\u00e9 continue de votre boutique en ligne avec les normes PCI-DSS. Que vous vous lanciez dans une nouvelle entreprise ou que vous visiez \u00e0 optimiser vos proc\u00e9dures de paiement, WooCommerce Opayo appara\u00eet comme le rem\u00e8de id\u00e9al pour tout site Web WordPress, offrant une exp\u00e9rience de paiement in\u00e9gal\u00e9e pour vous et vos pr\u00e9cieux clients.<\/p>\n","protected":false},"featured_media":145939,"comment_status":"open","ping_status":"closed","template":"","meta":[],"product_brand":[2440],"product_cat":[1182,1401,1181],"product_tag":[1398],"class_list":{"0":"post-105780","1":"product","2":"type-product","3":"status-publish","4":"has-post-thumbnail","6":"product_brand-woocommerce","7":"product_cat-commerce-electronique-plugins","8":"product_cat-paiement-commerce-electronique-plugins","9":"product_cat-plugins","10":"product_tag-woocommerce","11":"member-discount","12":"discount-restricted","14":"first","15":"instock","16":"sale","17":"downloadable","18":"virtual","19":"sold-individually","20":"purchasable","21":"product-type-simple"},"_links":{"self":[{"href":"https:\/\/gpl-love.com\/fr\/wp-json\/wp\/v2\/product\/105780","targetHints":{"allow":["GET"]}}],"collection":[{"href":"https:\/\/gpl-love.com\/fr\/wp-json\/wp\/v2\/product"}],"about":[{"href":"https:\/\/gpl-love.com\/fr\/wp-json\/wp\/v2\/types\/product"}],"replies":[{"embeddable":true,"href":"https:\/\/gpl-love.com\/fr\/wp-json\/wp\/v2\/comments?post=105780"}],"wp:featuredmedia":[{"embeddable":true,"href":"https:\/\/gpl-love.com\/fr\/wp-json\/wp\/v2\/media\/145939"}],"wp:attachment":[{"href":"https:\/\/gpl-love.com\/fr\/wp-json\/wp\/v2\/media?parent=105780"}],"wp:term":[{"taxonomy":"product_brand","embeddable":true,"href":"https:\/\/gpl-love.com\/fr\/wp-json\/wp\/v2\/product_brand?post=105780"},{"taxonomy":"product_cat","embeddable":true,"href":"https:\/\/gpl-love.com\/fr\/wp-json\/wp\/v2\/product_cat?post=105780"},{"taxonomy":"product_tag","embeddable":true,"href":"https:\/\/gpl-love.com\/fr\/wp-json\/wp\/v2\/product_tag?post=105780"}],"curies":[{"name":"wp","href":"https:\/\/api.w.org\/{rel}","templated":true}]}}